{"id":19002,"date":"2026-03-29T15:55:25","date_gmt":"2026-03-29T14:55:25","guid":{"rendered":"https:\/\/bigbuy.tupique.com\/produto\/access-point-hpe-r8m98a-white\/"},"modified":"2026-04-15T01:25:51","modified_gmt":"2026-04-15T00:25:51","slug":"access-point-hpe-r8m98a-white","status":"publish","type":"product","link":"https:\/\/bigbuy.tupique.com\/pt\/produto\/access-point-hpe-r8m98a-white\/","title":{"rendered":"Point d&#8217;Acc\u00e8s HPE R8M98A Blanc"},"content":{"rendered":"<p>Si vous \u00eates passionn\u00e9 d&#8217;<b>informatique et d&#8217;\u00e9lectronique<\/b>, si vous \u00eates \u00e0 la pointe de la technologie et qu&#8217;aucun d\u00e9tail ne vous \u00e9chappe, achetez <b>Point d&#8217;Acc\u00e8s HPE R8M98A Blanc<\/b> au meilleur prix.<\/p>\n<p>Le <b>point d\u2019acc\u00e8s<\/b> <b>HPE R8M98A<\/b> de la marque reconnue HPE fait partie de la s\u00e9rie 503 des points d\u2019acc\u00e8s campus d\u2019Aruba Networking, con\u00e7ue pour offrir une connectivit\u00e9 Wi-Fi 6 avanc\u00e9e et s\u00e9curis\u00e9e dans les environnements professionnels et \u00e9ducatifs. Il pr\u00e9sente un design compact et fonctionnel de couleur <b>blanche<\/b> avec des dimensions d\u2019environ <b>145 mm<\/b>, facilitant son installation en divers emplacements. Cet appareil supporte la double bande sans fil <b>2,4 GHz et 5 GHz<\/b>, atteignant une vitesse maximale combin\u00e9e rentable jusqu\u2019\u00e0 <b>1,49 Gbps<\/b>, gr\u00e2ce \u00e0 la norme <b>802.11ax (Wi-Fi 6)<\/b> qui int\u00e8gre des technologies avanc\u00e9es comme <b>OFDMA<\/b> pour optimiser l\u2019efficacit\u00e9 en environnements multi-utilisateurs. Son interface physique comprend un port <b>RJ45<\/b> pour connexion filaire avec alimentation via <b>PoE (Power over Ethernet)<\/b>, simplifiant l\u2019installation sans source d\u2019alimentation suppl\u00e9mentaire, ainsi qu\u2019un port <b>USB 2.0<\/b>. Le point d\u2019acc\u00e8s utilise une prise conforme \u00e0 la norme europ\u00e9enne <b>(EU plug)<\/b>. C\u00f4t\u00e9 s\u00e9curit\u00e9, il prend en charge des standards robustes tels que <b>WPA3, WPA2 et WPA<\/b>, et offre des fonctions de segmentation dynamique et pare-feu avec application automatique des politiques sur r\u00e9seaux sans fil et filaires, renfor\u00e7ant la protection des appareils et utilisateurs contre les acc\u00e8s non autoris\u00e9s et menaces potentielles. Ce mod\u00e8le est g\u00e9r\u00e9 via la plateforme <b>HPE Aruba Networking Central<\/b>, aliment\u00e9e par intelligence artificielle pour une administration flexible et efficace, id\u00e9ale pour les d\u00e9ploiements sur campus et grandes installations. Il est aussi disponible en packs \u00e9cologiques de 10 unit\u00e9s, adapt\u00e9s aux d\u00e9ploiements \u00e0 grande \u00e9chelle avec une approche durable. La combinaison de sa norme avanc\u00e9e, vitesse, s\u00e9curit\u00e9 int\u00e9gr\u00e9e et gestion centralis\u00e9e fait du <b>HPE Aruba Networking AP-503-RW<\/b> une solution adapt\u00e9e aux organisations n\u00e9cessitant un r\u00e9seau sans fil fiable, s\u00e9curis\u00e9 et pr\u00eat pour l\u2019avenir.<\/p>\n<ul>\n<li>Produit \u00e0 brancher: Oui<\/li>\n<li>Type de prise: Prise EU<\/li>\n<li>Type: Point d&#8217;Acc\u00e8s<\/li>\n<li>Bloc d\u2019Alimentation: r\u00e9seau \u00e9lectrique<\/li>\n<li>Couleur: Blanc<\/li>\n<li>Connexions:\n<ul>\n<li>USB 2.0<\/li>\n<li>RJ45<\/li>\n<li>PoE x 1<\/li>\n<\/ul>\n<\/li>\n<\/ul>","protected":false},"excerpt":{"rendered":"<p>Si vous \u00eates passionn\u00e9 d&#8217;informatique et d&#8217;\u00e9lectronique, si vous \u00eates \u00e0 la pointe de la technologie et qu&#8217;aucun d\u00e9tail ne vous \u00e9chappe, achetez Point d&#8217;Acc\u00e8s HPE R8M98A Blanc au meilleur prix. Le point d\u2019acc\u00e8s HPE R8M98A de la marque reconnue HPE fait partie de la s\u00e9rie 503 des points d\u2019acc\u00e8s campus d\u2019Aruba Networking, con\u00e7ue pour [&hellip;]<\/p>\n","protected":false},"featured_media":19001,"comment_status":"open","ping_status":"closed","template":"","meta":[],"product_brand":[644],"product_cat":[65,584,591],"product_tag":[104,106],"class_list":{"0":"post-19002","1":"product","2":"type-product","3":"status-publish","4":"has-post-thumbnail","6":"product_brand-brandp_662","7":"product_cat-informatique-electronique","8":"product_cat-informatique-reseaux-et-composants","9":"product_cat-points-d-acces","10":"product_tag-tag_1279","11":"product_tag-tag_1295","13":"first","14":"instock","15":"taxable","16":"shipping-taxable","17":"purchasable","18":"product-type-simple"},"_links":{"self":[{"href":"https:\/\/bigbuy.tupique.com\/pt\/wp-json\/wp\/v2\/product\/19002","targetHints":{"allow":["GET"]}}],"collection":[{"href":"https:\/\/bigbuy.tupique.com\/pt\/wp-json\/wp\/v2\/product"}],"about":[{"href":"https:\/\/bigbuy.tupique.com\/pt\/wp-json\/wp\/v2\/types\/product"}],"replies":[{"embeddable":true,"href":"https:\/\/bigbuy.tupique.com\/pt\/wp-json\/wp\/v2\/comments?post=19002"}],"wp:featuredmedia":[{"embeddable":true,"href":"https:\/\/bigbuy.tupique.com\/pt\/wp-json\/wp\/v2\/media\/19001"}],"wp:attachment":[{"href":"https:\/\/bigbuy.tupique.com\/pt\/wp-json\/wp\/v2\/media?parent=19002"}],"wp:term":[{"taxonomy":"product_brand","embeddable":true,"href":"https:\/\/bigbuy.tupique.com\/pt\/wp-json\/wp\/v2\/product_brand?post=19002"},{"taxonomy":"product_cat","embeddable":true,"href":"https:\/\/bigbuy.tupique.com\/pt\/wp-json\/wp\/v2\/product_cat?post=19002"},{"taxonomy":"product_tag","embeddable":true,"href":"https:\/\/bigbuy.tupique.com\/pt\/wp-json\/wp\/v2\/product_tag?post=19002"}],"curies":[{"name":"wp","href":"https:\/\/api.w.org\/{rel}","templated":true}]}}