{"id":18902,"date":"2026-03-29T15:43:09","date_gmt":"2026-03-29T14:43:09","guid":{"rendered":"https:\/\/bigbuy.tupique.com\/produto\/uninterruptible-power-supply-system-interactive-ups-apc-srv6ki-6000-w\/"},"modified":"2026-04-16T07:59:49","modified_gmt":"2026-04-16T06:59:49","slug":"uninterruptible-power-supply-system-interactive-ups-apc-srv6ki-6000-w","status":"publish","type":"product","link":"https:\/\/bigbuy.tupique.com\/pt\/produto\/uninterruptible-power-supply-system-interactive-ups-apc-srv6ki-6000-w\/","title":{"rendered":"Syst\u00e8me d&#8217;Alimentation Sans Interruption Interactif APC SRV6KI 6000 W"},"content":{"rendered":"<p>Si vous \u00eates passionn\u00e9 d&#8217;<b>informatique et d&#8217;\u00e9lectronique<\/b>, si vous \u00eates \u00e0 la pointe de la technologie et qu&#8217;aucun d\u00e9tail ne vous \u00e9chappe, achetez <b>Syst\u00e8me d&#8217;Alimentation Sans Interruption Interactif APC SRV6KI 6000 W<\/b> au meilleur prix.<\/p>\n<p>Le <b>SAI interactif SRV6KI<\/b> de <b>APC<\/b> est un syst\u00e8me d\u2019alimentation sans coupure con\u00e7u pour prot\u00e9ger les \u00e9quipements \u00e9lectroniques critiques gr\u00e2ce \u00e0 une topologie de <b>UPS \u00e0 double conversion en ligne<\/b>, garantissant une alimentation stable et continue. Il offre une puissance de sortie de <b>6000 W<\/b> et <b>6 kVA<\/b>, adapt\u00e9e aux environnements n\u00e9cessitant une haute fiabilit\u00e9 \u00e9nerg\u00e9tique. Son <b>format tour<\/b> en couleur <b>noir<\/b> facilite son int\u00e9gration dans les bureaux ou centres de donn\u00e9es avec des configurations verticales. L\u2019appareil dispose d\u2019une sortie AC avec connexion <b>Hard Wire 3 fils (1P + N + E)<\/b>, permettant une installation directe et s\u00e9curis\u00e9e au r\u00e9seau \u00e9lectrique du b\u00e2timent, tandis que l\u2019interface de communication se fait par <b>RS-232<\/b> et <b>USB<\/b>, facilitant la surveillance et la gestion depuis des ordinateurs ou syst\u00e8mes de contr\u00f4le. Il est \u00e9quip\u00e9 d\u2019une batterie d\u2019une capacit\u00e9 combin\u00e9e de <b>192 VAh<\/b> avec des cellules de <b>12 V<\/b> et <b>7 Ah<\/b>, assurant une autonomie suffisante pour maintenir la continuit\u00e9 en cas de coupure. Le dispositif int\u00e8gre un <b>affichage LCD<\/b> qui montre en temps r\u00e9el l\u2019\u00e9tat de l\u2019unit\u00e9 et les conditions \u00e9lectriques, permettant une utilisation simple et visuelle. Le pack inclut les c\u00e2bles n\u00e9cessaires \u00e0 l\u2019installation : alimentation entr\u00e9e, sortie, RS-232 et USB, facilitant sa mise en service imm\u00e9diate. Ce mod\u00e8le allie robustesse et technologie avanc\u00e9e pour garantir la protection et la stabilit\u00e9 \u00e9nerg\u00e9tique des syst\u00e8mes connect\u00e9s, particuli\u00e8rement recommand\u00e9 pour des applications professionnelles exigeant une \u00e9nergie propre et ininterrompue. Dans l\u2019ensemble, le <b>APC SRV6KI<\/b> se positionne comme une solution fiable et efficace dans la cat\u00e9gorie des <b>SAI interactifs haute capacit\u00e9<\/b> pour usage professionnel et entreprise.<\/p>\n<ul>\n<li>Technologie: LCD<\/li>\n<li>Produit \u00e0 brancher: Oui<\/li>\n<li>Type de prise: Prise EU<\/li>\n<li>Connexions:\n<ul>\n<li>RS-232<\/li>\n<li>USB 2.0<\/li>\n<li>USB<\/li>\n<li>RJ45<\/li>\n<\/ul>\n<\/li>\n<li>Type:\n<ul>\n<li>Tour<\/li>\n<li>Syst\u00e8me d&#8217;Alimentation Sans Interruption Interactif<\/li>\n<\/ul>\n<\/li>\n<li>Bloc d\u2019Alimentation: r\u00e9seau \u00e9lectrique<\/li>\n<li>Couleur: Noir<\/li>\n<li>Largeur: 190 mm<\/li>\n<li>Capacit\u00e9 de la batterie: 7 Ah<\/li>\n<li>Tension:\n<ul>\n<li>300 V<\/li>\n<li>12 V<\/li>\n<li>220 V<\/li>\n<li>110 V<\/li>\n<\/ul>\n<\/li>\n<li>Fr\u00e9quence: 50\/60 Hz<\/li>\n<li>Ann\u00e9e: 2018<\/li>\n<li>Tension de sortie: 240 V<\/li>\n<li>puissance: 6000 W<\/li>\n<li>Facteur de forme: Tower<\/li>\n<li>\u00c9lev\u00e9: 68,5 cm<\/li>\n<\/ul>","protected":false},"excerpt":{"rendered":"<p>Si vous \u00eates passionn\u00e9 d&#8217;informatique et d&#8217;\u00e9lectronique, si vous \u00eates \u00e0 la pointe de la technologie et qu&#8217;aucun d\u00e9tail ne vous \u00e9chappe, achetez Syst\u00e8me d&#8217;Alimentation Sans Interruption Interactif APC SRV6KI 6000 W au meilleur prix. Le SAI interactif SRV6KI de APC est un syst\u00e8me d\u2019alimentation sans coupure con\u00e7u pour prot\u00e9ger les \u00e9quipements \u00e9lectroniques critiques gr\u00e2ce [&hellip;]<\/p>\n","protected":false},"featured_media":18900,"comment_status":"open","ping_status":"closed","template":"","meta":[],"product_brand":[649],"product_cat":[65,581,603],"product_tag":[106],"class_list":{"0":"post-18902","1":"product","2":"type-product","3":"status-publish","4":"has-post-thumbnail","6":"product_brand-brandp_532","7":"product_cat-informatique-electronique","8":"product_cat-informatique-peripheriques-et-consommables","9":"product_cat-ups","10":"product_tag-tag_1295","12":"first","13":"instock","14":"taxable","15":"shipping-taxable","16":"purchasable","17":"product-type-simple"},"_links":{"self":[{"href":"https:\/\/bigbuy.tupique.com\/pt\/wp-json\/wp\/v2\/product\/18902","targetHints":{"allow":["GET"]}}],"collection":[{"href":"https:\/\/bigbuy.tupique.com\/pt\/wp-json\/wp\/v2\/product"}],"about":[{"href":"https:\/\/bigbuy.tupique.com\/pt\/wp-json\/wp\/v2\/types\/product"}],"replies":[{"embeddable":true,"href":"https:\/\/bigbuy.tupique.com\/pt\/wp-json\/wp\/v2\/comments?post=18902"}],"wp:featuredmedia":[{"embeddable":true,"href":"https:\/\/bigbuy.tupique.com\/pt\/wp-json\/wp\/v2\/media\/18900"}],"wp:attachment":[{"href":"https:\/\/bigbuy.tupique.com\/pt\/wp-json\/wp\/v2\/media?parent=18902"}],"wp:term":[{"taxonomy":"product_brand","embeddable":true,"href":"https:\/\/bigbuy.tupique.com\/pt\/wp-json\/wp\/v2\/product_brand?post=18902"},{"taxonomy":"product_cat","embeddable":true,"href":"https:\/\/bigbuy.tupique.com\/pt\/wp-json\/wp\/v2\/product_cat?post=18902"},{"taxonomy":"product_tag","embeddable":true,"href":"https:\/\/bigbuy.tupique.com\/pt\/wp-json\/wp\/v2\/product_tag?post=18902"}],"curies":[{"name":"wp","href":"https:\/\/api.w.org\/{rel}","templated":true}]}}