{"id":18897,"date":"2026-03-29T15:43:04","date_gmt":"2026-03-29T14:43:04","guid":{"rendered":"https:\/\/bigbuy.tupique.com\/produto\/induction-hot-plate-candy-33803265-60-cm\/"},"modified":"2026-05-11T20:02:49","modified_gmt":"2026-05-11T18:02:49","slug":"induction-hot-plate-candy-33803265-60-cm","status":"publish","type":"product","link":"https:\/\/bigbuy.tupique.com\/pt\/produto\/induction-hot-plate-candy-33803265-60-cm\/","title":{"rendered":"Plaque \u00e0 Induction Candy 33803265 60 cm"},"content":{"rendered":"<p>Si vous pensez r\u00e9nover votre cuisine, achetez <b>Plaque \u00e0 Induction Candy 33803265 60 cm<\/b> et d\u00b4autres <b>produits Candy<\/b> !<\/p>\n<p>La <b>plaque \u00e0 induction CI642CBB<\/b> de <b>Candy<\/b> est un appareil con\u00e7u pour offrir efficacit\u00e9 et pr\u00e9cision en cuisine gr\u00e2ce \u00e0 ses <b>quatre zones de cuisson<\/b>, permettant de pr\u00e9parer plusieurs plats simultan\u00e9ment avec un contr\u00f4le individuel. Avec des dimensions d\u2019environ <b>60 cm de largeur<\/b> et une finition <b>noire<\/b> \u00e9l\u00e9gante et moderne, cette plaque s\u2019adapte parfaitement aux cuisines de taille moyenne, offrant un design sobre et fonctionnel. Sa technologie \u00e0 induction assure un chauffage rapide et s\u00fbr, car elle chauffe uniquement le r\u00e9cipient en contact avec la plaque, r\u00e9duisant la consommation d\u2019\u00e9nergie et am\u00e9liorant la s\u00e9curit\u00e9 \u00e0 domicile. Parmi ses fonctions, on trouve un <b>minuteur int\u00e9gr\u00e9<\/b> qui facilite la gestion du temps de cuisson pour chaque zone, offrant plus de pr\u00e9cision et de confort lors de la pr\u00e9paration. De plus, le mod\u00e8le p\u00e8se environ <b>11 kg<\/b>, t\u00e9moignant d\u2019une structure robuste et stable, et pr\u00e9sente des zones de cuisson rondes id\u00e9ales pour tout type de r\u00e9cipient. La plaque \u00e0 induction CI642CBB combine ainsi design, technologie et fonctionnalit\u00e9, pens\u00e9e pour les utilisateurs recherchant des produits pratiques et efficaces en cuisine. C\u2019est une solution adapt\u00e9e \u00e0 ceux qui exigent un contr\u00f4le pr\u00e9cis du processus culinaire sans renoncer \u00e0 un style contemporain et compact.<\/p>\n<ul>\n<li>Produit \u00e0 brancher: Oui<\/li>\n<li>Type de prise: Prise EU<\/li>\n<li>Bloc d\u2019Alimentation: r\u00e9seau \u00e9lectrique<\/li>\n<li>Couleur:\n<ul>\n<li>Noir<\/li>\n<li>noir<\/li>\n<\/ul>\n<\/li>\n<li>Largeur:\n<ul>\n<li>60 cm<\/li>\n<li>59 cm<\/li>\n<li>69 cm<\/li>\n<\/ul>\n<\/li>\n<li>Profondeur: 52 cm<\/li>\n<li>Zones de cuisson: 4<\/li>\n<li>Longueur du c\u00e2ble: 100 cm<\/li>\n<li>Poids approx.:\n<ul>\n<li>12 kg<\/li>\n<li>11 Kg<\/li>\n<\/ul>\n<\/li>\n<li>Type:\n<ul>\n<li>Plaque \u00e0 Induction<\/li>\n<li>Int\u00e9gr\u00e9<\/li>\n<\/ul>\n<\/li>\n<li>Fonctions: Minuterie<\/li>\n<li>Forme: Rond<\/li>\n<li>Type de commande: Tactile<\/li>\n<li>Tension: 220-240 V<\/li>\n<li>Long: 52 cm<\/li>\n<\/ul>","protected":false},"excerpt":{"rendered":"<p>Si vous pensez r\u00e9nover votre cuisine, achetez Plaque \u00e0 Induction Candy 33803265 60 cm et d\u00b4autres produits Candy ! La plaque \u00e0 induction CI642CBB de Candy est un appareil con\u00e7u pour offrir efficacit\u00e9 et pr\u00e9cision en cuisine gr\u00e2ce \u00e0 ses quatre zones de cuisson, permettant de pr\u00e9parer plusieurs plats simultan\u00e9ment avec un contr\u00f4le individuel. Avec [&hellip;]<\/p>\n","protected":false},"featured_media":18891,"comment_status":"open","ping_status":"closed","template":"","meta":[],"product_brand":[995],"product_cat":[60,77,78],"product_tag":[55,59,56],"class_list":{"0":"post-18897","1":"product","2":"type-product","3":"status-publish","4":"has-post-thumbnail","6":"product_brand-brandp_1688","7":"product_cat-cuisine-gourmet","8":"product_cat-petit-electromenager","9":"product_cat-plaques-de-cuisson","10":"product_tag-tag_926","11":"product_tag-tag_1304","12":"product_tag-tag_930","14":"first","15":"instock","16":"taxable","17":"shipping-taxable","18":"purchasable","19":"product-type-simple"},"_links":{"self":[{"href":"https:\/\/bigbuy.tupique.com\/pt\/wp-json\/wp\/v2\/product\/18897","targetHints":{"allow":["GET"]}}],"collection":[{"href":"https:\/\/bigbuy.tupique.com\/pt\/wp-json\/wp\/v2\/product"}],"about":[{"href":"https:\/\/bigbuy.tupique.com\/pt\/wp-json\/wp\/v2\/types\/product"}],"replies":[{"embeddable":true,"href":"https:\/\/bigbuy.tupique.com\/pt\/wp-json\/wp\/v2\/comments?post=18897"}],"wp:featuredmedia":[{"embeddable":true,"href":"https:\/\/bigbuy.tupique.com\/pt\/wp-json\/wp\/v2\/media\/18891"}],"wp:attachment":[{"href":"https:\/\/bigbuy.tupique.com\/pt\/wp-json\/wp\/v2\/media?parent=18897"}],"wp:term":[{"taxonomy":"product_brand","embeddable":true,"href":"https:\/\/bigbuy.tupique.com\/pt\/wp-json\/wp\/v2\/product_brand?post=18897"},{"taxonomy":"product_cat","embeddable":true,"href":"https:\/\/bigbuy.tupique.com\/pt\/wp-json\/wp\/v2\/product_cat?post=18897"},{"taxonomy":"product_tag","embeddable":true,"href":"https:\/\/bigbuy.tupique.com\/pt\/wp-json\/wp\/v2\/product_tag?post=18897"}],"curies":[{"name":"wp","href":"https:\/\/api.w.org\/{rel}","templated":true}]}}