{"id":18890,"date":"2026-03-29T15:42:55","date_gmt":"2026-03-29T14:42:55","guid":{"rendered":"https:\/\/bigbuy.tupique.com\/produto\/interactive-ups-apc-smv750cai\/"},"modified":"2026-04-16T08:14:52","modified_gmt":"2026-04-16T07:14:52","slug":"interactive-ups-apc-smv750cai","status":"publish","type":"product","link":"https:\/\/bigbuy.tupique.com\/pt\/produto\/interactive-ups-apc-smv750cai\/","title":{"rendered":"Sai Interactif APC SMV750CAI"},"content":{"rendered":"<p>Si vous \u00eates passionn\u00e9 d&#8217;<b>informatique et d&#8217;\u00e9lectronique<\/b>, si vous \u00eates \u00e0 la pointe de la technologie et qu&#8217;aucun d\u00e9tail ne vous \u00e9chappe, achetez <b>Sai Interactif APC SMV750CAI           <\/b> au meilleur prix.<\/p>\n<ul>\n<li>Technologie:\n<ul>\n<li>LCD<\/li>\n<li>VRLA<\/li>\n<\/ul>\n<\/li>\n<li>Produit \u00e0 brancher: Oui<\/li>\n<li>Type de prise: Prise EU<\/li>\n<li>Type:\n<ul>\n<li>Tour<\/li>\n<li>Syst\u00e8me d&#8217;Alimentation Sans Interruption Interactif<\/li>\n<\/ul>\n<\/li>\n<li>Temps de charge approx.: 4 heures<\/li>\n<li>Bloc d\u2019Alimentation: r\u00e9seau \u00e9lectrique<\/li>\n<li>Couleur: Noir<\/li>\n<li>Largeur: 160 mm<\/li>\n<li>Connexions:\n<ul>\n<li>AC x 6<\/li>\n<li>USB<\/li>\n<\/ul>\n<\/li>\n<li>puissance: 525 W<\/li>\n<li>Capacit\u00e9 de la batterie: 7 Ah<\/li>\n<li>Niveau sonore: 45 dB<\/li>\n<li>Caract\u00e9ristiques:\n<ul>\n<li>\u00c9cran LCD<\/li>\n<li>Alarme<\/li>\n<li>Interactif<\/li>\n<li>D\u00e9marrage \u00e0 froid<\/li>\n<li>T\u00e9moin de fonctionnement LED<\/li>\n<\/ul>\n<\/li>\n<li>Tension:\n<ul>\n<li>12 V<\/li>\n<li>230 V<\/li>\n<\/ul>\n<\/li>\n<li>Nombre de batteries: 2<\/li>\n<li>Classification IP: IP20<\/li>\n<li>Facteur de forme: Tower<\/li>\n<li>Fr\u00e9quence: 50\/60 Hz<\/li>\n<li>Tension de sortie: 230 V<\/li>\n<li>Sortie DC: 750 va<\/li>\n<\/ul>","protected":false},"excerpt":{"rendered":"<p>Si vous \u00eates passionn\u00e9 d&#8217;informatique et d&#8217;\u00e9lectronique, si vous \u00eates \u00e0 la pointe de la technologie et qu&#8217;aucun d\u00e9tail ne vous \u00e9chappe, achetez Sai Interactif APC SMV750CAI au meilleur prix. Technologie: LCD VRLA Produit \u00e0 brancher: Oui Type de prise: Prise EU Type: Tour Syst\u00e8me d&#8217;Alimentation Sans Interruption Interactif Temps de charge approx.: 4 heures [&hellip;]<\/p>\n","protected":false},"featured_media":18889,"comment_status":"open","ping_status":"closed","template":"","meta":[],"product_brand":[649],"product_cat":[65,581,603],"product_tag":[106],"class_list":{"0":"post-18890","1":"product","2":"type-product","3":"status-publish","4":"has-post-thumbnail","6":"product_brand-brandp_532","7":"product_cat-informatique-electronique","8":"product_cat-informatique-peripheriques-et-consommables","9":"product_cat-ups","10":"product_tag-tag_1295","12":"first","13":"instock","14":"taxable","15":"shipping-taxable","16":"purchasable","17":"product-type-simple"},"_links":{"self":[{"href":"https:\/\/bigbuy.tupique.com\/pt\/wp-json\/wp\/v2\/product\/18890","targetHints":{"allow":["GET"]}}],"collection":[{"href":"https:\/\/bigbuy.tupique.com\/pt\/wp-json\/wp\/v2\/product"}],"about":[{"href":"https:\/\/bigbuy.tupique.com\/pt\/wp-json\/wp\/v2\/types\/product"}],"replies":[{"embeddable":true,"href":"https:\/\/bigbuy.tupique.com\/pt\/wp-json\/wp\/v2\/comments?post=18890"}],"wp:featuredmedia":[{"embeddable":true,"href":"https:\/\/bigbuy.tupique.com\/pt\/wp-json\/wp\/v2\/media\/18889"}],"wp:attachment":[{"href":"https:\/\/bigbuy.tupique.com\/pt\/wp-json\/wp\/v2\/media?parent=18890"}],"wp:term":[{"taxonomy":"product_brand","embeddable":true,"href":"https:\/\/bigbuy.tupique.com\/pt\/wp-json\/wp\/v2\/product_brand?post=18890"},{"taxonomy":"product_cat","embeddable":true,"href":"https:\/\/bigbuy.tupique.com\/pt\/wp-json\/wp\/v2\/product_cat?post=18890"},{"taxonomy":"product_tag","embeddable":true,"href":"https:\/\/bigbuy.tupique.com\/pt\/wp-json\/wp\/v2\/product_tag?post=18890"}],"curies":[{"name":"wp","href":"https:\/\/api.w.org\/{rel}","templated":true}]}}