{"id":188196,"date":"2026-04-15T09:40:48","date_gmt":"2026-04-15T08:40:48","guid":{"rendered":"https:\/\/bigbuy.tupique.com\/produto\/smartphone-xiaomi-redmi-note-15-677-octa-core-12-gb-ram-512-gb-bleu-bleu-clair\/"},"modified":"2026-05-11T19:55:53","modified_gmt":"2026-05-11T17:55:53","slug":"smartphone-xiaomi-redmi-note-15-677-octa-core-12-gb-ram-512-gb-bleu-bleu-clair","status":"publish","type":"product","link":"https:\/\/bigbuy.tupique.com\/pt\/produto\/smartphone-xiaomi-redmi-note-15-677-octa-core-12-gb-ram-512-gb-bleu-bleu-clair\/","title":{"rendered":"Smartphone Xiaomi REDMI NOTE 15 6,77&#8243; Octa Core 12 GB RAM 512 GB Bleu Bleu clair"},"content":{"rendered":"<p>Si vous \u00eates passionn\u00e9 d&#8217;<b>informatique et d&#8217;\u00e9lectronique<\/b>, si vous \u00eates \u00e0 la pointe de la technologie et qu&#8217;aucun d\u00e9tail ne vous \u00e9chappe, achetez <b>Smartphone Xiaomi REDMI NOTE 15 6,77&#8243; Octa Core 12 GB RAM 512 GB Bleu Bleu clair<\/b> au meilleur prix.<\/p>\n<p>Le <b>Redmi Note 15<\/b> de Xiaomi est un <b>smartphone<\/b> de derni\u00e8re g\u00e9n\u00e9ration con\u00e7u pour ceux qui recherchent une exp\u00e9rience mobile \u00e9quilibr\u00e9e et moderne dans le segment milieu de gamme. Il se distingue par sa finition \u00e9l\u00e9gante en <b>bleu clair<\/b>, qui apporte une touche contemporaine et originale \u00e0 l\u2019appareil, associant un style jeune \u00e0 des mat\u00e9riaux r\u00e9sistants typiques de la marque. Sa compatibilit\u00e9 avec la <b>connectivit\u00e9 5G<\/b> assure des vitesses de t\u00e9l\u00e9chargement et de navigation \u00e9lev\u00e9es, permettant l\u2019utilisation fluide d\u2019applications exigeantes, le streaming haute qualit\u00e9 et les appels vid\u00e9o sans interruption sur les r\u00e9seaux compatibles. Le <b>port USB-C<\/b> facilite la recharge rapide et le transfert efficace de donn\u00e9es, int\u00e9grant ce standard moderne qui am\u00e9liore l\u2019utilisation par rapport aux g\u00e9n\u00e9rations pr\u00e9c\u00e9dentes. Un <b>chargeur EU<\/b> est inclus dans la bo\u00eete, garantissant une utilisation imm\u00e9diate dans la plupart des foyers europ\u00e9ens et r\u00e9pondant aux exigences du <b>r\u00e9seau \u00e9lectrique<\/b> local. Gr\u00e2ce \u00e0 l\u2019expertise reconnue de Xiaomi en mati\u00e8re d\u2019optimisation des ressources et de rapport qualit\u00e9-prix, ce mod\u00e8le s\u2019impose comme un choix id\u00e9al pour les jeunes utilisateurs comme pour ceux qui souhaitent passer \u00e0 la <b>technologie 5G<\/b> tout en b\u00e9n\u00e9ficiant de la fiabilit\u00e9 d\u2019une marque \u00e9tablie et de fonctionnalit\u00e9s actuelles. Ainsi, le Redmi Note 15 combine connectivit\u00e9 avanc\u00e9e, design attrayant et fonctionnalit\u00e9s essentielles dans un seul appareil, s\u2019adaptant parfaitement aux besoins quotidiens.<\/p>\n<ul>\n<li>Type: Smartphone<\/li>\n<li>Produit \u00e0 brancher: Oui<\/li>\n<li>Couleur:\n<ul>\n<li>Bleu clair<\/li>\n<li>Bleu<\/li>\n<\/ul>\n<\/li>\n<li>Type de prise: Prise EU<\/li>\n<li>Bloc d\u2019Alimentation: r\u00e9seau \u00e9lectrique<\/li>\n<li>Technologie: AMOLED<\/li>\n<li>Ecran: 6,77&#8243;<\/li>\n<li>Syst\u00e8me d&#8217;exploitation: Android<\/li>\n<li>puissance: 45 W<\/li>\n<li>Connectivit\u00e9:\n<ul>\n<li>Wi-Fi<\/li>\n<li>NFC<\/li>\n<li>5G<\/li>\n<\/ul>\n<\/li>\n<li>Cam\u00e9ra\/Appareil Photo: 20 mpx<\/li>\n<li>Connexions: USB-C<\/li>\n<li>Processeur: Octa Core<\/li>\n<li>M\u00e9moire RAM: 12 GB RAM<\/li>\n<li>M\u00e9moire interne: 512 GB<\/li>\n<\/ul>","protected":false},"excerpt":{"rendered":"<p>Si vous \u00eates passionn\u00e9 d&#8217;informatique et d&#8217;\u00e9lectronique, si vous \u00eates \u00e0 la pointe de la technologie et qu&#8217;aucun d\u00e9tail ne vous \u00e9chappe, achetez Smartphone Xiaomi REDMI NOTE 15 6,77&#8243; Octa Core 12 GB RAM 512 GB Bleu Bleu clair au meilleur prix. Le Redmi Note 15 de Xiaomi est un smartphone de derni\u00e8re g\u00e9n\u00e9ration con\u00e7u [&hellip;]<\/p>\n","protected":false},"featured_media":188191,"comment_status":"open","ping_status":"closed","template":"","meta":[],"product_brand":[525],"product_cat":[575,65,960],"product_tag":[213,566,106],"class_list":{"0":"post-188196","1":"product","2":"type-product","3":"status-publish","4":"has-post-thumbnail","6":"product_brand-brandp_1269","7":"product_cat-electronique-telephonie-et-tablettes","8":"product_cat-informatique-electronique","9":"product_cat-telephones-portables","10":"product_tag-tag_933","11":"product_tag-tag_547","12":"product_tag-tag_1295","14":"first","15":"instock","16":"taxable","17":"shipping-taxable","18":"purchasable","19":"product-type-simple"},"_links":{"self":[{"href":"https:\/\/bigbuy.tupique.com\/pt\/wp-json\/wp\/v2\/product\/188196","targetHints":{"allow":["GET"]}}],"collection":[{"href":"https:\/\/bigbuy.tupique.com\/pt\/wp-json\/wp\/v2\/product"}],"about":[{"href":"https:\/\/bigbuy.tupique.com\/pt\/wp-json\/wp\/v2\/types\/product"}],"replies":[{"embeddable":true,"href":"https:\/\/bigbuy.tupique.com\/pt\/wp-json\/wp\/v2\/comments?post=188196"}],"wp:featuredmedia":[{"embeddable":true,"href":"https:\/\/bigbuy.tupique.com\/pt\/wp-json\/wp\/v2\/media\/188191"}],"wp:attachment":[{"href":"https:\/\/bigbuy.tupique.com\/pt\/wp-json\/wp\/v2\/media?parent=188196"}],"wp:term":[{"taxonomy":"product_brand","embeddable":true,"href":"https:\/\/bigbuy.tupique.com\/pt\/wp-json\/wp\/v2\/product_brand?post=188196"},{"taxonomy":"product_cat","embeddable":true,"href":"https:\/\/bigbuy.tupique.com\/pt\/wp-json\/wp\/v2\/product_cat?post=188196"},{"taxonomy":"product_tag","embeddable":true,"href":"https:\/\/bigbuy.tupique.com\/pt\/wp-json\/wp\/v2\/product_tag?post=188196"}],"curies":[{"name":"wp","href":"https:\/\/api.w.org\/{rel}","templated":true}]}}