{"id":18803,"date":"2026-03-29T15:41:07","date_gmt":"2026-03-29T14:41:07","guid":{"rendered":"https:\/\/bigbuy.tupique.com\/produto\/external-hard-drive-synology-bds70-2t-2-tb-2-tb-ssd\/"},"modified":"2026-04-16T21:10:04","modified_gmt":"2026-04-16T20:10:04","slug":"external-hard-drive-synology-bds70-2t-2-tb-2-tb-ssd","status":"publish","type":"product","link":"https:\/\/bigbuy.tupique.com\/pt\/produto\/external-hard-drive-synology-bds70-2t-2-tb-2-tb-ssd\/","title":{"rendered":"Disque Dur Externe Synology BDS70-2T 2 TB 2 TB SSD"},"content":{"rendered":"<p>Si vous \u00eates passionn\u00e9 d&#8217;<b>informatique et d&#8217;\u00e9lectronique<\/b>, si vous \u00eates \u00e0 la pointe de la technologie et qu&#8217;aucun d\u00e9tail ne vous \u00e9chappe, achetez <b>Disque Dur Externe Synology BDS70-2T 2 TB 2 TB SSD<\/b> au meilleur prix.<\/p>\n<p>Le <b>Beedrive BDS70-2T<\/b> de <b>Synology<\/b> est un <b>disque dur externe<\/b> haute performance con\u00e7u pour offrir une sauvegarde personnelle flexible et efficace. Il dispose d\u2019une capacit\u00e9 solide de <b>2 To SSD<\/b>, garantissant une r\u00e9ponse rapide et un transfert de donn\u00e9es fluide, id\u00e9al pour les utilisateurs n\u00e9cessitant un stockage fiable et un acc\u00e8s rapide \u00e0 leurs fichiers. Cet appareil int\u00e8gre une connectivit\u00e9 avanc\u00e9e via des <b>ports USB-C et USB 3.2<\/b>, assurant une compatibilit\u00e9 avec une large gamme d\u2019ordinateurs et facilitant des vitesses de transfert sup\u00e9rieures \u00e0 celles des connexions USB classiques. Son design noir apporte discr\u00e9tion et professionnalisme, tandis que la technologie SSD offre une meilleure r\u00e9sistance aux chocs et un fonctionnement plus silencieux compar\u00e9 aux disques m\u00e9caniques traditionnels. La solution de stockage portable Beedrive BDS70-2T constitue une option adapt\u00e9e aux PME et aux particuliers cherchant un centre de sauvegarde compact, fiable et efficace, capable de s\u2019int\u00e9grer facilement \u00e0 diverses plateformes gr\u00e2ce \u00e0 sa connectivit\u00e9 polyvalente. Ce produit refl\u00e8te l\u2019engagement de Synology pour la qualit\u00e9 et l\u2019efficacit\u00e9 dans le segment du stockage externe.<\/p>\n<ul>\n<li>Compatible: Mac OS<\/li>\n<li>Disque dur:\n<ul>\n<li>2 TB SSD<\/li>\n<li>2 TB<\/li>\n<\/ul>\n<\/li>\n<li>Couleur: Noir<\/li>\n<li>Connexions:\n<ul>\n<li>USB<\/li>\n<li>USB-C<\/li>\n<\/ul>\n<\/li>\n<\/ul>","protected":false},"excerpt":{"rendered":"<p>Si vous \u00eates passionn\u00e9 d&#8217;informatique et d&#8217;\u00e9lectronique, si vous \u00eates \u00e0 la pointe de la technologie et qu&#8217;aucun d\u00e9tail ne vous \u00e9chappe, achetez Disque Dur Externe Synology BDS70-2T 2 TB 2 TB SSD au meilleur prix. Le Beedrive BDS70-2T de Synology est un disque dur externe haute performance con\u00e7u pour offrir une sauvegarde personnelle flexible [&hellip;]<\/p>\n","protected":false},"featured_media":18797,"comment_status":"open","ping_status":"closed","template":"","meta":[],"product_brand":[990],"product_cat":[588,65,584],"product_tag":[59,106],"class_list":{"0":"post-18803","1":"product","2":"type-product","3":"status-publish","4":"has-post-thumbnail","6":"product_brand-brandp_653","7":"product_cat-disques-durs","8":"product_cat-informatique-electronique","9":"product_cat-informatique-reseaux-et-composants","10":"product_tag-tag_1304","11":"product_tag-tag_1295","13":"first","14":"instock","15":"taxable","16":"shipping-taxable","17":"purchasable","18":"product-type-simple"},"_links":{"self":[{"href":"https:\/\/bigbuy.tupique.com\/pt\/wp-json\/wp\/v2\/product\/18803","targetHints":{"allow":["GET"]}}],"collection":[{"href":"https:\/\/bigbuy.tupique.com\/pt\/wp-json\/wp\/v2\/product"}],"about":[{"href":"https:\/\/bigbuy.tupique.com\/pt\/wp-json\/wp\/v2\/types\/product"}],"replies":[{"embeddable":true,"href":"https:\/\/bigbuy.tupique.com\/pt\/wp-json\/wp\/v2\/comments?post=18803"}],"wp:featuredmedia":[{"embeddable":true,"href":"https:\/\/bigbuy.tupique.com\/pt\/wp-json\/wp\/v2\/media\/18797"}],"wp:attachment":[{"href":"https:\/\/bigbuy.tupique.com\/pt\/wp-json\/wp\/v2\/media?parent=18803"}],"wp:term":[{"taxonomy":"product_brand","embeddable":true,"href":"https:\/\/bigbuy.tupique.com\/pt\/wp-json\/wp\/v2\/product_brand?post=18803"},{"taxonomy":"product_cat","embeddable":true,"href":"https:\/\/bigbuy.tupique.com\/pt\/wp-json\/wp\/v2\/product_cat?post=18803"},{"taxonomy":"product_tag","embeddable":true,"href":"https:\/\/bigbuy.tupique.com\/pt\/wp-json\/wp\/v2\/product_tag?post=18803"}],"curies":[{"name":"wp","href":"https:\/\/api.w.org\/{rel}","templated":true}]}}