{"id":187989,"date":"2026-04-15T09:11:27","date_gmt":"2026-04-15T08:11:27","guid":{"rendered":"https:\/\/bigbuy.tupique.com\/produto\/aspirateur-balai-shark-ip3251eut\/"},"modified":"2026-04-15T10:19:27","modified_gmt":"2026-04-15T09:19:27","slug":"aspirateur-balai-shark-ip3251eut","status":"publish","type":"product","link":"https:\/\/bigbuy.tupique.com\/pt\/produto\/aspirateur-balai-shark-ip3251eut\/","title":{"rendered":"Aspirateur balai Shark IP3251EUT"},"content":{"rendered":"<p>Si vous recherchez des \u00e9lectrom\u00e9nagers pour votre maison aux meilleurs prix, ne manquez pas <b>Aspirateur balai Shark IP3251EUT<\/b> et une large s\u00e9lection de petits \u00e9lectrom\u00e9nagers de qualit\u00e9 !<\/p>\n<p>Le <b>IP3251EUT de Shark<\/b> est un <b>aspirateur balai<\/b> con\u00e7u pour offrir une polyvalence maximale et une efficacit\u00e9 optimale lors du nettoyage quotidien de la maison. Avec sa finition \u00e9l\u00e9gante en <b>gris<\/b> et ses lignes modernes, ce mod\u00e8le se distingue par sa <b>structure rectangulaire<\/b> qui facilite l\u2019acc\u00e8s sous les meubles et dans les coins difficiles. Il int\u00e8gre une <b>buse \u00e9troite<\/b> id\u00e9ale pour aspirer les zones difficiles d\u2019acc\u00e8s, garantissant un nettoyage pr\u00e9cis m\u00eame dans les recoins et les rainures. Son <b>r\u00e9servoir de 700 ml<\/b> offre une capacit\u00e9 suffisante pour de longues sessions d\u2019aspiration sans avoir \u00e0 le vider fr\u00e9quemment, tandis que l\u2019<b>\u00e9cran int\u00e9gr\u00e9<\/b> affiche en permanence l\u2019\u00e9tat de la batterie et le mode de fonctionnement. Fonctionnant en mode <b>sec<\/b>, cet aspirateur convient au nettoyage quotidien des sols durs et des tapis, sans humidifier les surfaces d\u00e9licates. Son syst\u00e8me d\u2019alimentation double permet de l\u2019utiliser aussi bien avec une <b>batterie rechargeable<\/b> qu\u2019en \u00e9tant branch\u00e9 sur le <b>secteur<\/b>, offrant ainsi autonomie et flexibilit\u00e9 selon la t\u00e2che ou le besoin d\u2019une utilisation continue sans attendre la recharge. Son format l\u00e9ger et ergonomique facilite la manipulation et le rangement, ce qui en fait un choix adapt\u00e9 pour ceux qui recherchent performance, confort et efficacit\u00e9 de nettoyage dans tous les espaces de la maison. Le Shark IP3251EUT se pr\u00e9sente ainsi comme une solution pratique et fonctionnelle pour garder la maison impeccable rapidement et efficacement.<\/p>\n<ul>\n<li>Produit \u00e0 brancher: Oui<\/li>\n<li>Type:\n<ul>\n<li>Aspirateur balai<\/li>\n<li>Sec<\/li>\n<\/ul>\n<\/li>\n<li>Type de prise: Prise EU<\/li>\n<li>Bloc d\u2019Alimentation:\n<ul>\n<li>r\u00e9seau \u00e9lectrique<\/li>\n<li>Batterie<\/li>\n<\/ul>\n<\/li>\n<li>Couleur: Gris<\/li>\n<li>Caract\u00e9ristiques:\n<ul>\n<li>Buse \u00e9troite<\/li>\n<li>\u00c9cran integr\u00e9<\/li>\n<li>T\u00e9moin de fonctionnement LED<\/li>\n<\/ul>\n<\/li>\n<li>Forme: Rectangulaire<\/li>\n<li>Capacit\u00e9: 700 ml<\/li>\n<li>Technologie: LED<\/li>\n<li>Temps de charge approx.: 6 heures<\/li>\n<li>Inclut:\n<ul>\n<li>Voyant lumineux<\/li>\n<li>Chargeur<\/li>\n<li>Manuel de l&#8217;utilisateur<\/li>\n<\/ul>\n<\/li>\n<li>Vitesse: 3 vitesses<\/li>\n<li>Autonomie approx.: 70 minutes<\/li>\n<\/ul>","protected":false},"excerpt":{"rendered":"<p><span class=\"unit-info\">73.2843 &euro; \/ 100 ml<\/span><\/p>","protected":false},"featured_media":187988,"comment_status":"open","ping_status":"closed","template":"","meta":[],"product_brand":[1078],"product_cat":[762,239,240],"product_tag":[56,210],"class_list":{"0":"post-187989","1":"product","2":"type-product","3":"status-publish","4":"has-post-thumbnail","6":"product_brand-brandp_5354","7":"product_cat-aspirateurs-et-robots","8":"product_cat-maison-jardin","9":"product_cat-nettoyage-aspirateur-et-repassage","10":"product_tag-tag_930","11":"product_tag-tag_25","13":"first","14":"instock","15":"taxable","16":"shipping-taxable","17":"purchasable","18":"product-type-simple"},"_links":{"self":[{"href":"https:\/\/bigbuy.tupique.com\/pt\/wp-json\/wp\/v2\/product\/187989","targetHints":{"allow":["GET"]}}],"collection":[{"href":"https:\/\/bigbuy.tupique.com\/pt\/wp-json\/wp\/v2\/product"}],"about":[{"href":"https:\/\/bigbuy.tupique.com\/pt\/wp-json\/wp\/v2\/types\/product"}],"replies":[{"embeddable":true,"href":"https:\/\/bigbuy.tupique.com\/pt\/wp-json\/wp\/v2\/comments?post=187989"}],"wp:featuredmedia":[{"embeddable":true,"href":"https:\/\/bigbuy.tupique.com\/pt\/wp-json\/wp\/v2\/media\/187988"}],"wp:attachment":[{"href":"https:\/\/bigbuy.tupique.com\/pt\/wp-json\/wp\/v2\/media?parent=187989"}],"wp:term":[{"taxonomy":"product_brand","embeddable":true,"href":"https:\/\/bigbuy.tupique.com\/pt\/wp-json\/wp\/v2\/product_brand?post=187989"},{"taxonomy":"product_cat","embeddable":true,"href":"https:\/\/bigbuy.tupique.com\/pt\/wp-json\/wp\/v2\/product_cat?post=187989"},{"taxonomy":"product_tag","embeddable":true,"href":"https:\/\/bigbuy.tupique.com\/pt\/wp-json\/wp\/v2\/product_tag?post=187989"}],"curies":[{"name":"wp","href":"https:\/\/api.w.org\/{rel}","templated":true}]}}