{"id":187809,"date":"2026-04-15T08:33:37","date_gmt":"2026-04-15T07:33:37","guid":{"rendered":"https:\/\/bigbuy.tupique.com\/produto\/disque-dur-externe-kingston-sxs1000-2000g-25-2-tb-ssd\/"},"modified":"2026-05-11T19:55:58","modified_gmt":"2026-05-11T17:55:58","slug":"disque-dur-externe-kingston-sxs1000-2000g-25-2-tb-ssd","status":"publish","type":"product","link":"https:\/\/bigbuy.tupique.com\/pt\/produto\/disque-dur-externe-kingston-sxs1000-2000g-25-2-tb-ssd\/","title":{"rendered":"Disque Dur Externe Kingston SXS1000\/2000G 2,5&#8243; 2 TB SSD"},"content":{"rendered":"<p>Si vous \u00eates passionn\u00e9 d&#8217;<b>informatique et d&#8217;\u00e9lectronique<\/b>, si vous \u00eates \u00e0 la pointe de la technologie et qu&#8217;aucun d\u00e9tail ne vous \u00e9chappe, achetez <b>Disque Dur Externe Kingston SXS1000\/2000G 2,5&#8243; 2 TB SSD<\/b> au meilleur prix.<\/p>\n<p>Le <b>Disque Dur Externe Kingston SXS1000\/2000G<\/b> est un dispositif de stockage portable qui se distingue par sa <b>technologie SSD<\/b>, garantissant une vitesse de lecture et d\u2019\u00e9criture sup\u00e9rieure aux disques durs traditionnels, offrant ainsi des performances optimales et une fiabilit\u00e9 pour le stockage des donn\u00e9es. Avec une <b>capacit\u00e9 de 2 To<\/b>, il offre un grand espace pour sauvegarder fichiers multim\u00e9dias, documents et copies de s\u00e9curit\u00e9, s\u2019adaptant aussi bien aux professionnels qu\u2019aux utilisateurs ayant de gros besoins de stockage. Son <b>format compact de 2,5 pouces<\/b> facilite son transport, tandis que sa finition en <b>noir avec coque m\u00e9tallique<\/b> assure durabilit\u00e9 et design sobre et \u00e9l\u00e9gant. De plus, il dispose de connexions <b>USB et USB-C<\/b>, compatibles avec diff\u00e9rents appareils et offrant des transferts rapides gr\u00e2ce \u00e0 la norme <b>USB 3.2<\/b>, favorisant une connectivit\u00e9 polyvalente et efficace avec ordinateurs, portables et autres \u00e9quipements. Sa vitesse de rotation de <b>7200 tr\/min<\/b> indique une capacit\u00e9 de traitement rapide, id\u00e9ale pour ceux qui n\u00e9cessitent un transfert et un acc\u00e8s imm\u00e9diat \u00e0 de gros volumes de donn\u00e9es. Ce disque dur externe est particuli\u00e8rement utile pour les utilisateurs recherchant une solution robuste et moderne pour \u00e9tendre leur capacit\u00e9 de stockage, avec l\u2019avantage suppl\u00e9mentaire de la portabilit\u00e9 et de la haute vitesse du stockage SSD. Dans l\u2019ensemble, le Kingston SXS1000\/2000G repr\u00e9sente une option fiable et performante pour ceux qui valorisent la qualit\u00e9 et les performances dans un dispositif de stockage externe.<\/p>\n<ul>\n<li>Type:\n<ul>\n<li>Disque Dur Externe<\/li>\n<li>SSD<\/li>\n<\/ul>\n<\/li>\n<li>Mati\u00e8re:\n<ul>\n<li>M\u00e9tal<\/li>\n<li>Plastique<\/li>\n<\/ul>\n<\/li>\n<li>Compatible:\n<ul>\n<li>Windows 10<\/li>\n<li>Windows 11<\/li>\n<li>MAC OS X 10.15 CATALINA<\/li>\n<li>MAC OS X 10.15.3 CATALINA<\/li>\n<li>MAC OS X 11.0 BIG SUR<\/li>\n<li>Android<\/li>\n<li>Linux<\/li>\n<\/ul>\n<\/li>\n<li>Largeur: 7 cm<\/li>\n<li>Inclut:\n<ul>\n<li>C\u00e2ble USB-C vers USB<\/li>\n<li>C\u00e2ble USB-C<\/li>\n<li>USB Type-C &#8211; USB Type-A<\/li>\n<\/ul>\n<\/li>\n<li>vitesse:\n<ul>\n<li>1000 MB\/s<\/li>\n<li>1050 MB\/s<\/li>\n<\/ul>\n<\/li>\n<li>Disque dur:\n<ul>\n<li>2 TB SSD<\/li>\n<li>2 TB HDD<\/li>\n<\/ul>\n<\/li>\n<li>Syst\u00e8me d&#8217;exploitation:\n<ul>\n<li>Windows 10<\/li>\n<li>Windows 10 Pro<\/li>\n<li>Windows 10 Home<\/li>\n<li>Windows 10 Enterprise<\/li>\n<li>Windows 10 IoT Enterprise<\/li>\n<li>Windows<\/li>\n<\/ul>\n<\/li>\n<li>Technologie: SSD<\/li>\n<li>Long: 7 cm<\/li>\n<li>\u00c9lev\u00e9: 1,4 cm<\/li>\n<li>Couleur: Noir<\/li>\n<li>Dimensions approx.:\n<ul>\n<li>9 x 2 x 13 cm<\/li>\n<li>8,25 cm<\/li>\n<\/ul>\n<\/li>\n<li>Connexions:\n<ul>\n<li>USB 3.1<\/li>\n<li>USB<\/li>\n<li>USB-C<\/li>\n<li>USB 3.2<\/li>\n<\/ul>\n<\/li>\n<li>Vitesse de rotation: 7200 rpm<\/li>\n<li>Taille: 2,5&#8243;<\/li>\n<li>Non Inclus: Wi-Fi<\/li>\n<li>Type de stockage: SSD<\/li>\n<\/ul>","protected":false},"excerpt":{"rendered":"<p>Si vous \u00eates passionn\u00e9 d&#8217;informatique et d&#8217;\u00e9lectronique, si vous \u00eates \u00e0 la pointe de la technologie et qu&#8217;aucun d\u00e9tail ne vous \u00e9chappe, achetez Disque Dur Externe Kingston SXS1000\/2000G 2,5&#8243; 2 TB SSD au meilleur prix. Le Disque Dur Externe Kingston SXS1000\/2000G est un dispositif de stockage portable qui se distingue par sa technologie SSD, garantissant [&hellip;]<\/p>\n","protected":false},"featured_media":187759,"comment_status":"open","ping_status":"closed","template":"","meta":[],"product_brand":[638],"product_cat":[588,65,584],"product_tag":[106],"class_list":{"0":"post-187809","1":"product","2":"type-product","3":"status-publish","4":"has-post-thumbnail","6":"product_brand-brandp_557","7":"product_cat-disques-durs","8":"product_cat-informatique-electronique","9":"product_cat-informatique-reseaux-et-composants","10":"product_tag-tag_1295","12":"first","13":"instock","14":"taxable","15":"shipping-taxable","16":"purchasable","17":"product-type-simple"},"_links":{"self":[{"href":"https:\/\/bigbuy.tupique.com\/pt\/wp-json\/wp\/v2\/product\/187809","targetHints":{"allow":["GET"]}}],"collection":[{"href":"https:\/\/bigbuy.tupique.com\/pt\/wp-json\/wp\/v2\/product"}],"about":[{"href":"https:\/\/bigbuy.tupique.com\/pt\/wp-json\/wp\/v2\/types\/product"}],"replies":[{"embeddable":true,"href":"https:\/\/bigbuy.tupique.com\/pt\/wp-json\/wp\/v2\/comments?post=187809"}],"wp:featuredmedia":[{"embeddable":true,"href":"https:\/\/bigbuy.tupique.com\/pt\/wp-json\/wp\/v2\/media\/187759"}],"wp:attachment":[{"href":"https:\/\/bigbuy.tupique.com\/pt\/wp-json\/wp\/v2\/media?parent=187809"}],"wp:term":[{"taxonomy":"product_brand","embeddable":true,"href":"https:\/\/bigbuy.tupique.com\/pt\/wp-json\/wp\/v2\/product_brand?post=187809"},{"taxonomy":"product_cat","embeddable":true,"href":"https:\/\/bigbuy.tupique.com\/pt\/wp-json\/wp\/v2\/product_cat?post=187809"},{"taxonomy":"product_tag","embeddable":true,"href":"https:\/\/bigbuy.tupique.com\/pt\/wp-json\/wp\/v2\/product_tag?post=187809"}],"curies":[{"name":"wp","href":"https:\/\/api.w.org\/{rel}","templated":true}]}}