{"id":187658,"date":"2026-04-15T08:15:10","date_gmt":"2026-04-15T07:15:10","guid":{"rendered":"https:\/\/bigbuy.tupique.com\/produto\/point-dacces-tp-link-eap773-blanc\/"},"modified":"2026-04-16T18:00:27","modified_gmt":"2026-04-16T17:00:27","slug":"point-dacces-tp-link-eap773-blanc","status":"publish","type":"product","link":"https:\/\/bigbuy.tupique.com\/pt\/produto\/point-dacces-tp-link-eap773-blanc\/","title":{"rendered":"Point d&#8217;Acc\u00e8s TP-Link EAP773 Blanc"},"content":{"rendered":"<p>Si vous \u00eates passionn\u00e9 d&#8217;<b>informatique et d&#8217;\u00e9lectronique<\/b>, si vous \u00eates \u00e0 la pointe de la technologie et qu&#8217;aucun d\u00e9tail ne vous \u00e9chappe, achetez <b>Point d&#8217;Acc\u00e8s TP-Link EAP773 Blanc<\/b> au meilleur prix.<\/p>\n<p>Le <b>Point d\u2019Acc\u00e8s<\/b> TP-Link EAP773 est une solution avanc\u00e9e con\u00e7ue pour optimiser la connectivit\u00e9 sans fil dans les environnements professionnels et domestiques exigeant des performances \u00e9lev\u00e9es. Compatible avec la norme <b>WiFi 7 (802.11be)<\/b>, cet appareil offre des vitesses pouvant atteindre <b>9300 Mbps<\/b>, assurant une navigation, un streaming et un travail cloud stables et fluides, m\u00eame avec de nombreux appareils connect\u00e9s. Il fonctionne sur trois bandes simultan\u00e9es\u2014<b>2,4 GHz, 5 GHz et 6 GHz<\/b>\u2014pour optimiser la bande passante disponible et r\u00e9duire la congestion du r\u00e9seau. Ses <b>antennes 3dBi<\/b> garantissent une couverture large et fiable, id\u00e9ale pour bureaux, commerces ou grands espaces. Le <b>firmware \u00e9volutif<\/b> prot\u00e8ge contre les vuln\u00e9rabilit\u00e9s et permet des mises \u00e0 jour r\u00e9guli\u00e8res, tandis que sa <b>couleur blanche<\/b> et son design discret s\u2019int\u00e8grent facilement \u00e0 tout environnement. Livr\u00e9 avec un <b>kit de montage<\/b> pratique et un <b>guide d\u2019installation<\/b>, il facilite la mise en service, que vous soyez utilisateur exp\u00e9riment\u00e9 ou \u00e0 la recherche d\u2019une installation rapide et simple. Pr\u00eat pour le <b>r\u00e9seau \u00e9lectrique<\/b> standard et fourni avec une documentation en <b>anglais<\/b>, il s\u2019adapte \u00e0 divers contextes professionnels. Le TP-Link EAP773 se distingue par ses caract\u00e9ristiques techniques et sa polyvalence, constituant un choix moderne et fiable pour ceux qui recherchent une infrastructure r\u00e9seau sans fil performante et de derni\u00e8re g\u00e9n\u00e9ration.<\/p>\n<ul>\n<li>Bloc d\u2019Alimentation:\n<ul>\n<li>r\u00e9seau \u00e9lectrique<\/li>\n<li>CC<\/li>\n<\/ul>\n<\/li>\n<li>Type de prise: Prise EU<\/li>\n<li>Produit \u00e0 brancher: Oui<\/li>\n<li>Type:\n<ul>\n<li>Point d&#8217;Acc\u00e8s<\/li>\n<li>R\u00e9p\u00e9teur Wifi<\/li>\n<\/ul>\n<\/li>\n<li>Connexions:\n<ul>\n<li>PoE<\/li>\n<li>RJ45 x 1<\/li>\n<li>RJ45<\/li>\n<li>PoE x 1<\/li>\n<\/ul>\n<\/li>\n<li>Connectivit\u00e9: Wi-Fi<\/li>\n<li>Sans fil: 2,4 GHz<\/li>\n<li>vitesse: 1 Gbps<\/li>\n<li>Bande: 2,4 GHz &#8211; 5 GHz<\/li>\n<li>Kit de Montage: Oui<\/li>\n<li>Profondeur: 220 mm<\/li>\n<li>Couleur: Blanc<\/li>\n<li>Mati\u00e8re: Plastique<\/li>\n<li>Caract\u00e9ristiques:\n<ul>\n<li>Firmware \u00e9volutif<\/li>\n<li>Guide d&#8217;installation inclus<\/li>\n<li>T\u00e9moin de fonctionnement LED<\/li>\n<\/ul>\n<\/li>\n<li>Langue: Anglais<\/li>\n<li>Inclut: Kit de Montage<\/li>\n<li>Fr\u00e9quence:\n<ul>\n<li>5 GHz<\/li>\n<li>2,4 GHz<\/li>\n<\/ul>\n<\/li>\n<\/ul>","protected":false},"excerpt":{"rendered":"<p>Si vous \u00eates passionn\u00e9 d&#8217;informatique et d&#8217;\u00e9lectronique, si vous \u00eates \u00e0 la pointe de la technologie et qu&#8217;aucun d\u00e9tail ne vous \u00e9chappe, achetez Point d&#8217;Acc\u00e8s TP-Link EAP773 Blanc au meilleur prix. Le Point d\u2019Acc\u00e8s TP-Link EAP773 est une solution avanc\u00e9e con\u00e7ue pour optimiser la connectivit\u00e9 sans fil dans les environnements professionnels et domestiques exigeant des [&hellip;]<\/p>\n","protected":false},"featured_media":187621,"comment_status":"open","ping_status":"closed","template":"","meta":[],"product_brand":[1435],"product_cat":[65,584,591],"product_tag":[106],"class_list":{"0":"post-187658","1":"product","2":"type-product","3":"status-publish","4":"has-post-thumbnail","6":"product_brand-brandp_585","7":"product_cat-informatique-electronique","8":"product_cat-informatique-reseaux-et-composants","9":"product_cat-points-d-acces","10":"product_tag-tag_1295","12":"first","13":"instock","14":"taxable","15":"shipping-taxable","16":"purchasable","17":"product-type-simple"},"_links":{"self":[{"href":"https:\/\/bigbuy.tupique.com\/pt\/wp-json\/wp\/v2\/product\/187658","targetHints":{"allow":["GET"]}}],"collection":[{"href":"https:\/\/bigbuy.tupique.com\/pt\/wp-json\/wp\/v2\/product"}],"about":[{"href":"https:\/\/bigbuy.tupique.com\/pt\/wp-json\/wp\/v2\/types\/product"}],"replies":[{"embeddable":true,"href":"https:\/\/bigbuy.tupique.com\/pt\/wp-json\/wp\/v2\/comments?post=187658"}],"wp:featuredmedia":[{"embeddable":true,"href":"https:\/\/bigbuy.tupique.com\/pt\/wp-json\/wp\/v2\/media\/187621"}],"wp:attachment":[{"href":"https:\/\/bigbuy.tupique.com\/pt\/wp-json\/wp\/v2\/media?parent=187658"}],"wp:term":[{"taxonomy":"product_brand","embeddable":true,"href":"https:\/\/bigbuy.tupique.com\/pt\/wp-json\/wp\/v2\/product_brand?post=187658"},{"taxonomy":"product_cat","embeddable":true,"href":"https:\/\/bigbuy.tupique.com\/pt\/wp-json\/wp\/v2\/product_cat?post=187658"},{"taxonomy":"product_tag","embeddable":true,"href":"https:\/\/bigbuy.tupique.com\/pt\/wp-json\/wp\/v2\/product_tag?post=187658"}],"curies":[{"name":"wp","href":"https:\/\/api.w.org\/{rel}","templated":true}]}}