{"id":187620,"date":"2026-04-15T08:12:45","date_gmt":"2026-04-15T07:12:45","guid":{"rendered":"https:\/\/bigbuy.tupique.com\/produto\/memoire-ram-crucial-ct32g4sfd832a-32-gb-ddr4-3200-mhz-cl22\/"},"modified":"2026-04-16T14:33:01","modified_gmt":"2026-04-16T13:33:01","slug":"memoire-ram-crucial-ct32g4sfd832a-32-gb-ddr4-3200-mhz-cl22","status":"publish","type":"product","link":"https:\/\/bigbuy.tupique.com\/pt\/produto\/memoire-ram-crucial-ct32g4sfd832a-32-gb-ddr4-3200-mhz-cl22\/","title":{"rendered":"M\u00e9moire RAM Crucial CT32G4SFD832A 32 GB DDR4 3200 MHz CL22"},"content":{"rendered":"<p>Si vous \u00eates passionn\u00e9 d&#8217;<b>informatique et d&#8217;\u00e9lectronique<\/b>, si vous \u00eates \u00e0 la pointe de la technologie et qu&#8217;aucun d\u00e9tail ne vous \u00e9chappe, achetez <b>M\u00e9moire RAM Crucial CT32G4SFD832A 32 GB DDR4 3200 MHz CL22<\/b> au meilleur prix.<\/p>\n<p>La <b>m\u00e9moire RAM Crucial CT32G4SFD832A<\/b> est un module de <b>32 Go DDR4<\/b> con\u00e7u sp\u00e9cialement pour ordinateurs portables, offrant un bon \u00e9quilibre entre capacit\u00e9, vitesse et efficacit\u00e9 \u00e9nerg\u00e9tique. Il pr\u00e9sente un format de <b>1 x 32 Go<\/b> en module SO-DIMM \u00e0 <b>260 broches<\/b>, adapt\u00e9 aux syst\u00e8mes n\u00e9cessitant une seule unit\u00e9 haute capacit\u00e9. Sa fr\u00e9quence atteint <b>3200 MHz<\/b>, am\u00e9liorant la performance multit\u00e2che, le transfert de donn\u00e9es et les charges lourdes, tandis que la latence CAS de <b>22<\/b> assure une r\u00e9ponse rapide et stable. Fonctionnant \u00e0 faible tension de <b>1,2 V<\/b>, il favorise l\u2019\u00e9conomie d\u2019\u00e9nergie et la r\u00e9duction de la chaleur, id\u00e9al pour prolonger la dur\u00e9e de vie des portables. Cette m\u00e9moire est <b>unbuffered (non enregistr\u00e9e)<\/b>, destin\u00e9e aux utilisateurs recherchant un composant compatible et efficace pour laptops sans correction d\u2019erreurs avanc\u00e9e comme ECC, fr\u00e9quente en usage grand public. Le module se distingue aussi par sa <b>couleur verte<\/b> traditionnelle des barrettes Crucial et ses contacts plaqu\u00e9s or, garantissant une connexion solide et une r\u00e9sistance \u00e0 l\u2019oxydation. En r\u00e9sum\u00e9, la CT32G4SFD832A est une solution fiable pour am\u00e9liorer les performances des portables exigeants, notamment en milieu professionnel ou cr\u00e9ation de contenu, o\u00f9 une grande capacit\u00e9 et vitesse m\u00e9moire sont essentielles. Ce module respecte les normes actuelles de conception et technologie DDR4, assurant compatibilit\u00e9 et stabilit\u00e9 avec la majorit\u00e9 des portables SO-DIMM 260 broches. En d\u00e9finitive, c\u2019est une m\u00e9moire interne alliant haute capacit\u00e9 et vitesse efficace pour les utilisateurs souhaitant un gain notable de performance sans compromettre l\u2019int\u00e9grit\u00e9 \u00e9nerg\u00e9tique et mat\u00e9rielle du syst\u00e8me.<\/p>\n<ul>\n<li>Type:\n<ul>\n<li>M\u00e9moire (RAM)<\/li>\n<li>DDR4<\/li>\n<\/ul>\n<\/li>\n<li>Connexions:\n<ul>\n<li>SO-DIMM<\/li>\n<li>260-pin SO-DIMM<\/li>\n<li>DIMM<\/li>\n<\/ul>\n<\/li>\n<li>Capacit\u00e9: 32 GB<\/li>\n<li>Vitesse de m\u00e9moire support\u00e9e: 3200 mhz<\/li>\n<li>Facteur de forme:\n<ul>\n<li>SO-DIMM<\/li>\n<li>260-pin SO-DIMM<\/li>\n<li>RDIMM<\/li>\n<\/ul>\n<\/li>\n<li>Cha\u00eenes: 1.0<\/li>\n<li>Tension:\n<ul>\n<li>1.2 V<\/li>\n<li>1,2 V<\/li>\n<\/ul>\n<\/li>\n<li>Couleur: Vert<\/li>\n<li>M\u00e9moire interne: 32 GB<\/li>\n<li>Compatible: Ordinateur Portable<\/li>\n<li>vitesse: 3200 MHz<\/li>\n<li>Type de m\u00e9moire: DDR4<\/li>\n<li>Latence: CL22<\/li>\n<li>Format: 1 x 32 GB<\/li>\n<\/ul>","protected":false},"excerpt":{"rendered":"<p>Si vous \u00eates passionn\u00e9 d&#8217;informatique et d&#8217;\u00e9lectronique, si vous \u00eates \u00e0 la pointe de la technologie et qu&#8217;aucun d\u00e9tail ne vous \u00e9chappe, achetez M\u00e9moire RAM Crucial CT32G4SFD832A 32 GB DDR4 3200 MHz CL22 au meilleur prix. La m\u00e9moire RAM Crucial CT32G4SFD832A est un module de 32 Go DDR4 con\u00e7u sp\u00e9cialement pour ordinateurs portables, offrant un [&hellip;]<\/p>\n","protected":false},"featured_media":187603,"comment_status":"open","ping_status":"closed","template":"","meta":[],"product_brand":[1100],"product_cat":[65,584,593],"product_tag":[106],"class_list":{"0":"post-187620","1":"product","2":"type-product","3":"status-publish","4":"has-post-thumbnail","6":"product_brand-brandp_594","7":"product_cat-informatique-electronique","8":"product_cat-informatique-reseaux-et-composants","9":"product_cat-memoires-ram","10":"product_tag-tag_1295","12":"first","13":"instock","14":"taxable","15":"shipping-taxable","16":"purchasable","17":"product-type-simple"},"_links":{"self":[{"href":"https:\/\/bigbuy.tupique.com\/pt\/wp-json\/wp\/v2\/product\/187620","targetHints":{"allow":["GET"]}}],"collection":[{"href":"https:\/\/bigbuy.tupique.com\/pt\/wp-json\/wp\/v2\/product"}],"about":[{"href":"https:\/\/bigbuy.tupique.com\/pt\/wp-json\/wp\/v2\/types\/product"}],"replies":[{"embeddable":true,"href":"https:\/\/bigbuy.tupique.com\/pt\/wp-json\/wp\/v2\/comments?post=187620"}],"wp:featuredmedia":[{"embeddable":true,"href":"https:\/\/bigbuy.tupique.com\/pt\/wp-json\/wp\/v2\/media\/187603"}],"wp:attachment":[{"href":"https:\/\/bigbuy.tupique.com\/pt\/wp-json\/wp\/v2\/media?parent=187620"}],"wp:term":[{"taxonomy":"product_brand","embeddable":true,"href":"https:\/\/bigbuy.tupique.com\/pt\/wp-json\/wp\/v2\/product_brand?post=187620"},{"taxonomy":"product_cat","embeddable":true,"href":"https:\/\/bigbuy.tupique.com\/pt\/wp-json\/wp\/v2\/product_cat?post=187620"},{"taxonomy":"product_tag","embeddable":true,"href":"https:\/\/bigbuy.tupique.com\/pt\/wp-json\/wp\/v2\/product_tag?post=187620"}],"curies":[{"name":"wp","href":"https:\/\/api.w.org\/{rel}","templated":true}]}}