{"id":187478,"date":"2026-04-15T07:39:49","date_gmt":"2026-04-15T06:39:49","guid":{"rendered":"https:\/\/bigbuy.tupique.com\/produto\/creme-de-nuit-helena-rubinstein-plasty-age-recovery-50-ml\/"},"modified":"2026-05-11T19:55:17","modified_gmt":"2026-05-11T17:55:17","slug":"creme-de-nuit-helena-rubinstein-plasty-age-recovery-50-ml","status":"publish","type":"product","link":"https:\/\/bigbuy.tupique.com\/pt\/produto\/creme-de-nuit-helena-rubinstein-plasty-age-recovery-50-ml\/","title":{"rendered":"Cr\u00e8me de nuit Helena Rubinstein Plasty Age Recovery 50 ml"},"content":{"rendered":"<\/p>\n<p><b>Cr\u00e8me de nuit Helena Rubinstein Plasty Age Recovery<\/b> est un produit de qualit\u00e9 con\u00e7u pour les personnes exigeantes qui prennent soin de leur image et recherchent les meilleurs cosm\u00e9tiques pour mettre en valeur leur beaut\u00e9. Si vous en faites partie, les produits 100 % originaux <b>Helena Rubinstein<\/b> sont faits pour vous.<\/p>\n<p>La <b>cr\u00e8me de nuit<\/b> <b>Plasty Age Recovery<\/b> de <b>Helena Rubinstein<\/b> est sp\u00e9cialement formul\u00e9e pour offrir un soin rajeunissant qui agit pendant le sommeil, optimisant la r\u00e9g\u00e9n\u00e9ration et le confort de la peau pour tous les types de peau. Pr\u00e9sent\u00e9e dans un format pratique de <b>50 ml<\/b>, cette cr\u00e8me combine une <b>texture entre cr\u00e8me et gel<\/b>, procurant une sensation l\u00e9g\u00e8re et une absorption rapide, id\u00e9ale pour celles qui recherchent un soin intensif sans effet gras ni lourdeur. Fabriqu\u00e9e en <b>France<\/b>, gage d\u2019excellence cosm\u00e9tique et de normes de qualit\u00e9 europ\u00e9ennes strictes, sa formule convient aussi bien au visage qu\u2019au <b>soin du contour des yeux<\/b>, ce qui en fait une solution polyvalente et concentr\u00e9e pour lutter contre les signes de fatigue et de vieillissement accumul\u00e9s durant la journ\u00e9e. La composition de Plasty Age Recovery est con\u00e7ue pour les femmes souhaitant restaurer fermet\u00e9 et \u00e9clat, aidant \u00e0 lisser les rides d\u2019expression et \u00e0 maintenir une hydratation optimale tout au long de la nuit. Adapt\u00e9e \u00e0 la routine nocturne, elle int\u00e8gre des ingr\u00e9dients rigoureusement s\u00e9lectionn\u00e9s et test\u00e9s dermatologiquement pour garantir des r\u00e9sultats visibles au quotidien. Cette cr\u00e8me de nuit incarne l\u2019\u00e9quilibre entre innovation, textures sophistiqu\u00e9es et l\u2019h\u00e9ritage d\u2019une marque embl\u00e9matique de la haute cosm\u00e9tique, constituant un choix s\u00fbr pour celles qui privil\u00e9gient efficacit\u00e9 et soin avanc\u00e9 de la peau.<\/p>\n<ul>\n<li>Ingr\u00e9dients:\n<ul>\n<li>Dimethicone\/peg-10\/15 crosspolymer<\/li>\n<li>Dipotassium glycyrrhizate<\/li>\n<li>Disodium edta<\/li>\n<li>Ethylhexyl hydroxystearate<\/li>\n<li>Fragance (parfum)<\/li>\n<li>Hydroxypropyl tetrahydropyrantriol<\/li>\n<li>Isohexadecane<\/li>\n<li>Lauryl peg-9 polydimethylsiloxyethyl dimethicone<\/li>\n<li>Magnesium sulfate<\/li>\n<li>Phenoxyethanol<\/li>\n<li>Glycerin<\/li>\n<li>Acide Hyaluronique<\/li>\n<li>Hydroxypropyl<\/li>\n<li>Dimethicone<\/li>\n<li>Cyclohexasiloxane<\/li>\n<li>Propylene glycol<\/li>\n<li>Sodium hyaluronate<\/li>\n<li>Synthetic wax<\/li>\n<li>Tetrahydropyrantriol<\/li>\n<li>Vaccinium macrocarpon (cranberry) fruit extract<\/li>\n<li>Water (Aqua)<\/li>\n<li>Aluminum starch octenylsuccinate<\/li>\n<\/ul>\n<\/li>\n<li>Genre: Femme<\/li>\n<li>Texture: Cr\u00e8me<\/li>\n<li>Utilisation recommand\u00e9e: Tous les types de peau<\/li>\n<li>Capacit\u00e9: 50 ml<\/li>\n<li>Propri\u00e9t\u00e9s:\n<ul>\n<li>Anti-\u00e2ge<\/li>\n<li>Hydratant<\/li>\n<\/ul>\n<\/li>\n<\/ul>","protected":false},"excerpt":{"rendered":"<p><span class=\"unit-info\">745.9800 &euro; \/ 100 ml<\/span><\/p>","protected":false},"featured_media":187477,"comment_status":"open","ping_status":"closed","template":"","meta":[],"product_brand":[1530],"product_cat":[1503,769,1495],"product_tag":[722],"class_list":{"0":"post-187478","1":"product","2":"type-product","3":"status-publish","4":"has-post-thumbnail","6":"product_brand-brandp_392","7":"product_cat-cremes-anti-rides-et-hydratantes","8":"product_cat-parfum-cosmetique","9":"product_cat-soin-du-visage","10":"product_tag-tag_923","12":"first","13":"instock","14":"taxable","15":"shipping-taxable","16":"purchasable","17":"product-type-simple"},"_links":{"self":[{"href":"https:\/\/bigbuy.tupique.com\/pt\/wp-json\/wp\/v2\/product\/187478","targetHints":{"allow":["GET"]}}],"collection":[{"href":"https:\/\/bigbuy.tupique.com\/pt\/wp-json\/wp\/v2\/product"}],"about":[{"href":"https:\/\/bigbuy.tupique.com\/pt\/wp-json\/wp\/v2\/types\/product"}],"replies":[{"embeddable":true,"href":"https:\/\/bigbuy.tupique.com\/pt\/wp-json\/wp\/v2\/comments?post=187478"}],"wp:featuredmedia":[{"embeddable":true,"href":"https:\/\/bigbuy.tupique.com\/pt\/wp-json\/wp\/v2\/media\/187477"}],"wp:attachment":[{"href":"https:\/\/bigbuy.tupique.com\/pt\/wp-json\/wp\/v2\/media?parent=187478"}],"wp:term":[{"taxonomy":"product_brand","embeddable":true,"href":"https:\/\/bigbuy.tupique.com\/pt\/wp-json\/wp\/v2\/product_brand?post=187478"},{"taxonomy":"product_cat","embeddable":true,"href":"https:\/\/bigbuy.tupique.com\/pt\/wp-json\/wp\/v2\/product_cat?post=187478"},{"taxonomy":"product_tag","embeddable":true,"href":"https:\/\/bigbuy.tupique.com\/pt\/wp-json\/wp\/v2\/product_tag?post=187478"}],"curies":[{"name":"wp","href":"https:\/\/api.w.org\/{rel}","templated":true}]}}