{"id":187011,"date":"2026-04-15T05:46:46","date_gmt":"2026-04-15T04:46:46","guid":{"rendered":"https:\/\/bigbuy.tupique.com\/produto\/figurine-daction-bandai\/"},"modified":"2026-04-16T16:25:08","modified_gmt":"2026-04-16T15:25:08","slug":"figurine-daction-bandai","status":"publish","type":"product","link":"https:\/\/bigbuy.tupique.com\/pt\/produto\/figurine-daction-bandai\/","title":{"rendered":"Figurine d\u2019action Bandai"},"content":{"rendered":"<p>Si vous \u00eates \u00e0 la recherche de nouvelles tendances sur le march\u00e9, nous vous pr\u00e9sentons <b>Figurine d\u2019action Bandai<\/b> !<\/p>\n<p>La <b>figurine d\u2019action<\/b> de Bandai repr\u00e9sentant Luffy, protagoniste de la c\u00e9l\u00e8bre s\u00e9rie anim\u00e9e One Piece, est un article soigneusement con\u00e7u en <b>plastique<\/b> r\u00e9sistant garantissant durabilit\u00e9 et finition d\u00e9taill\u00e9e. D\u2019une hauteur d\u2019environ <b>30 cm<\/b>, cette figurine fait partie de la gamme Anime Heroes Mega, reconnue pour sa taille et son niveau de d\u00e9tail permettant une appr\u00e9ciation optimale du personnage, de ses traits faciaux embl\u00e9matiques \u00e0 sa tenue caract\u00e9ristique. Recommand\u00e9e pour les enfants et fans d\u00e8s <b>4 ans<\/b>, elle constitue un jouet s\u00fbr et adapt\u00e9 aussi bien aux collectionneurs qu\u2019\u00e0 ceux souhaitant initier les plus jeunes \u00e0 l\u2019univers des produits d\u00e9riv\u00e9s d\u2019anime. Son design et ses mat\u00e9riaux assurent le maintien de sa forme et de ses couleurs fid\u00e8les au personnage original de One Piece, facilitant son exposition comme pi\u00e8ce de collection ou pour des jeux interactifs. Produit officiel de la marque reconnue <b>Bandai<\/b>, cette figurine apporte authenticit\u00e9 et qualit\u00e9 reconnue dans le secteur des figurines d\u2019action issues de franchises d\u2019anime. En r\u00e9sum\u00e9, cette figurine offre un \u00e9quilibre entre taille, d\u00e9tail et s\u00e9curit\u00e9 qui satisfait les attentes des fans de One Piece et des collectionneurs exigeants.<\/p>\n<ul>\n<li>Mati\u00e8re: Plastique<\/li>\n<li>\u00c2ge recommand\u00e9: + 4 Ans<\/li>\n<\/ul>","protected":false},"excerpt":{"rendered":"<p>Si vous \u00eates \u00e0 la recherche de nouvelles tendances sur le march\u00e9, nous vous pr\u00e9sentons Figurine d\u2019action Bandai ! La figurine d\u2019action de Bandai repr\u00e9sentant Luffy, protagoniste de la c\u00e9l\u00e8bre s\u00e9rie anim\u00e9e One Piece, est un article soigneusement con\u00e7u en plastique r\u00e9sistant garantissant durabilit\u00e9 et finition d\u00e9taill\u00e9e. D\u2019une hauteur d\u2019environ 30 cm, cette figurine fait [&hellip;]<\/p>\n","protected":false},"featured_media":187003,"comment_status":"open","ping_status":"closed","template":"","meta":[],"product_brand":[124],"product_cat":[1225,157,158],"product_tag":[57,59],"class_list":{"0":"post-187011","1":"product","2":"type-product","3":"status-publish","4":"has-post-thumbnail","6":"product_brand-brandp_1879","7":"product_cat-figurines-d-action","8":"product_cat-jouets-deguisements","9":"product_cat-jouets-et-jeux","10":"product_tag-tag_1275","11":"product_tag-tag_1304","13":"first","14":"instock","15":"taxable","16":"shipping-taxable","17":"purchasable","18":"product-type-simple"},"_links":{"self":[{"href":"https:\/\/bigbuy.tupique.com\/pt\/wp-json\/wp\/v2\/product\/187011","targetHints":{"allow":["GET"]}}],"collection":[{"href":"https:\/\/bigbuy.tupique.com\/pt\/wp-json\/wp\/v2\/product"}],"about":[{"href":"https:\/\/bigbuy.tupique.com\/pt\/wp-json\/wp\/v2\/types\/product"}],"replies":[{"embeddable":true,"href":"https:\/\/bigbuy.tupique.com\/pt\/wp-json\/wp\/v2\/comments?post=187011"}],"wp:featuredmedia":[{"embeddable":true,"href":"https:\/\/bigbuy.tupique.com\/pt\/wp-json\/wp\/v2\/media\/187003"}],"wp:attachment":[{"href":"https:\/\/bigbuy.tupique.com\/pt\/wp-json\/wp\/v2\/media?parent=187011"}],"wp:term":[{"taxonomy":"product_brand","embeddable":true,"href":"https:\/\/bigbuy.tupique.com\/pt\/wp-json\/wp\/v2\/product_brand?post=187011"},{"taxonomy":"product_cat","embeddable":true,"href":"https:\/\/bigbuy.tupique.com\/pt\/wp-json\/wp\/v2\/product_cat?post=187011"},{"taxonomy":"product_tag","embeddable":true,"href":"https:\/\/bigbuy.tupique.com\/pt\/wp-json\/wp\/v2\/product_tag?post=187011"}],"curies":[{"name":"wp","href":"https:\/\/api.w.org\/{rel}","templated":true}]}}