{"id":186995,"date":"2026-04-15T05:45:50","date_gmt":"2026-04-15T04:45:50","guid":{"rendered":"https:\/\/bigbuy.tupique.com\/produto\/pate-a-modeler-en-argile-lexibook-2\/"},"modified":"2026-04-16T18:41:21","modified_gmt":"2026-04-16T17:41:21","slug":"pate-a-modeler-en-argile-lexibook-2","status":"publish","type":"product","link":"https:\/\/bigbuy.tupique.com\/pt\/produto\/pate-a-modeler-en-argile-lexibook-2\/","title":{"rendered":"P\u00e2te \u00e0 modeler en argile Lexibook"},"content":{"rendered":"<p>Si vous \u00eates \u00e0 la recherche de nouvelles tendances sur le march\u00e9, nous vous pr\u00e9sentons <b>P\u00e2te \u00e0 modeler en argile Lexibook<\/b> !<\/p>\n<p>Le <b>Jeu de Plastiline<\/b> de la marque <b>Lexibook<\/b> est un kit con\u00e7u pour stimuler la cr\u00e9ativit\u00e9 et les comp\u00e9tences manuelles des enfants d\u00e8s <b>6 ans<\/b>. Ce set comprend des mat\u00e9riaux en <b>plastique<\/b> mall\u00e9ables avec diff\u00e9rentes textures \u00e9lastiques, offrant une exp\u00e9rience tactile vari\u00e9e et ludique, id\u00e9ale pour modeler des formes facilement. La qualit\u00e9 de la plastiline garantit une texture douce et souple, permettant aux enfants d\u2019explorer diverses formes et techniques de modelage sans difficult\u00e9 ni risque li\u00e9 aux petites pi\u00e8ces ou ingr\u00e9dients toxiques. Son format ludique favorise le d\u00e9veloppement de la motricit\u00e9 fine, de l\u2019imagination et de la concentration, constituant un outil p\u00e9dagogique adapt\u00e9 tant \u00e0 un usage domestique qu\u2019en milieu scolaire. De plus, le choix des mat\u00e9riaux assure durabilit\u00e9 et s\u00e9curit\u00e9 lors de la manipulation, des aspects essentiels pour les produits destin\u00e9s \u00e0 cette tranche d\u2019\u00e2ge. Ce jeu de modelage, soutenu par <b>Lexibook<\/b>, offre une alternative pratique et s\u00fbre pour que les enfants exp\u00e9rimentent la cr\u00e9ativit\u00e9 artistique et l\u2019apprentissage sensoriel. Dans l\u2019ensemble, il constitue un compl\u00e9ment adapt\u00e9 aux activit\u00e9s ludiques qui encouragent l\u2019apprentissage manuel et l\u2019exploration artistique chez l\u2019enfant.<\/p>\n<ul>\n<li>Type: P\u00e2te \u00e0 modeler en argile<\/li>\n<\/ul>","protected":false},"excerpt":{"rendered":"<p>Si vous \u00eates \u00e0 la recherche de nouvelles tendances sur le march\u00e9, nous vous pr\u00e9sentons P\u00e2te \u00e0 modeler en argile Lexibook ! Le Jeu de Plastiline de la marque Lexibook est un kit con\u00e7u pour stimuler la cr\u00e9ativit\u00e9 et les comp\u00e9tences manuelles des enfants d\u00e8s 6 ans. Ce set comprend des mat\u00e9riaux en plastique mall\u00e9ables [&hellip;]<\/p>\n","protected":false},"featured_media":186991,"comment_status":"open","ping_status":"closed","template":"","meta":[],"product_brand":[96],"product_cat":[1376,157,158],"product_tag":[57,59],"class_list":{"0":"post-186995","1":"product","2":"type-product","3":"status-publish","4":"has-post-thumbnail","6":"product_brand-brandp_1913","7":"product_cat-jeux-educatifs","8":"product_cat-jouets-deguisements","9":"product_cat-jouets-et-jeux","10":"product_tag-tag_1275","11":"product_tag-tag_1304","13":"first","14":"instock","15":"taxable","16":"shipping-taxable","17":"purchasable","18":"product-type-simple"},"_links":{"self":[{"href":"https:\/\/bigbuy.tupique.com\/pt\/wp-json\/wp\/v2\/product\/186995","targetHints":{"allow":["GET"]}}],"collection":[{"href":"https:\/\/bigbuy.tupique.com\/pt\/wp-json\/wp\/v2\/product"}],"about":[{"href":"https:\/\/bigbuy.tupique.com\/pt\/wp-json\/wp\/v2\/types\/product"}],"replies":[{"embeddable":true,"href":"https:\/\/bigbuy.tupique.com\/pt\/wp-json\/wp\/v2\/comments?post=186995"}],"wp:featuredmedia":[{"embeddable":true,"href":"https:\/\/bigbuy.tupique.com\/pt\/wp-json\/wp\/v2\/media\/186991"}],"wp:attachment":[{"href":"https:\/\/bigbuy.tupique.com\/pt\/wp-json\/wp\/v2\/media?parent=186995"}],"wp:term":[{"taxonomy":"product_brand","embeddable":true,"href":"https:\/\/bigbuy.tupique.com\/pt\/wp-json\/wp\/v2\/product_brand?post=186995"},{"taxonomy":"product_cat","embeddable":true,"href":"https:\/\/bigbuy.tupique.com\/pt\/wp-json\/wp\/v2\/product_cat?post=186995"},{"taxonomy":"product_tag","embeddable":true,"href":"https:\/\/bigbuy.tupique.com\/pt\/wp-json\/wp\/v2\/product_tag?post=186995"}],"curies":[{"name":"wp","href":"https:\/\/api.w.org\/{rel}","templated":true}]}}