{"id":186707,"date":"2026-04-15T04:45:49","date_gmt":"2026-04-15T03:45:49","guid":{"rendered":"https:\/\/bigbuy.tupique.com\/produto\/smartphone-realme-14t-5g-rmx5078-667-octa-core-8-gb-ram-256-gb-vert\/"},"modified":"2026-05-11T19:55:35","modified_gmt":"2026-05-11T17:55:35","slug":"smartphone-realme-14t-5g-rmx5078-667-octa-core-8-gb-ram-256-gb-vert","status":"publish","type":"product","link":"https:\/\/bigbuy.tupique.com\/pt\/produto\/smartphone-realme-14t-5g-rmx5078-667-octa-core-8-gb-ram-256-gb-vert\/","title":{"rendered":"Smartphone Realme 14T 5G RMX5078 6,67&#8243; Octa Core 8 GB RAM 256 GB Vert"},"content":{"rendered":"<p>Si vous \u00eates \u00e0 la recherche de nouvelles tendances sur le march\u00e9, nous vous pr\u00e9sentons <b>Smartphone Realme 14T 5G RMX5078 6,67&#8243; Octa Core 8 GB RAM 256 GB Vert<\/b> !<\/p>\n<p>Le <b>Realme 14T 5G RMX5078<\/b> est un <b>smartphone<\/b> con\u00e7u pour ceux qui recherchent des performances avanc\u00e9es et une connectivit\u00e9 rapide au quotidien. Il dispose d\u2019un large <b>\u00e9cran LCD de 6,67 pouces<\/b>, id\u00e9al pour profiter de contenus multim\u00e9dias et naviguer avec une image claire et confortable dans tous les environnements. Sa <b>m\u00e9moire RAM de 8 Go<\/b> permet d\u2019ex\u00e9cuter plusieurs applications et t\u00e2ches exigeantes sans interruption, tandis que le <b>stockage interne de 256 Go<\/b> offre un espace g\u00e9n\u00e9reux pour photos, vid\u00e9os et applications, facilitant la gestion de nombreux fichiers personnels et professionnels. L\u2019appareil pr\u00e9sente une finition <b>verte<\/b> distinctive et utilise des mat\u00e9riaux r\u00e9sistants comme le <b>plastique<\/b>, assurant l\u00e9g\u00e8ret\u00e9 et durabilit\u00e9 au quotidien. Le Realme 14T 5G RMX5078 est \u00e9quip\u00e9 de <b>connectivit\u00e9 USB et USB-C<\/b>, garantissant des transferts de donn\u00e9es rapides et une compatibilit\u00e9 avec de nombreux accessoires modernes. Sa compatibilit\u00e9 avec les r\u00e9seaux 5G permet des t\u00e9l\u00e9chargements ultra-rapides et une exp\u00e9rience utilisateur fluide en streaming, jeux ou visioconf\u00e9rences. Adapt\u00e9 au march\u00e9 fran\u00e7ais, ce mod\u00e8le r\u00e9pond parfaitement aux besoins urbains et professionnels, offrant un excellent \u00e9quilibre entre performances et capacit\u00e9 d\u2019extension. Le Realme 14T 5G se distingue comme un terminal polyvalent pour les utilisateurs qui appr\u00e9cient une connectivit\u00e9 moderne, une bonne capacit\u00e9 de stockage et un grand \u00e9cran pour toutes leurs activit\u00e9s num\u00e9riques.<\/p>\n<ul>\n<li>Type de prise: Prise EU<\/li>\n<li>Type: Smartphone<\/li>\n<li>Produit \u00e0 brancher: Oui<\/li>\n<li>R\u00e9solution (px): 1080 px<\/li>\n<li>Diagonale de l&#8217;\u00e9cran (cm):\n<ul>\n<li>190,5 cm<\/li>\n<li>16,9 cm<\/li>\n<\/ul>\n<\/li>\n<li>Bloc d\u2019Alimentation: r\u00e9seau \u00e9lectrique<\/li>\n<li>Ecran tactile: Oui<\/li>\n<li>Technologie: AMOLED<\/li>\n<li>Capacit\u00e9 de la batterie: 6000 mAh<\/li>\n<li>Ecran: 6,67&#8243;<\/li>\n<li>Syst\u00e8me d&#8217;exploitation: Android<\/li>\n<li>puissance: 45 W<\/li>\n<li>Connectivit\u00e9:\n<ul>\n<li>NFC<\/li>\n<li>5G<\/li>\n<\/ul>\n<\/li>\n<li>Cam\u00e9ra\/Appareil Photo:\n<ul>\n<li>16 mpx<\/li>\n<li>50 Mp<\/li>\n<\/ul>\n<\/li>\n<li>Connexions:\n<ul>\n<li>USB-C<\/li>\n<li>USB<\/li>\n<\/ul>\n<\/li>\n<li>Processeur: Octa Core<\/li>\n<li>M\u00e9moire RAM: 8 GB RAM<\/li>\n<li>M\u00e9moire interne: 256 GB<\/li>\n<li>Couleur:\n<ul>\n<li>Vert<\/li>\n<li>Turquoise<\/li>\n<\/ul>\n<\/li>\n<li>Mati\u00e8re: Plastique<\/li>\n<li>Caract\u00e9ristiques: \u00c9cran LCD<\/li>\n<li>R\u00e9solution: 1080 p<\/li>\n<li>Fr\u00e9quence: 120 Hz<\/li>\n<\/ul>","protected":false},"excerpt":{"rendered":"<p>Si vous \u00eates \u00e0 la recherche de nouvelles tendances sur le march\u00e9, nous vous pr\u00e9sentons Smartphone Realme 14T 5G RMX5078 6,67&#8243; Octa Core 8 GB RAM 256 GB Vert ! Le Realme 14T 5G RMX5078 est un smartphone con\u00e7u pour ceux qui recherchent des performances avanc\u00e9es et une connectivit\u00e9 rapide au quotidien. Il dispose d\u2019un [&hellip;]<\/p>\n","protected":false},"featured_media":186702,"comment_status":"open","ping_status":"closed","template":"","meta":[],"product_brand":[1154],"product_cat":[575,65,960],"product_tag":[213,566,106],"class_list":{"0":"post-186707","1":"product","2":"type-product","3":"status-publish","4":"has-post-thumbnail","6":"product_brand-brandp_2818","7":"product_cat-electronique-telephonie-et-tablettes","8":"product_cat-informatique-electronique","9":"product_cat-telephones-portables","10":"product_tag-tag_933","11":"product_tag-tag_547","12":"product_tag-tag_1295","14":"first","15":"instock","16":"taxable","17":"shipping-taxable","18":"purchasable","19":"product-type-simple"},"_links":{"self":[{"href":"https:\/\/bigbuy.tupique.com\/pt\/wp-json\/wp\/v2\/product\/186707","targetHints":{"allow":["GET"]}}],"collection":[{"href":"https:\/\/bigbuy.tupique.com\/pt\/wp-json\/wp\/v2\/product"}],"about":[{"href":"https:\/\/bigbuy.tupique.com\/pt\/wp-json\/wp\/v2\/types\/product"}],"replies":[{"embeddable":true,"href":"https:\/\/bigbuy.tupique.com\/pt\/wp-json\/wp\/v2\/comments?post=186707"}],"wp:featuredmedia":[{"embeddable":true,"href":"https:\/\/bigbuy.tupique.com\/pt\/wp-json\/wp\/v2\/media\/186702"}],"wp:attachment":[{"href":"https:\/\/bigbuy.tupique.com\/pt\/wp-json\/wp\/v2\/media?parent=186707"}],"wp:term":[{"taxonomy":"product_brand","embeddable":true,"href":"https:\/\/bigbuy.tupique.com\/pt\/wp-json\/wp\/v2\/product_brand?post=186707"},{"taxonomy":"product_cat","embeddable":true,"href":"https:\/\/bigbuy.tupique.com\/pt\/wp-json\/wp\/v2\/product_cat?post=186707"},{"taxonomy":"product_tag","embeddable":true,"href":"https:\/\/bigbuy.tupique.com\/pt\/wp-json\/wp\/v2\/product_tag?post=186707"}],"curies":[{"name":"wp","href":"https:\/\/api.w.org\/{rel}","templated":true}]}}