{"id":186425,"date":"2026-04-15T03:33:46","date_gmt":"2026-04-15T02:33:46","guid":{"rendered":"https:\/\/bigbuy.tupique.com\/produto\/poupee-frozen\/"},"modified":"2026-04-16T19:56:41","modified_gmt":"2026-04-16T18:56:41","slug":"poupee-frozen","status":"publish","type":"product","link":"https:\/\/bigbuy.tupique.com\/pt\/produto\/poupee-frozen\/","title":{"rendered":"Poup\u00e9e Frozen"},"content":{"rendered":"<p>Les enfants m\u00e9ritent ce qu\u2019il y a de mieux, nous vous pr\u00e9sentons donc <b>Poup\u00e9e Frozen<\/b>, id\u00e9al pour ceux qui cherchent des produits de qualit\u00e9 pour les plus petits ! Procurez-vous <b>Frozen<\/b> aux meilleurs prix !<\/p>\n<p>La <b>poup\u00e9e Frozen<\/b> est un jouet sp\u00e9cialement con\u00e7u pour le jeune public, recommand\u00e9 pour les enfants \u00e0 partir de <b>3 ans<\/b>. Cette poup\u00e9e, inspir\u00e9e de l\u2019univers populaire Frozen, est fabriqu\u00e9e en <b>plastique r\u00e9sistant<\/b> garantissant durabilit\u00e9 et s\u00e9curit\u00e9 pendant le jeu. Elle pr\u00e9sente un design attrayant combinant <b>couleurs bleue et multicolore<\/b>, la rendant visuellement s\u00e9duisante et fid\u00e8le \u00e0 l\u2019esth\u00e9tique caract\u00e9ristique de la franchise. L\u2019ensemble comprend un total de <b>9 pi\u00e8ces<\/b>, offrant une exp\u00e9rience de jeu interactive et cr\u00e9ative, favorisant l\u2019imagination et le d\u00e9veloppement des comp\u00e9tences motrices chez les plus petits. De plus, elle est pens\u00e9e pour un jeune public et adapt\u00e9e \u00e0 un jeu multilingue, facilitant son int\u00e9gration dans diff\u00e9rents contextes culturels et linguistiques. Sa composition et le nombre de pi\u00e8ces en font non seulement un \u00e9l\u00e9ment de divertissement, mais aussi un outil p\u00e9dagogique adapt\u00e9 pour stimuler coordination et cr\u00e9ativit\u00e9. Cette poup\u00e9e Frozen propose un design fonctionnel et s\u00fbr, adapt\u00e9 \u00e0 l\u2019\u00e2ge recommand\u00e9, se positionnant comme une option fiable pour les parents recherchant un jouet de qualit\u00e9, attrayant et aux multiples possibilit\u00e9s de jeu.<\/p>\n<ul>\n<li>Couleur: Multicouleur<\/li>\n<li>Mati\u00e8re: Plastique<\/li>\n<li>Caract\u00e9ristiques: Multilingue<\/li>\n<li>Genre: Enfant<\/li>\n<li>\u00c2ge recommand\u00e9:\n<ul>\n<li>+ 3 ans<\/li>\n<li>Enfants<\/li>\n<\/ul>\n<\/li>\n<li>Nombre de pi\u00e8ces: 9 Pi\u00e8ces<\/li>\n<\/ul>","protected":false},"excerpt":{"rendered":"<p>Les enfants m\u00e9ritent ce qu\u2019il y a de mieux, nous vous pr\u00e9sentons donc Poup\u00e9e Frozen, id\u00e9al pour ceux qui cherchent des produits de qualit\u00e9 pour les plus petits ! Procurez-vous Frozen aux meilleurs prix ! La poup\u00e9e Frozen est un jouet sp\u00e9cialement con\u00e7u pour le jeune public, recommand\u00e9 pour les enfants \u00e0 partir de 3 [&hellip;]<\/p>\n","protected":false},"featured_media":186419,"comment_status":"open","ping_status":"closed","template":"","meta":[],"product_brand":[1762],"product_cat":[157,158,967],"product_tag":[57,59],"class_list":{"0":"post-186425","1":"product","2":"type-product","3":"status-publish","4":"has-post-thumbnail","6":"product_brand-brandp_1916","7":"product_cat-jouets-deguisements","8":"product_cat-jouets-et-jeux","9":"product_cat-poupees-et-peluches","10":"product_tag-tag_1275","11":"product_tag-tag_1304","13":"first","14":"instock","15":"taxable","16":"shipping-taxable","17":"purchasable","18":"product-type-simple"},"_links":{"self":[{"href":"https:\/\/bigbuy.tupique.com\/pt\/wp-json\/wp\/v2\/product\/186425","targetHints":{"allow":["GET"]}}],"collection":[{"href":"https:\/\/bigbuy.tupique.com\/pt\/wp-json\/wp\/v2\/product"}],"about":[{"href":"https:\/\/bigbuy.tupique.com\/pt\/wp-json\/wp\/v2\/types\/product"}],"replies":[{"embeddable":true,"href":"https:\/\/bigbuy.tupique.com\/pt\/wp-json\/wp\/v2\/comments?post=186425"}],"wp:featuredmedia":[{"embeddable":true,"href":"https:\/\/bigbuy.tupique.com\/pt\/wp-json\/wp\/v2\/media\/186419"}],"wp:attachment":[{"href":"https:\/\/bigbuy.tupique.com\/pt\/wp-json\/wp\/v2\/media?parent=186425"}],"wp:term":[{"taxonomy":"product_brand","embeddable":true,"href":"https:\/\/bigbuy.tupique.com\/pt\/wp-json\/wp\/v2\/product_brand?post=186425"},{"taxonomy":"product_cat","embeddable":true,"href":"https:\/\/bigbuy.tupique.com\/pt\/wp-json\/wp\/v2\/product_cat?post=186425"},{"taxonomy":"product_tag","embeddable":true,"href":"https:\/\/bigbuy.tupique.com\/pt\/wp-json\/wp\/v2\/product_tag?post=186425"}],"curies":[{"name":"wp","href":"https:\/\/api.w.org\/{rel}","templated":true}]}}