{"id":18639,"date":"2026-03-29T15:37:34","date_gmt":"2026-03-29T14:37:34","guid":{"rendered":"https:\/\/bigbuy.tupique.com\/produto\/dockstation-barco-cx-50\/"},"modified":"2026-04-15T01:24:57","modified_gmt":"2026-04-15T00:24:57","slug":"dockstation-barco-cx-50","status":"publish","type":"product","link":"https:\/\/bigbuy.tupique.com\/pt\/produto\/dockstation-barco-cx-50\/","title":{"rendered":"Station d&#8217;acceuil Barco CX-50"},"content":{"rendered":"<p>Si vous \u00eates passionn\u00e9 d&#8217;<b>informatique et d&#8217;\u00e9lectronique<\/b>, si vous \u00eates \u00e0 la pointe de la technologie et qu&#8217;aucun d\u00e9tail ne vous \u00e9chappe, achetez <b>Station d&#8217;acceuil Barco CX-50<\/b> au meilleur prix.<\/p>\n<p>Le <b>Barco CX-50<\/b> est une <b>station d\u2019accueil de bureau<\/b> qui allie fonctionnalit\u00e9 et connectivit\u00e9 avanc\u00e9e dans un design compact et \u00e9l\u00e9gant avec une finition <b>noire<\/b>. Elle est \u00e9quip\u00e9e de multiples interfaces incluant <b>HDMI 1.4b<\/b>, <b>USB<\/b>, <b>RJ45<\/b> et <b>Ethernet LAN<\/b>, facilitant la connexion \u00e0 divers appareils et r\u00e9seaux, apportant polyvalence \u00e0 l\u2019environnement de travail. Sa <b>r\u00e9solution HDMI maximale de 3840 x 2160 pixels<\/b> prend en charge les graphismes 4K, id\u00e9ale pour les utilisateurs n\u00e9cessitant une haute qualit\u00e9 visuelle sur \u00e9crans externes. La station int\u00e8gre \u00e9galement des technologies Wi-Fi compatibles avec les normes <b>802.11a, 802.11g, Wi-Fi 4 (802.11n) et Wi-Fi 5 (802.11ac)<\/b>, fonctionnant sur des bandes doubles <b>2,4 et 5 GHz<\/b>, garantissant une connectivit\u00e9 sans fil stable et rapide. L\u2019appareil supporte jusqu\u2019\u00e0 <b>32 utilisateurs simultan\u00e9s<\/b>, permettant un partage efficace, particuli\u00e8rement adapt\u00e9 aux environnements collaboratifs ou bureaux modernes. Son alimentation est en courant alternatif avec une plage de tension de <b>110 \u00e0 220 V<\/b> et une consommation maximale de <b>74,5 W<\/b>, assurant un fonctionnement fiable et constant. Le Barco CX-50 int\u00e8gre aussi un syst\u00e8me de s\u00e9curit\u00e9 avec verrouillage par c\u00e2ble de type <b>Kensington<\/b>, offrant une protection physique contre le vol ou les d\u00e9connexions accidentelles. En r\u00e9sum\u00e9, cette station d\u2019accueil offre un \u00e9quilibre entre connectivit\u00e9 avanc\u00e9e et facilit\u00e9 d\u2019utilisation dans un format de bureau, destin\u00e9e aux professionnels recherchant des solutions solides pour leur infrastructure technologique.<\/p>\n<ul>\n<li>Connexions:\n<ul>\n<li>Ethernet LAN<\/li>\n<li>HDMI<\/li>\n<li>USB<\/li>\n<li>RJ45<\/li>\n<li>2<\/li>\n<\/ul>\n<\/li>\n<li>Produit \u00e0 brancher: Oui<\/li>\n<li>Type de prise: Prise EU<\/li>\n<li>Bloc d\u2019Alimentation:\n<ul>\n<li>r\u00e9seau \u00e9lectrique<\/li>\n<li>Courant alternatif<\/li>\n<\/ul>\n<\/li>\n<li>Type: Bureau<\/li>\n<li>Couleur: Noir<\/li>\n<li>Connectivit\u00e9: Wi-Fi<\/li>\n<li>R\u00e9solution: 4K Ultra HD<\/li>\n<li>Hauteur: 39 mm<\/li>\n<\/ul>","protected":false},"excerpt":{"rendered":"<p>Si vous \u00eates passionn\u00e9 d&#8217;informatique et d&#8217;\u00e9lectronique, si vous \u00eates \u00e0 la pointe de la technologie et qu&#8217;aucun d\u00e9tail ne vous \u00e9chappe, achetez Station d&#8217;acceuil Barco CX-50 au meilleur prix. Le Barco CX-50 est une station d\u2019accueil de bureau qui allie fonctionnalit\u00e9 et connectivit\u00e9 avanc\u00e9e dans un design compact et \u00e9l\u00e9gant avec une finition noire. [&hellip;]<\/p>\n","protected":false},"featured_media":18636,"comment_status":"open","ping_status":"closed","template":"","meta":[],"product_brand":[987],"product_cat":[966,65,958],"product_tag":[213,106],"class_list":{"0":"post-18639","1":"product","2":"type-product","3":"status-publish","4":"has-post-thumbnail","6":"product_brand-brandp_8790","7":"product_cat-accessoires-informatiques","8":"product_cat-informatique-electronique","9":"product_cat-informatique-ordinateurs","10":"product_tag-tag_933","11":"product_tag-tag_1295","13":"first","14":"instock","15":"taxable","16":"shipping-taxable","17":"purchasable","18":"product-type-simple"},"_links":{"self":[{"href":"https:\/\/bigbuy.tupique.com\/pt\/wp-json\/wp\/v2\/product\/18639","targetHints":{"allow":["GET"]}}],"collection":[{"href":"https:\/\/bigbuy.tupique.com\/pt\/wp-json\/wp\/v2\/product"}],"about":[{"href":"https:\/\/bigbuy.tupique.com\/pt\/wp-json\/wp\/v2\/types\/product"}],"replies":[{"embeddable":true,"href":"https:\/\/bigbuy.tupique.com\/pt\/wp-json\/wp\/v2\/comments?post=18639"}],"wp:featuredmedia":[{"embeddable":true,"href":"https:\/\/bigbuy.tupique.com\/pt\/wp-json\/wp\/v2\/media\/18636"}],"wp:attachment":[{"href":"https:\/\/bigbuy.tupique.com\/pt\/wp-json\/wp\/v2\/media?parent=18639"}],"wp:term":[{"taxonomy":"product_brand","embeddable":true,"href":"https:\/\/bigbuy.tupique.com\/pt\/wp-json\/wp\/v2\/product_brand?post=18639"},{"taxonomy":"product_cat","embeddable":true,"href":"https:\/\/bigbuy.tupique.com\/pt\/wp-json\/wp\/v2\/product_cat?post=18639"},{"taxonomy":"product_tag","embeddable":true,"href":"https:\/\/bigbuy.tupique.com\/pt\/wp-json\/wp\/v2\/product_tag?post=18639"}],"curies":[{"name":"wp","href":"https:\/\/api.w.org\/{rel}","templated":true}]}}