{"id":186130,"date":"2026-04-15T02:18:41","date_gmt":"2026-04-15T01:18:41","guid":{"rendered":"https:\/\/bigbuy.tupique.com\/produto\/chaise-de-plage-fun-house-jurassic-world-vert-385-x-385-x-375-cm\/"},"modified":"2026-04-16T18:25:29","modified_gmt":"2026-04-16T17:25:29","slug":"chaise-de-plage-fun-house-jurassic-world-vert-385-x-385-x-375-cm","status":"publish","type":"product","link":"https:\/\/bigbuy.tupique.com\/pt\/produto\/chaise-de-plage-fun-house-jurassic-world-vert-385-x-385-x-375-cm\/","title":{"rendered":"Chaise de Plage Fun House JURASSIC WORLD Vert 38,5 x 38,5 x 37,5 cm"},"content":{"rendered":"<p>L&#8217;amusement est assur\u00e9 pour l&#8217;\u00e9t\u00e9, avec ces propositions qui plairont aux petits et aux grands ! Achetez <b>Chaise de Plage Fun House JURASSIC WORLD Vert 38,5 x 38,5 x 37,5 cm<\/b> et profitez de votre temps libre !<\/p>\n<p>La <b>chaise de plage JURASSIC WORLD<\/b> de la marque Fun House est un si\u00e8ge pliant sp\u00e9cialement con\u00e7u pour les enfants, id\u00e9al pour les activit\u00e9s en plein air comme la plage ou le jardin. Elle pr\u00e9sente un design th\u00e9matique avec des motifs de dinosaures, recr\u00e9ant l\u2019univers de Jurassic World, permettant aux plus petits de s\u2019asseoir comme les adultes. Cette chaise se distingue par sa <b>structure compacte et l\u00e9g\u00e8re<\/b>, avec des dimensions de <b>53 cm de hauteur x 39 cm de largeur x 39 cm de profondeur<\/b>, facilitant son transport et son rangement. De plus, elle est \u00e9quip\u00e9e d\u2019un parasol d\u2019un diam\u00e8tre d\u2019environ <b>65 cm<\/b>, offrant une protection adapt\u00e9e contre le soleil lors de longues journ\u00e9es en ext\u00e9rieur. La finition associe les couleurs <b>vert et multicolore<\/b>, apportant un aspect vif et attrayant pour les enfants. Son design pliable et robuste en fait une option pratique pour les excursions, campings ou jeux en plein air, garantissant confort et s\u00e9curit\u00e9 dans une taille adapt\u00e9e aux plus jeunes. Une fois pli\u00e9e, ses dimensions g\u00e9n\u00e9rales sont de <b>38,5 cm de hauteur et largeur par 37,5 cm de profondeur<\/b>, ce qui la rend tr\u00e8s facile \u00e0 transporter, parfaite pour accompagner les enfants dans toutes leurs aventures en plein air. Cette chaise de plage type camping allie fonctionnalit\u00e9 et amusement dans un produit pens\u00e9 pour ceux qui recherchent un si\u00e8ge confortable, pratique et au design original pour les plus jeunes. C\u2019est un choix pratique qui combine confort, portabilit\u00e9 et un visuel attractif qui plaira aux petits fans de dinosaures.<\/p>\n<ul>\n<li>Couleur:\n<ul>\n<li>Multicouleur<\/li>\n<li>Vert<\/li>\n<\/ul>\n<\/li>\n<li>Inclut: Parasol<\/li>\n<li>Type: Plage<\/li>\n<li>Utilisation recommand\u00e9e: Enfants<\/li>\n<li>Dimensions approx.: 38,5 x 38,5 x 37,5 cm<\/li>\n<\/ul>","protected":false},"excerpt":{"rendered":"<p>L&#8217;amusement est assur\u00e9 pour l&#8217;\u00e9t\u00e9, avec ces propositions qui plairont aux petits et aux grands ! Achetez Chaise de Plage Fun House JURASSIC WORLD Vert 38,5 x 38,5 x 37,5 cm et profitez de votre temps libre ! La chaise de plage JURASSIC WORLD de la marque Fun House est un si\u00e8ge pliant sp\u00e9cialement con\u00e7u [&hellip;]<\/p>\n","protected":false},"featured_media":186129,"comment_status":"open","ping_status":"closed","template":"","meta":[],"product_brand":[131],"product_cat":[239,577,1216],"product_tag":[721,59,1772,211],"class_list":{"0":"post-186130","1":"product","2":"type-product","3":"status-publish","4":"has-post-thumbnail","6":"product_brand-brandp_6067","7":"product_cat-maison-jardin","8":"product_cat-mobilier","9":"product_cat-tables-et-chaises","10":"product_tag-tag_124","11":"product_tag-tag_1304","12":"product_tag-tag_1272","13":"product_tag-tag_3","15":"first","16":"instock","17":"taxable","18":"shipping-taxable","19":"purchasable","20":"product-type-simple"},"_links":{"self":[{"href":"https:\/\/bigbuy.tupique.com\/pt\/wp-json\/wp\/v2\/product\/186130","targetHints":{"allow":["GET"]}}],"collection":[{"href":"https:\/\/bigbuy.tupique.com\/pt\/wp-json\/wp\/v2\/product"}],"about":[{"href":"https:\/\/bigbuy.tupique.com\/pt\/wp-json\/wp\/v2\/types\/product"}],"replies":[{"embeddable":true,"href":"https:\/\/bigbuy.tupique.com\/pt\/wp-json\/wp\/v2\/comments?post=186130"}],"wp:featuredmedia":[{"embeddable":true,"href":"https:\/\/bigbuy.tupique.com\/pt\/wp-json\/wp\/v2\/media\/186129"}],"wp:attachment":[{"href":"https:\/\/bigbuy.tupique.com\/pt\/wp-json\/wp\/v2\/media?parent=186130"}],"wp:term":[{"taxonomy":"product_brand","embeddable":true,"href":"https:\/\/bigbuy.tupique.com\/pt\/wp-json\/wp\/v2\/product_brand?post=186130"},{"taxonomy":"product_cat","embeddable":true,"href":"https:\/\/bigbuy.tupique.com\/pt\/wp-json\/wp\/v2\/product_cat?post=186130"},{"taxonomy":"product_tag","embeddable":true,"href":"https:\/\/bigbuy.tupique.com\/pt\/wp-json\/wp\/v2\/product_tag?post=186130"}],"curies":[{"name":"wp","href":"https:\/\/api.w.org\/{rel}","templated":true}]}}