{"id":185933,"date":"2026-04-15T01:27:45","date_gmt":"2026-04-15T00:27:45","guid":{"rendered":"https:\/\/bigbuy.tupique.com\/produto\/pot-eda-vert-plastique-ovale-moderne\/"},"modified":"2026-04-16T17:45:28","modified_gmt":"2026-04-16T16:45:28","slug":"pot-eda-vert-plastique-ovale-moderne","status":"publish","type":"product","link":"https:\/\/bigbuy.tupique.com\/pt\/produto\/pot-eda-vert-plastique-ovale-moderne\/","title":{"rendered":"Pot EDA Vert Plastique Ovale Moderne"},"content":{"rendered":"<p>Si vous aimez prendre soin de chaque d\u00e9tail de votre maison et d&#8217;\u00eatre \u00e0 la derni\u00e8re mode en mati\u00e8re de produits qui vous rendront la vie plus facile, achetez <b>Pot EDA Vert Plastique Ovale Moderne<\/b> au meilleur prix.<\/p>\n<p>Le <b>pot de fleurs Jardinera Cavaliere Osaka 19,5 L<\/b> de la marque <b>EDA<\/b> est un accessoire id\u00e9al pour d\u00e9corer et rendre fonctionnels balcons et rambardes, permettant d\u2019optimiser les petits espaces ext\u00e9rieurs. Ce jardini\u00e8re est fabriqu\u00e9e en <b>plastique r\u00e9sistant<\/b>, ce qui la rend l\u00e9g\u00e8re et durable face aux conditions climatiques, facilitant son transport et son entretien. Elle pr\u00e9sente un design <b>ovale<\/b>, qui optimise l\u2019utilisation de l\u2019espace disponible et apporte une esth\u00e9tique moderne et \u00e9l\u00e9gante avec une finition en <b>vert laurier<\/b>, une teinte qui s\u2019harmonise avec diverses plantes et environnements naturels. Elle dispose d\u2019un <b>syst\u00e8me de fixation sp\u00e9cifique<\/b> pour assurer une fixation stable sur rambardes ou balcons, garantissant s\u00e9curit\u00e9 et \u00e9vitant tout d\u00e9placement accidentel. Sa capacit\u00e9 de <b>19,5 litres<\/b> convient \u00e0 une large vari\u00e9t\u00e9 de plantes, des fleurs d\u00e9coratives aux petits l\u00e9gumes, permettant une croissance saine gr\u00e2ce \u00e0 son volume. L\u2019association des mat\u00e9riaux et du design fait de ce pot une solution pratique et d\u00e9corative pour jardins urbains ou espaces ext\u00e9rieurs limit\u00e9s, alliant fonctionnalit\u00e9 et esth\u00e9tique sans compromettre la stabilit\u00e9. La <b>Jardinera Cavaliere Osaka<\/b> s\u2019impose comme une option polyvalente et robuste pour ceux qui souhaitent int\u00e9grer de la v\u00e9g\u00e9tation dans des espaces r\u00e9duits tout en conservant s\u00e9curit\u00e9 et style.<\/p>\n<ul>\n<li>Type: Pot<\/li>\n<li>Couleur: Vert<\/li>\n<li>Pays \/ r\u00e9gion de fabrication: France<\/li>\n<li>Mat\u00e9riel: Plastique<\/li>\n<li>Forme: Ovale<\/li>\n<li>Design: Moderne<\/li>\n<\/ul>","protected":false},"excerpt":{"rendered":"<p>Si vous aimez prendre soin de chaque d\u00e9tail de votre maison et d&#8217;\u00eatre \u00e0 la derni\u00e8re mode en mati\u00e8re de produits qui vous rendront la vie plus facile, achetez Pot EDA Vert Plastique Ovale Moderne au meilleur prix. Le pot de fleurs Jardinera Cavaliere Osaka 19,5 L de la marque EDA est un accessoire id\u00e9al [&hellip;]<\/p>\n","protected":false},"featured_media":185929,"comment_status":"open","ping_status":"closed","template":"","meta":[],"product_brand":[1436],"product_cat":[759,760,239],"product_tag":[59],"class_list":{"0":"post-185933","1":"product","2":"type-product","3":"status-publish","4":"has-post-thumbnail","6":"product_brand-brandp_6034","7":"product_cat-jardin-et-terrasse","8":"product_cat-jardinage","9":"product_cat-maison-jardin","10":"product_tag-tag_1304","12":"first","13":"instock","14":"taxable","15":"shipping-taxable","16":"purchasable","17":"product-type-simple"},"_links":{"self":[{"href":"https:\/\/bigbuy.tupique.com\/pt\/wp-json\/wp\/v2\/product\/185933","targetHints":{"allow":["GET"]}}],"collection":[{"href":"https:\/\/bigbuy.tupique.com\/pt\/wp-json\/wp\/v2\/product"}],"about":[{"href":"https:\/\/bigbuy.tupique.com\/pt\/wp-json\/wp\/v2\/types\/product"}],"replies":[{"embeddable":true,"href":"https:\/\/bigbuy.tupique.com\/pt\/wp-json\/wp\/v2\/comments?post=185933"}],"wp:featuredmedia":[{"embeddable":true,"href":"https:\/\/bigbuy.tupique.com\/pt\/wp-json\/wp\/v2\/media\/185929"}],"wp:attachment":[{"href":"https:\/\/bigbuy.tupique.com\/pt\/wp-json\/wp\/v2\/media?parent=185933"}],"wp:term":[{"taxonomy":"product_brand","embeddable":true,"href":"https:\/\/bigbuy.tupique.com\/pt\/wp-json\/wp\/v2\/product_brand?post=185933"},{"taxonomy":"product_cat","embeddable":true,"href":"https:\/\/bigbuy.tupique.com\/pt\/wp-json\/wp\/v2\/product_cat?post=185933"},{"taxonomy":"product_tag","embeddable":true,"href":"https:\/\/bigbuy.tupique.com\/pt\/wp-json\/wp\/v2\/product_tag?post=185933"}],"curies":[{"name":"wp","href":"https:\/\/api.w.org\/{rel}","templated":true}]}}