{"id":18589,"date":"2026-03-29T15:26:11","date_gmt":"2026-03-29T14:26:11","guid":{"rendered":"https:\/\/bigbuy.tupique.com\/produto\/ladies-watch-mido-baroncelli\/"},"modified":"2026-04-15T01:23:56","modified_gmt":"2026-04-15T00:23:56","slug":"ladies-watch-mido-baroncelli","status":"publish","type":"product","link":"https:\/\/bigbuy.tupique.com\/pt\/produto\/ladies-watch-mido-baroncelli\/","title":{"rendered":"Montre Femme Mido BARONCELLI"},"content":{"rendered":"<p>Si vous aimez suivre les derni\u00e8res tendances en mati\u00e8re de mode et accessoires, achetez <b>Montre Femme Mido BARONCELLI<\/b> au meilleur prix.<\/p>\n<p>La <b>montre pour femme<\/b> Mido M0378071103100 incarne l\u2019\u00e9quilibre parfait entre design contemporain et fonctionnalit\u00e9s avanc\u00e9es, id\u00e9ale pour celles qui recherchent un accessoire \u00e0 la fois fonctionnel et \u00e9l\u00e9gant au quotidien. Son <b>bracelet en acier inoxydable<\/b> gris offre r\u00e9sistance et durabilit\u00e9 face \u00e0 l\u2019usure, tout en soulignant son allure sophistiqu\u00e9e, s\u2019adaptant \u00e0 tous les styles et occasions. Le <b>cadran blanc<\/b> assure une excellente lisibilit\u00e9 et apporte une touche intemporelle, tandis que le <b>verre saphir<\/b>, hautement r\u00e9sistant aux rayures, prot\u00e8ge efficacement le cadran contre les chocs et l\u2019usage journalier. Son <b>\u00e9tanch\u00e9it\u00e9 de 10 atm<\/b> permet de la porter lors d\u2019activit\u00e9s comme la natation ou sous la douche, offrant une tranquillit\u00e9 d\u2019esprit sans avoir \u00e0 l\u2019enlever constamment. Ce mod\u00e8le, con\u00e7u sp\u00e9cialement pour <b>femme<\/b>, associe des \u00e9l\u00e9ments classiques et modernes dans un ensemble robuste et polyvalent, convenant aussi bien \u00e0 un contexte formel qu\u2019\u00e0 un usage quotidien. En r\u00e9sum\u00e9, la Mido M0378071103100 se distingue comme une <b>montre pour femme<\/b> sophistiqu\u00e9e et durable, r\u00e9pondant aux attentes les plus \u00e9lev\u00e9es en mati\u00e8re de style et de fiabilit\u00e9.<\/p>\n<ul>\n<li>Genre: Femme<\/li>\n<li>Liens suppl\u00e9mentaires: Non<\/li>\n<li>Type de montre: Montre-bracelet<\/li>\n<\/ul>","protected":false},"excerpt":{"rendered":"<p>Si vous aimez suivre les derni\u00e8res tendances en mati\u00e8re de mode et accessoires, achetez Montre Femme Mido BARONCELLI au meilleur prix. La montre pour femme Mido M0378071103100 incarne l\u2019\u00e9quilibre parfait entre design contemporain et fonctionnalit\u00e9s avanc\u00e9es, id\u00e9ale pour celles qui recherchent un accessoire \u00e0 la fois fonctionnel et \u00e9l\u00e9gant au quotidien. Son bracelet en acier [&hellip;]<\/p>\n","protected":false},"featured_media":18587,"comment_status":"open","ping_status":"closed","template":"","meta":[],"product_brand":[796],"product_cat":[544,546,545],"product_tag":[103,542,543],"class_list":{"0":"post-18589","1":"product","2":"type-product","3":"status-publish","4":"has-post-thumbnail","6":"product_brand-brandp_6824","7":"product_cat-mode-accessoires","8":"product_cat-montres-femme","9":"product_cat-montres-bracelets","10":"product_tag-tag_1261","11":"product_tag-tag_1274","12":"product_tag-tag_61","14":"first","15":"instock","16":"taxable","17":"shipping-taxable","18":"purchasable","19":"product-type-simple"},"_links":{"self":[{"href":"https:\/\/bigbuy.tupique.com\/pt\/wp-json\/wp\/v2\/product\/18589","targetHints":{"allow":["GET"]}}],"collection":[{"href":"https:\/\/bigbuy.tupique.com\/pt\/wp-json\/wp\/v2\/product"}],"about":[{"href":"https:\/\/bigbuy.tupique.com\/pt\/wp-json\/wp\/v2\/types\/product"}],"replies":[{"embeddable":true,"href":"https:\/\/bigbuy.tupique.com\/pt\/wp-json\/wp\/v2\/comments?post=18589"}],"wp:featuredmedia":[{"embeddable":true,"href":"https:\/\/bigbuy.tupique.com\/pt\/wp-json\/wp\/v2\/media\/18587"}],"wp:attachment":[{"href":"https:\/\/bigbuy.tupique.com\/pt\/wp-json\/wp\/v2\/media?parent=18589"}],"wp:term":[{"taxonomy":"product_brand","embeddable":true,"href":"https:\/\/bigbuy.tupique.com\/pt\/wp-json\/wp\/v2\/product_brand?post=18589"},{"taxonomy":"product_cat","embeddable":true,"href":"https:\/\/bigbuy.tupique.com\/pt\/wp-json\/wp\/v2\/product_cat?post=18589"},{"taxonomy":"product_tag","embeddable":true,"href":"https:\/\/bigbuy.tupique.com\/pt\/wp-json\/wp\/v2\/product_tag?post=18589"}],"curies":[{"name":"wp","href":"https:\/\/api.w.org\/{rel}","templated":true}]}}