{"id":185739,"date":"2026-04-15T00:50:27","date_gmt":"2026-04-14T23:50:27","guid":{"rendered":"https:\/\/bigbuy.tupique.com\/produto\/pot-eda-3210103482-gris-anthracite-plastique-o-40-cm\/"},"modified":"2026-04-16T17:51:55","modified_gmt":"2026-04-16T16:51:55","slug":"pot-eda-3210103482-gris-anthracite-plastique-o-40-cm","status":"publish","type":"product","link":"https:\/\/bigbuy.tupique.com\/pt\/produto\/pot-eda-3210103482-gris-anthracite-plastique-o-40-cm\/","title":{"rendered":"Pot EDA 3210103482 Gris Anthracite Plastique \u00d8 40 cm"},"content":{"rendered":"<p>Si vous aimez prendre soin de chaque d\u00e9tail de votre maison et d&#8217;\u00eatre \u00e0 la derni\u00e8re mode en mati\u00e8re de produits qui vous rendront la vie plus facile, achetez <b>Pot EDA 3210103482 Gris Anthracite Plastique \u00d8 40 cm<\/b> au meilleur prix.<\/p>\n<p>Le <b>pot EDA<\/b> mod\u00e8le 3210103482 est une solution polyvalente et fonctionnelle pour l\u2019entretien des plantes, con\u00e7u dans une \u00e9l\u00e9gante couleur <b>gris anthracite<\/b> et fabriqu\u00e9 en <b>plastique 100 % recyclable<\/b>, garantissant un engagement durable sans sacrifier la durabilit\u00e9. Avec un diam\u00e8tre d\u2019environ <b>40 cm<\/b> et une capacit\u00e9 de r\u00e9tention d\u2019eau de <b>14,9 litres<\/b>, ce pot offre une taille optimale pour une grande vari\u00e9t\u00e9 de plantes, en int\u00e9rieur comme en ext\u00e9rieur. Son design int\u00e8gre plusieurs perforations facilitant un drainage efficace et \u00e9vitant l\u2019engorgement, contribuant ainsi \u00e0 un environnement sain pour les racines. De plus, sa r\u00e9sistance au gel le rend particuli\u00e8rement adapt\u00e9 aux climats variables, prolongeant sa dur\u00e9e de vie et conservant son aspect intact dans des conditions difficiles. Ce pot d\u00e9cor\u00e9 Graphit&#8217;Up apporte une touche moderne et sobre \u00e0 tout espace, jardin, terrasse ou balcon, alliant fonctionnalit\u00e9 et esth\u00e9tique en une seule pi\u00e8ce. En r\u00e9sum\u00e9, le pot EDA Graphit&#8217;Up repr\u00e9sente une option durable et pratique pour ceux qui recherchent qualit\u00e9 et durabilit\u00e9 dans l\u2019entretien de leurs plantes.<\/p>\n<ul>\n<li>Type: Pot<\/li>\n<li>Couleur:\n<ul>\n<li>Gris<\/li>\n<li>Anthracite<\/li>\n<\/ul>\n<\/li>\n<li>Mat\u00e9riel: Plastique<\/li>\n<li>Caract\u00e9ristiques: Mat\u00e9riaux recycl\u00e9s<\/li>\n<li>diam\u00e8tre approx.: \u00d8 40 cm<\/li>\n<li>Capacit\u00e9: 14,9 L<\/li>\n<\/ul>","protected":false},"excerpt":{"rendered":"<p>Si vous aimez prendre soin de chaque d\u00e9tail de votre maison et d&#8217;\u00eatre \u00e0 la derni\u00e8re mode en mati\u00e8re de produits qui vous rendront la vie plus facile, achetez Pot EDA 3210103482 Gris Anthracite Plastique \u00d8 40 cm au meilleur prix. Le pot EDA mod\u00e8le 3210103482 est une solution polyvalente et fonctionnelle pour l\u2019entretien des [&hellip;]<\/p>\n","protected":false},"featured_media":185738,"comment_status":"open","ping_status":"closed","template":"","meta":[],"product_brand":[1436],"product_cat":[759,760,239],"product_tag":[59],"class_list":{"0":"post-185739","1":"product","2":"type-product","3":"status-publish","4":"has-post-thumbnail","6":"product_brand-brandp_6034","7":"product_cat-jardin-et-terrasse","8":"product_cat-jardinage","9":"product_cat-maison-jardin","10":"product_tag-tag_1304","12":"first","13":"instock","14":"taxable","15":"shipping-taxable","16":"purchasable","17":"product-type-simple"},"_links":{"self":[{"href":"https:\/\/bigbuy.tupique.com\/pt\/wp-json\/wp\/v2\/product\/185739","targetHints":{"allow":["GET"]}}],"collection":[{"href":"https:\/\/bigbuy.tupique.com\/pt\/wp-json\/wp\/v2\/product"}],"about":[{"href":"https:\/\/bigbuy.tupique.com\/pt\/wp-json\/wp\/v2\/types\/product"}],"replies":[{"embeddable":true,"href":"https:\/\/bigbuy.tupique.com\/pt\/wp-json\/wp\/v2\/comments?post=185739"}],"wp:featuredmedia":[{"embeddable":true,"href":"https:\/\/bigbuy.tupique.com\/pt\/wp-json\/wp\/v2\/media\/185738"}],"wp:attachment":[{"href":"https:\/\/bigbuy.tupique.com\/pt\/wp-json\/wp\/v2\/media?parent=185739"}],"wp:term":[{"taxonomy":"product_brand","embeddable":true,"href":"https:\/\/bigbuy.tupique.com\/pt\/wp-json\/wp\/v2\/product_brand?post=185739"},{"taxonomy":"product_cat","embeddable":true,"href":"https:\/\/bigbuy.tupique.com\/pt\/wp-json\/wp\/v2\/product_cat?post=185739"},{"taxonomy":"product_tag","embeddable":true,"href":"https:\/\/bigbuy.tupique.com\/pt\/wp-json\/wp\/v2\/product_tag?post=185739"}],"curies":[{"name":"wp","href":"https:\/\/api.w.org\/{rel}","templated":true}]}}