{"id":185732,"date":"2026-04-15T00:49:14","date_gmt":"2026-04-14T23:49:14","guid":{"rendered":"https:\/\/bigbuy.tupique.com\/produto\/enceintes-pour-voiture-mtx-audio-tx250s\/"},"modified":"2026-05-11T20:02:36","modified_gmt":"2026-05-11T18:02:36","slug":"enceintes-pour-voiture-mtx-audio-tx250s","status":"publish","type":"product","link":"https:\/\/bigbuy.tupique.com\/pt\/produto\/enceintes-pour-voiture-mtx-audio-tx250s\/","title":{"rendered":"Enceintes pour Voiture Mtx Audio  TX250S"},"content":{"rendered":"<p>\u00c9quipez votre v\u00e9hicule avec les derni\u00e8res nouveaut\u00e9s du secteur ! Achetez <b>Enceintes pour Voiture Mtx Audio  TX250S<\/b> et aucun d\u00e9tail ne vous \u00e9chappera!<\/p>\n<p>Le <b>kit d\u2019enceintes pour voiture MTX Audio TX250S<\/b> est un syst\u00e8me audio con\u00e7u pour offrir une reproduction claire et puissante \u00e0 l\u2019int\u00e9rieur des v\u00e9hicules. Cet ensemble comprend des enceintes <b>2 voies avec un woofer de 13 cm<\/b> de diam\u00e8tre et un tweeter \u00e0 d\u00f4me en aluminium de 25 mm, assurant une r\u00e9ponse \u00e9quilibr\u00e9e dans les m\u00e9diums et les aigus. La membrane en polypropyl\u00e8ne associ\u00e9e \u00e0 la suspension en caoutchouc garantit une meilleure durabilit\u00e9 et r\u00e9sistance aux vibrations, assurant une qualit\u00e9 sonore constante. Avec une <b>puissance RMS de 55 W<\/b> et un pic allant jusqu\u2019\u00e0 <b>220 W<\/b>, ces enceintes d\u00e9livrent une performance stable capable de g\u00e9rer des pics de volume sans distorsion notable. Leur imp\u00e9dance de <b>4 ohms<\/b> facilite la compatibilit\u00e9 avec une large gamme d\u2019amplificateurs standards pour voiture. De plus, elles pr\u00e9sentent une sensibilit\u00e9 de <b>91,5 dB (2,83V\/1m)<\/b>, optimisant l\u2019efficacit\u00e9 acoustique et am\u00e9liorant la r\u00e9ponse dynamique. La r\u00e9ponse en fr\u00e9quence s\u2019\u00e9tend de <b>60 Hz \u00e0 25 000 Hz<\/b>, garantissant une reproduction fid\u00e8le des graves aux aigus les plus pr\u00e9cis. Leur profondeur d\u2019installation est r\u00e9duite, avec <b>52 mm<\/b>, ce qui facilite la pose dans presque tous les v\u00e9hicules sans modifications importantes des portes ou panneaux. La finition en <b>noir<\/b> offre un design discret et \u00e9l\u00e9gant, tandis que les grilles de protection incluses prot\u00e8gent contre les chocs et la poussi\u00e8re, pr\u00e9servant les composants internes. En r\u00e9sum\u00e9, le TX250S de MTX Audio est une solution fiable et technique pour ceux qui souhaitent am\u00e9liorer le son de leur voiture avec un produit polyvalent et bien \u00e9quilibr\u00e9 en puissance, r\u00e9ponse et construction.<\/p>\n<ul>\n<li>diam\u00e8tre approx.: \u00d8 13 cm<\/li>\n<li>puissance: 55 W<\/li>\n<li>Puissance RMS: 220 W<\/li>\n<li>Type: Haut-parleurs<\/li>\n<\/ul>","protected":false},"excerpt":{"rendered":"<p>\u00c9quipez votre v\u00e9hicule avec les derni\u00e8res nouveaut\u00e9s du secteur ! Achetez Enceintes pour Voiture Mtx Audio TX250S et aucun d\u00e9tail ne vous \u00e9chappera! Le kit d\u2019enceintes pour voiture MTX Audio TX250S est un syst\u00e8me audio con\u00e7u pour offrir une reproduction claire et puissante \u00e0 l\u2019int\u00e9rieur des v\u00e9hicules. Cet ensemble comprend des enceintes 2 voies avec [&hellip;]<\/p>\n","protected":false},"featured_media":185731,"comment_status":"open","ping_status":"closed","template":"","meta":[],"product_brand":[1097],"product_cat":[623,1224,65],"product_tag":[59],"class_list":{"0":"post-185732","1":"product","2":"type-product","3":"status-publish","4":"has-post-thumbnail","6":"product_brand-brandp_5967","7":"product_cat-electronique-gps-et-automobile","8":"product_cat-enceintes-pour-voiture","9":"product_cat-informatique-electronique","10":"product_tag-tag_1304","12":"first","13":"instock","14":"taxable","15":"shipping-taxable","16":"purchasable","17":"product-type-simple"},"_links":{"self":[{"href":"https:\/\/bigbuy.tupique.com\/pt\/wp-json\/wp\/v2\/product\/185732","targetHints":{"allow":["GET"]}}],"collection":[{"href":"https:\/\/bigbuy.tupique.com\/pt\/wp-json\/wp\/v2\/product"}],"about":[{"href":"https:\/\/bigbuy.tupique.com\/pt\/wp-json\/wp\/v2\/types\/product"}],"replies":[{"embeddable":true,"href":"https:\/\/bigbuy.tupique.com\/pt\/wp-json\/wp\/v2\/comments?post=185732"}],"wp:featuredmedia":[{"embeddable":true,"href":"https:\/\/bigbuy.tupique.com\/pt\/wp-json\/wp\/v2\/media\/185731"}],"wp:attachment":[{"href":"https:\/\/bigbuy.tupique.com\/pt\/wp-json\/wp\/v2\/media?parent=185732"}],"wp:term":[{"taxonomy":"product_brand","embeddable":true,"href":"https:\/\/bigbuy.tupique.com\/pt\/wp-json\/wp\/v2\/product_brand?post=185732"},{"taxonomy":"product_cat","embeddable":true,"href":"https:\/\/bigbuy.tupique.com\/pt\/wp-json\/wp\/v2\/product_cat?post=185732"},{"taxonomy":"product_tag","embeddable":true,"href":"https:\/\/bigbuy.tupique.com\/pt\/wp-json\/wp\/v2\/product_tag?post=185732"}],"curies":[{"name":"wp","href":"https:\/\/api.w.org\/{rel}","templated":true}]}}