{"id":185708,"date":"2026-04-15T00:47:12","date_gmt":"2026-04-14T23:47:12","guid":{"rendered":"https:\/\/bigbuy.tupique.com\/produto\/poupee-bandai-rena-rouge-26-cm\/"},"modified":"2026-04-16T16:22:38","modified_gmt":"2026-04-16T15:22:38","slug":"poupee-bandai-rena-rouge-26-cm","status":"publish","type":"product","link":"https:\/\/bigbuy.tupique.com\/pt\/produto\/poupee-bandai-rena-rouge-26-cm\/","title":{"rendered":"Poup\u00e9e Bandai Rena Rouge\t 26 cm"},"content":{"rendered":"<p>Les enfants m\u00e9ritent ce qu\u2019il y a de mieux, nous vous pr\u00e9sentons donc <b>Poup\u00e9e Bandai Rena Rouge\t 26 cm<\/b>, id\u00e9al pour ceux qui cherchent des produits de qualit\u00e9 pour les plus petits ! Procurez-vous <b>Bandai<\/b> aux meilleurs prix !<\/p>\n<p>La <b>poup\u00e9e Rena Rouge<\/b> de <b>Bandai<\/b> est un produit pour enfants \u00e0 partir de <b>4 ans<\/b> et fait partie de la collection officielle bas\u00e9e sur la s\u00e9rie populaire \u00ab Miraculous, les aventures de Ladybug et Chat Noir \u00bb. Cette poup\u00e9e est fabriqu\u00e9e en <b>plastique<\/b> de haute qualit\u00e9 et pr\u00e9sente un design d\u00e9taill\u00e9 qui reproduit fid\u00e8lement l\u2019apparence du personnage Rena Rouge, caract\u00e9ris\u00e9 par sa couleur <b>orange<\/b> vive. Avec une hauteur d\u2019environ <b>26 cm<\/b> et un poids l\u00e9ger de <b>250 grammes<\/b>, elle a une taille id\u00e9ale pour que les enfants puissent la manipuler facilement pendant le jeu. De plus, elle int\u00e8gre une technologie \u00e0 <b>batterie<\/b> pouvant activer des fonctions suppl\u00e9mentaires, bien que celles-ci ne soient pas d\u00e9taill\u00e9es dans cette version. La poup\u00e9e invite \u00e0 revivre les aventures de la s\u00e9rie et encourage le jeu imaginatif, \u00e9tant une pi\u00e8ce parfaite tant pour les collectionneurs que pour les jeunes fans des super-h\u00e9ros de Miraculous. Sa finition plastique garantit r\u00e9sistance et durabilit\u00e9, adapt\u00e9e \u00e0 un usage enfantin courant. Cette figurine fait partie d\u2019une gamme de jouets permettant aux fans de recr\u00e9er des sc\u00e8nes et de d\u00e9velopper leurs propres histoires, enrichissant l\u2019exp\u00e9rience de jeu avec des personnages originaux et reconnaissables. En somme, la poup\u00e9e Rena Rouge de Bandai offre qualit\u00e9, authenticit\u00e9 et un format accessible, constituant une option adapt\u00e9e pour compl\u00e9ter une collection de jouets li\u00e9e \u00e0 la s\u00e9rie et stimuler la cr\u00e9ativit\u00e9 des enfants.<\/p>\n<ul>\n<li>Dimensions approx.: 26 cm<\/li>\n<li>\u00c2ge recommand\u00e9: + 4 Ans<\/li>\n<\/ul>","protected":false},"excerpt":{"rendered":"<p>Les enfants m\u00e9ritent ce qu\u2019il y a de mieux, nous vous pr\u00e9sentons donc Poup\u00e9e Bandai Rena Rouge 26 cm, id\u00e9al pour ceux qui cherchent des produits de qualit\u00e9 pour les plus petits ! Procurez-vous Bandai aux meilleurs prix ! La poup\u00e9e Rena Rouge de Bandai est un produit pour enfants \u00e0 partir de 4 ans [&hellip;]<\/p>\n","protected":false},"featured_media":185707,"comment_status":"open","ping_status":"closed","template":"","meta":[],"product_brand":[124],"product_cat":[157,158,967],"product_tag":[57,59],"class_list":{"0":"post-185708","1":"product","2":"type-product","3":"status-publish","4":"has-post-thumbnail","6":"product_brand-brandp_1879","7":"product_cat-jouets-deguisements","8":"product_cat-jouets-et-jeux","9":"product_cat-poupees-et-peluches","10":"product_tag-tag_1275","11":"product_tag-tag_1304","13":"first","14":"instock","15":"taxable","16":"shipping-taxable","17":"purchasable","18":"product-type-simple"},"_links":{"self":[{"href":"https:\/\/bigbuy.tupique.com\/pt\/wp-json\/wp\/v2\/product\/185708","targetHints":{"allow":["GET"]}}],"collection":[{"href":"https:\/\/bigbuy.tupique.com\/pt\/wp-json\/wp\/v2\/product"}],"about":[{"href":"https:\/\/bigbuy.tupique.com\/pt\/wp-json\/wp\/v2\/types\/product"}],"replies":[{"embeddable":true,"href":"https:\/\/bigbuy.tupique.com\/pt\/wp-json\/wp\/v2\/comments?post=185708"}],"wp:featuredmedia":[{"embeddable":true,"href":"https:\/\/bigbuy.tupique.com\/pt\/wp-json\/wp\/v2\/media\/185707"}],"wp:attachment":[{"href":"https:\/\/bigbuy.tupique.com\/pt\/wp-json\/wp\/v2\/media?parent=185708"}],"wp:term":[{"taxonomy":"product_brand","embeddable":true,"href":"https:\/\/bigbuy.tupique.com\/pt\/wp-json\/wp\/v2\/product_brand?post=185708"},{"taxonomy":"product_cat","embeddable":true,"href":"https:\/\/bigbuy.tupique.com\/pt\/wp-json\/wp\/v2\/product_cat?post=185708"},{"taxonomy":"product_tag","embeddable":true,"href":"https:\/\/bigbuy.tupique.com\/pt\/wp-json\/wp\/v2\/product_tag?post=185708"}],"curies":[{"name":"wp","href":"https:\/\/api.w.org\/{rel}","templated":true}]}}