{"id":184799,"date":"2026-04-14T21:36:50","date_gmt":"2026-04-14T20:36:50","guid":{"rendered":"https:\/\/bigbuy.tupique.com\/produto\/network-storage-synology-rs822-black-multicolour-am4-socket-amd-ryzen-amd-ryzen-v1500b\/"},"modified":"2026-04-15T10:55:47","modified_gmt":"2026-04-15T09:55:47","slug":"network-storage-synology-rs822-black-multicolour-am4-socket-amd-ryzen-amd-ryzen-v1500b","status":"publish","type":"product","link":"https:\/\/bigbuy.tupique.com\/pt\/produto\/network-storage-synology-rs822-black-multicolour-am4-socket-amd-ryzen-amd-ryzen-v1500b\/","title":{"rendered":"Stockage r\u00e9seau Synology RS822+ Noir Multicouleur AM4 Socket: AMD Ryzen\u2122 AMD Ryzen V1500B"},"content":{"rendered":"<p>Si vous \u00eates passionn\u00e9 d&#8217;<b>informatique et d&#8217;\u00e9lectronique<\/b>, si vous \u00eates \u00e0 la pointe de la technologie et qu&#8217;aucun d\u00e9tail ne vous \u00e9chappe, achetez <b>Stockage r\u00e9seau Synology RS822+ Noir Multicouleur AM4 Socket: AMD Ryzen\u2122 AMD Ryzen V1500B<\/b> au meilleur prix.<\/p>\n<p>Le <b>Synology RackStation RS822+<\/b> est un syst\u00e8me de <b>stockage en r\u00e9seau (NAS)<\/b> con\u00e7u pour les environnements professionnels n\u00e9cessitant une gestion efficace et s\u00e9curis\u00e9e des donn\u00e9es. \u00c9quip\u00e9 d\u2019un processeur <b>Ryzen Embedded V1500B<\/b> de la famille Ryzen Embedded, cadenc\u00e9 \u00e0 <b>2,2 GHz<\/b>, ce NAS offre des performances stables et puissantes, id\u00e9ales pour les applications d\u2019entreprise et les serveurs de fichiers. Il dispose de <b>2 Go de m\u00e9moire DDR4 interne<\/b> assurant une gestion fluide du syst\u00e8me d\u2019exploitation <b>DSM (DiskStation Manager)<\/b>, d\u00e9velopp\u00e9 par Synology pour optimiser la gestion des donn\u00e9es, la s\u00e9curit\u00e9 et l\u2019int\u00e9gration de multiples services r\u00e9seau. Son <b>bo\u00eetier noir<\/b> est con\u00e7u au format <b>ATX<\/b>, facilitant l\u2019installation dans des racks standards, tandis que sa conception inclut des ports USB pour \u00e9tendre les options d\u2019ajout de p\u00e9riph\u00e9riques et de stockage externe. La compatibilit\u00e9 avec les disques <b>HDD\/SSD<\/b> offre une flexibilit\u00e9 pour des configurations personnalis\u00e9es selon les besoins en vitesse et capacit\u00e9, garantissant un bon \u00e9quilibre co\u00fbt\/performance. Il int\u00e8gre \u00e9galement un <b>interrupteur marche\/arr\u00eat<\/b> pour une manipulation physique ais\u00e9e en milieu professionnel. Le RS822+ est un serveur NAS polyvalent qui allie fiabilit\u00e9 mat\u00e9rielle et syst\u00e8me d\u2019exploitation avanc\u00e9, con\u00e7u pour fournir un acc\u00e8s rapide, s\u00e9curis\u00e9 et partag\u00e9 \u00e0 de grands volumes de donn\u00e9es, avec la robustesse requise dans les environnements o\u00f9 la disponibilit\u00e9 et l\u2019int\u00e9grit\u00e9 des informations sont critiques. Ce mod\u00e8le repr\u00e9sente une solution technologique solide et \u00e9volutive pour les utilisateurs professionnels recherchant un stockage en r\u00e9seau performant et facile \u00e0 g\u00e9rer.<\/p>\n<ul>\n<li>Type:\n<ul>\n<li>DDR4<\/li>\n<li>Serveur<\/li>\n<li>NAS<\/li>\n<\/ul>\n<\/li>\n<li>\u00c9lev\u00e9: 44 mm<\/li>\n<li>Connexions:\n<ul>\n<li>SO-DIMM<\/li>\n<li>Sata II<\/li>\n<\/ul>\n<\/li>\n<li>Nombre de Baies: 3,5&#8243; x 4<\/li>\n<li>Processeur: 2,2 GHz<\/li>\n<li>M\u00e9moire RAM: 2 GB RAM<\/li>\n<li>Tension: 100-240 V<\/li>\n<li>Fr\u00e9quence: 50-60 Hz<\/li>\n<li>Compatible: HDD\/SSD<\/li>\n<\/ul>","protected":false},"excerpt":{"rendered":"<p>Si vous \u00eates passionn\u00e9 d&#8217;informatique et d&#8217;\u00e9lectronique, si vous \u00eates \u00e0 la pointe de la technologie et qu&#8217;aucun d\u00e9tail ne vous \u00e9chappe, achetez Stockage r\u00e9seau Synology RS822+ Noir Multicouleur AM4 Socket: AMD Ryzen\u2122 AMD Ryzen V1500B au meilleur prix. Le Synology RackStation RS822+ est un syst\u00e8me de stockage en r\u00e9seau (NAS) con\u00e7u pour les environnements [&hellip;]<\/p>\n","protected":false},"featured_media":184796,"comment_status":"open","ping_status":"closed","template":"","meta":[],"product_brand":[990],"product_cat":[588,65,584],"product_tag":[106],"class_list":{"0":"post-184799","1":"product","2":"type-product","3":"status-publish","4":"has-post-thumbnail","6":"product_brand-brandp_653","7":"product_cat-disques-durs","8":"product_cat-informatique-electronique","9":"product_cat-informatique-reseaux-et-composants","10":"product_tag-tag_1295","12":"first","13":"instock","14":"taxable","15":"shipping-taxable","16":"purchasable","17":"product-type-simple"},"_links":{"self":[{"href":"https:\/\/bigbuy.tupique.com\/pt\/wp-json\/wp\/v2\/product\/184799","targetHints":{"allow":["GET"]}}],"collection":[{"href":"https:\/\/bigbuy.tupique.com\/pt\/wp-json\/wp\/v2\/product"}],"about":[{"href":"https:\/\/bigbuy.tupique.com\/pt\/wp-json\/wp\/v2\/types\/product"}],"replies":[{"embeddable":true,"href":"https:\/\/bigbuy.tupique.com\/pt\/wp-json\/wp\/v2\/comments?post=184799"}],"wp:featuredmedia":[{"embeddable":true,"href":"https:\/\/bigbuy.tupique.com\/pt\/wp-json\/wp\/v2\/media\/184796"}],"wp:attachment":[{"href":"https:\/\/bigbuy.tupique.com\/pt\/wp-json\/wp\/v2\/media?parent=184799"}],"wp:term":[{"taxonomy":"product_brand","embeddable":true,"href":"https:\/\/bigbuy.tupique.com\/pt\/wp-json\/wp\/v2\/product_brand?post=184799"},{"taxonomy":"product_cat","embeddable":true,"href":"https:\/\/bigbuy.tupique.com\/pt\/wp-json\/wp\/v2\/product_cat?post=184799"},{"taxonomy":"product_tag","embeddable":true,"href":"https:\/\/bigbuy.tupique.com\/pt\/wp-json\/wp\/v2\/product_tag?post=184799"}],"curies":[{"name":"wp","href":"https:\/\/api.w.org\/{rel}","templated":true}]}}