{"id":18477,"date":"2026-03-29T15:23:39","date_gmt":"2026-03-29T14:23:39","guid":{"rendered":"https:\/\/bigbuy.tupique.com\/produto\/mens-watch-guess-w0799g2-gold\/"},"modified":"2026-04-15T01:23:47","modified_gmt":"2026-04-15T00:23:47","slug":"mens-watch-guess-w0799g2-gold","status":"publish","type":"product","link":"https:\/\/bigbuy.tupique.com\/pt\/produto\/mens-watch-guess-w0799g2-gold\/","title":{"rendered":"Montre Homme Guess W0799G2 Or"},"content":{"rendered":"<p>Si vous aimez suivre les derni\u00e8res tendances en mati\u00e8re de mode et accessoires, achetez <b>Montre Homme Guess W0799G2 Or<\/b> au meilleur prix.<\/p>\n<ul>\n<li>Genre: Homme<\/li>\n<li>Liens suppl\u00e9mentaires: Non<\/li>\n<li>Type de montre: Montre-bracelet<\/li>\n<li>Type:\n<ul>\n<li>Analogique<\/li>\n<li>De poignet<\/li>\n<\/ul>\n<\/li>\n<li>Pays \/ r\u00e9gion de fabrication: Chine<\/li>\n<li>Couleur: Or<\/li>\n<li>Mat\u00e9riel: M\u00e9tal<\/li>\n<li>Caract\u00e9ristiques:\n<ul>\n<li>R\u00e9sistant \u00e0 l&#8217;eau<\/li>\n<li>R\u00e9sistant \u00e0 la poussi\u00e8re<\/li>\n<li>Calendrier<\/li>\n<li>R\u00e9sistant aux rayures<\/li>\n<li>Chronom\u00e8tre<\/li>\n<li>Chronographe<\/li>\n<\/ul>\n<\/li>\n<li>Ann\u00e9e: 2018<\/li>\n<li>Mat\u00e9riau du bracelet: Acier inoxydable<\/li>\n<li>Materiau du bo\u00eetier: Acier inoxydable<\/li>\n<li>Couleur du bracelet: Multicouleur<\/li>\n<li>Forme: Rond<\/li>\n<li>Type de mouvement: Quartz<\/li>\n<li>Produit fragile: Oui<\/li>\n<\/ul>","protected":false},"excerpt":{"rendered":"<p>Si vous aimez suivre les derni\u00e8res tendances en mati\u00e8re de mode et accessoires, achetez Montre Homme Guess W0799G2 Or au meilleur prix. Genre: Homme Liens suppl\u00e9mentaires: Non Type de montre: Montre-bracelet Type: Analogique De poignet Pays \/ r\u00e9gion de fabrication: Chine Couleur: Or Mat\u00e9riel: M\u00e9tal Caract\u00e9ristiques: R\u00e9sistant \u00e0 l&#8217;eau R\u00e9sistant \u00e0 la poussi\u00e8re Calendrier R\u00e9sistant [&hellip;]<\/p>\n","protected":false},"featured_media":18473,"comment_status":"open","ping_status":"closed","template":"","meta":[],"product_brand":[553],"product_cat":[544,574,545],"product_tag":[103,543],"class_list":{"0":"post-18477","1":"product","2":"type-product","3":"status-publish","4":"has-post-thumbnail","6":"product_brand-brandp_835","7":"product_cat-mode-accessoires","8":"product_cat-montres-homme","9":"product_cat-montres-bracelets","10":"product_tag-tag_1261","11":"product_tag-tag_61","13":"first","14":"instock","15":"taxable","16":"shipping-taxable","17":"purchasable","18":"product-type-simple"},"_links":{"self":[{"href":"https:\/\/bigbuy.tupique.com\/pt\/wp-json\/wp\/v2\/product\/18477","targetHints":{"allow":["GET"]}}],"collection":[{"href":"https:\/\/bigbuy.tupique.com\/pt\/wp-json\/wp\/v2\/product"}],"about":[{"href":"https:\/\/bigbuy.tupique.com\/pt\/wp-json\/wp\/v2\/types\/product"}],"replies":[{"embeddable":true,"href":"https:\/\/bigbuy.tupique.com\/pt\/wp-json\/wp\/v2\/comments?post=18477"}],"wp:featuredmedia":[{"embeddable":true,"href":"https:\/\/bigbuy.tupique.com\/pt\/wp-json\/wp\/v2\/media\/18473"}],"wp:attachment":[{"href":"https:\/\/bigbuy.tupique.com\/pt\/wp-json\/wp\/v2\/media?parent=18477"}],"wp:term":[{"taxonomy":"product_brand","embeddable":true,"href":"https:\/\/bigbuy.tupique.com\/pt\/wp-json\/wp\/v2\/product_brand?post=18477"},{"taxonomy":"product_cat","embeddable":true,"href":"https:\/\/bigbuy.tupique.com\/pt\/wp-json\/wp\/v2\/product_cat?post=18477"},{"taxonomy":"product_tag","embeddable":true,"href":"https:\/\/bigbuy.tupique.com\/pt\/wp-json\/wp\/v2\/product_tag?post=18477"}],"curies":[{"name":"wp","href":"https:\/\/api.w.org\/{rel}","templated":true}]}}