{"id":18398,"date":"2026-03-29T15:21:45","date_gmt":"2026-03-29T14:21:45","guid":{"rendered":"https:\/\/bigbuy.tupique.com\/produto\/photogrpahic-printer-brother-rj2030z1\/"},"modified":"2026-05-11T19:59:04","modified_gmt":"2026-05-11T17:59:04","slug":"photogrpahic-printer-brother-rj2030z1","status":"publish","type":"product","link":"https:\/\/bigbuy.tupique.com\/pt\/produto\/photogrpahic-printer-brother-rj2030z1\/","title":{"rendered":"Imprimante photo Brother RJ2030Z1"},"content":{"rendered":"<p>Si vous \u00eates passionn\u00e9 d&#8217;<b>informatique et d&#8217;\u00e9lectronique<\/b>, si vous \u00eates \u00e0 la pointe de la technologie et qu&#8217;aucun d\u00e9tail ne vous \u00e9chappe, achetez <b>Imprimante photo Brother RJ2030Z1<\/b> au meilleur prix.<\/p>\n<ul>\n<li>Produit \u00e0 brancher: Oui<\/li>\n<li>Type de prise: Prise EU<\/li>\n<li>Classification IP: IP54<\/li>\n<li>Type:\n<ul>\n<li>Imprimante photo<\/li>\n<li>Sans fil<\/li>\n<\/ul>\n<\/li>\n<li>Bloc d\u2019Alimentation: r\u00e9seau \u00e9lectrique<\/li>\n<li>Couleur:\n<ul>\n<li>Gris<\/li>\n<li>Noir<\/li>\n<\/ul>\n<\/li>\n<li>Caract\u00e9ristiques:\n<ul>\n<li>Rechargeable<\/li>\n<li>\u00c9cran integr\u00e9<\/li>\n<li>Guide d&#8217;installation inclus<\/li>\n<\/ul>\n<\/li>\n<li>Connexions:\n<ul>\n<li>USB 2.0<\/li>\n<li>USB<\/li>\n<\/ul>\n<\/li>\n<li>Connectivit\u00e9:\n<ul>\n<li>Bluetooth<\/li>\n<li>Wi-Fi<\/li>\n<li>Bluetooth 2.1 + EDR<\/li>\n<\/ul>\n<\/li>\n<li>R\u00e9solution d&#8217;image maximale: 203 x 203 dpi<\/li>\n<li>Technologie:\n<ul>\n<li>Thermique<\/li>\n<li>Injection d&#8217;encre<\/li>\n<li>LCD<\/li>\n<\/ul>\n<\/li>\n<li>Capacit\u00e9: 32 GB<\/li>\n<li>Compatible: Android, iOS<\/li>\n<li>Ethernet: Non<\/li>\n<li>Non Inclus: Wi-Fi<\/li>\n<li>Plage d&#8217;humidit\u00e9 de travail: 10 % &#8211; 90 %<\/li>\n<li>Type de batterie: Litio Ion<\/li>\n<li>M\u00e9moire interne: 32 MB<\/li>\n<li>M\u00e9moire RAM: 32 GB<\/li>\n<\/ul>","protected":false},"excerpt":{"rendered":"<p>Si vous \u00eates passionn\u00e9 d&#8217;informatique et d&#8217;\u00e9lectronique, si vous \u00eates \u00e0 la pointe de la technologie et qu&#8217;aucun d\u00e9tail ne vous \u00e9chappe, achetez Imprimante photo Brother RJ2030Z1 au meilleur prix. Produit \u00e0 brancher: Oui Type de prise: Prise EU Classification IP: IP54 Type: Imprimante photo Sans fil Bloc d\u2019Alimentation: r\u00e9seau \u00e9lectrique Couleur: Gris Noir Caract\u00e9ristiques: [&hellip;]<\/p>\n","protected":false},"featured_media":18396,"comment_status":"open","ping_status":"closed","template":"","meta":[],"product_brand":[669],"product_cat":[592,65,581],"product_tag":[213,106],"class_list":{"0":"post-18398","1":"product","2":"type-product","3":"status-publish","4":"has-post-thumbnail","6":"product_brand-brandp_538","7":"product_cat-imprimantes","8":"product_cat-informatique-electronique","9":"product_cat-informatique-peripheriques-et-consommables","10":"product_tag-tag_933","11":"product_tag-tag_1295","13":"first","14":"instock","15":"taxable","16":"shipping-taxable","17":"purchasable","18":"product-type-simple"},"_links":{"self":[{"href":"https:\/\/bigbuy.tupique.com\/pt\/wp-json\/wp\/v2\/product\/18398","targetHints":{"allow":["GET"]}}],"collection":[{"href":"https:\/\/bigbuy.tupique.com\/pt\/wp-json\/wp\/v2\/product"}],"about":[{"href":"https:\/\/bigbuy.tupique.com\/pt\/wp-json\/wp\/v2\/types\/product"}],"replies":[{"embeddable":true,"href":"https:\/\/bigbuy.tupique.com\/pt\/wp-json\/wp\/v2\/comments?post=18398"}],"wp:featuredmedia":[{"embeddable":true,"href":"https:\/\/bigbuy.tupique.com\/pt\/wp-json\/wp\/v2\/media\/18396"}],"wp:attachment":[{"href":"https:\/\/bigbuy.tupique.com\/pt\/wp-json\/wp\/v2\/media?parent=18398"}],"wp:term":[{"taxonomy":"product_brand","embeddable":true,"href":"https:\/\/bigbuy.tupique.com\/pt\/wp-json\/wp\/v2\/product_brand?post=18398"},{"taxonomy":"product_cat","embeddable":true,"href":"https:\/\/bigbuy.tupique.com\/pt\/wp-json\/wp\/v2\/product_cat?post=18398"},{"taxonomy":"product_tag","embeddable":true,"href":"https:\/\/bigbuy.tupique.com\/pt\/wp-json\/wp\/v2\/product_tag?post=18398"}],"curies":[{"name":"wp","href":"https:\/\/api.w.org\/{rel}","templated":true}]}}