{"id":183900,"date":"2026-04-14T16:48:38","date_gmt":"2026-04-14T15:48:38","guid":{"rendered":"https:\/\/bigbuy.tupique.com\/produto\/washing-machine-whirlpool-corporation-tdlr-7220ss-sp-n-1200-rpm-white-40-cm-7-kg\/"},"modified":"2026-04-15T22:56:34","modified_gmt":"2026-04-15T21:56:34","slug":"washing-machine-whirlpool-corporation-tdlr-7220ss-sp-n-1200-rpm-white-40-cm-7-kg","status":"publish","type":"product","link":"https:\/\/bigbuy.tupique.com\/pt\/produto\/washing-machine-whirlpool-corporation-tdlr-7220ss-sp-n-1200-rpm-white-40-cm-7-kg\/","title":{"rendered":"Machine \u00e0 laver Whirlpool Corporation TDLR 7220SS SP\/N 1200 rpm Blanc 40 cm 7 kg"},"content":{"rendered":"<p>Si vous \u00eates \u00e0 la recherche de nouvelles tendances sur le march\u00e9, nous vous pr\u00e9sentons <b>Machine \u00e0 laver Whirlpool Corporation TDLR 7220SS SP\/N 1200 rpm Blanc 40 cm 7 kg<\/b> !<\/p>\n<p>La <b>lave-linge Whirlpool TDLR 7220SS SP\/N<\/b> est une solution efficace et pratique pour l\u2019entretien quotidien du linge \u00e0 la maison. Avec une <b>capacit\u00e9 de charge de 7 kg<\/b> et un design <b>\u00e0 chargement frontal<\/b> facilitant le remplissage et la vidange, il est sp\u00e9cialement con\u00e7u pour les espaces r\u00e9duits gr\u00e2ce \u00e0 sa <b>largeur de 40 cm<\/b>. Ce mod\u00e8le associe une finition <b>blanche<\/b> et des mat\u00e9riaux en <b>acier<\/b>, garantissant robustesse et durabilit\u00e9. Son moteur permet d\u2019atteindre une vitesse d\u2019essorage jusqu\u2019\u00e0 <b>1200 tr\/min<\/b>, optimisant le s\u00e9chage des v\u00eatements. De plus, il b\u00e9n\u00e9ficie d\u2019une excellente efficacit\u00e9 \u00e9nerg\u00e9tique, avec une <b>classe A+++<\/b>, assurant une \u00e9conomie notable d\u2019\u00e9lectricit\u00e9 par rapport aux mod\u00e8les classiques. La technologie <b>6th SENSE<\/b> ajuste automatiquement les param\u00e8tres de lavage pour maximiser les r\u00e9sultats tout en r\u00e9duisant la consommation d\u2019eau et d\u2019\u00e9nergie, s\u2019adaptant \u00e0 chaque type de tissu. Il int\u00e8gre des fonctions telles que <b>FreshCare<\/b>, qui maintient le linge frais dans le tambour apr\u00e8s la fin du programme, et <b>Colours 15<\/b>, un cycle sp\u00e9cifique pour prot\u00e9ger et raviver les couleurs m\u00eame \u00e0 basse temp\u00e9rature. La porte avec syst\u00e8me <b>SoftOpening<\/b> facilite une ouverture douce et s\u00e9curis\u00e9e, \u00e9vitant les chocs et facilitant l\u2019acc\u00e8s. Le contr\u00f4le par boutons assure une utilisation intuitive et accessible \u00e0 tous. Con\u00e7u et fabriqu\u00e9 pour le march\u00e9 espagnol, ce lave-linge repr\u00e9sente une option compacte et performante pour ceux qui recherchent un appareil fiable, dot\u00e9 de technologies avanc\u00e9es et respectueux de l\u2019environnement \u00e0 domicile.<\/p>\n<ul>\n<li>Bloc d\u2019Alimentation: r\u00e9seau \u00e9lectrique<\/li>\n<li>vitesse: 1200 rpm<\/li>\n<li>Couleur: Blanc<\/li>\n<li>Type:\n<ul>\n<li>Frontal<\/li>\n<li>Couvercle sup\u00e9rieur<\/li>\n<\/ul>\n<\/li>\n<li>Classification \u00e9nerg\u00e9tique:\n<ul>\n<li>E<\/li>\n<li>A<\/li>\n<\/ul>\n<\/li>\n<li>Type d&#8217;installation: Sous le plan de travail<\/li>\n<li>Langue: Espagnol<\/li>\n<li>Dimensions approx.: 90 x 60 x 40 cm<\/li>\n<li>Largeur: 40 cm<\/li>\n<li>Produit \u00e0 brancher: Oui<\/li>\n<li>Type de prise:\n<ul>\n<li>Prise EU<\/li>\n<li>Type F<\/li>\n<\/ul>\n<\/li>\n<li>Capacit\u00e9: 7 kg<\/li>\n<li>Longueur du c\u00e2ble: 1,2 m<\/li>\n<li>Caract\u00e9ristiques:\n<ul>\n<li>\u00c9cran integr\u00e9<\/li>\n<li>Commande par boutons<\/li>\n<\/ul>\n<\/li>\n<li>Pays \/ r\u00e9gion de fabrication: Espagne<\/li>\n<li>Mat\u00e9riel: Acier<\/li>\n<li>Connexions: USB<\/li>\n<li>Fr\u00e9quence: 50 Hz<\/li>\n<li>Longueur: 90 cm<\/li>\n<li>Tension d&#8217;entr\u00e9e AC: 220-230V<\/li>\n<li>Contr\u00f4le: Boutons, rotatif<\/li>\n<li>Amp\u00e9rage: 10 A<\/li>\n<\/ul>","protected":false},"excerpt":{"rendered":"<p><span class=\"unit-info\">83.5700 &euro; \/ 1 kg<\/span><\/p>","protected":false},"featured_media":183897,"comment_status":"open","ping_status":"closed","template":"","meta":[],"product_brand":[814],"product_cat":[239,240,751],"product_tag":[],"class_list":{"0":"post-183900","1":"product","2":"type-product","3":"status-publish","4":"has-post-thumbnail","6":"product_brand-brandp_921","7":"product_cat-maison-jardin","8":"product_cat-nettoyage-aspirateur-et-repassage","9":"product_cat-seche-linge-fers-a-repasser-sechoirs","11":"first","12":"instock","13":"taxable","14":"shipping-taxable","15":"purchasable","16":"product-type-simple"},"_links":{"self":[{"href":"https:\/\/bigbuy.tupique.com\/pt\/wp-json\/wp\/v2\/product\/183900","targetHints":{"allow":["GET"]}}],"collection":[{"href":"https:\/\/bigbuy.tupique.com\/pt\/wp-json\/wp\/v2\/product"}],"about":[{"href":"https:\/\/bigbuy.tupique.com\/pt\/wp-json\/wp\/v2\/types\/product"}],"replies":[{"embeddable":true,"href":"https:\/\/bigbuy.tupique.com\/pt\/wp-json\/wp\/v2\/comments?post=183900"}],"wp:featuredmedia":[{"embeddable":true,"href":"https:\/\/bigbuy.tupique.com\/pt\/wp-json\/wp\/v2\/media\/183897"}],"wp:attachment":[{"href":"https:\/\/bigbuy.tupique.com\/pt\/wp-json\/wp\/v2\/media?parent=183900"}],"wp:term":[{"taxonomy":"product_brand","embeddable":true,"href":"https:\/\/bigbuy.tupique.com\/pt\/wp-json\/wp\/v2\/product_brand?post=183900"},{"taxonomy":"product_cat","embeddable":true,"href":"https:\/\/bigbuy.tupique.com\/pt\/wp-json\/wp\/v2\/product_cat?post=183900"},{"taxonomy":"product_tag","embeddable":true,"href":"https:\/\/bigbuy.tupique.com\/pt\/wp-json\/wp\/v2\/product_tag?post=183900"}],"curies":[{"name":"wp","href":"https:\/\/api.w.org\/{rel}","templated":true}]}}