{"id":18382,"date":"2026-03-29T15:21:24","date_gmt":"2026-03-29T14:21:24","guid":{"rendered":"https:\/\/bigbuy.tupique.com\/produto\/video-conferencing-system-owl-labs-mtw300-2000\/"},"modified":"2026-05-11T19:59:17","modified_gmt":"2026-05-11T17:59:17","slug":"video-conferencing-system-owl-labs-mtw300-2000","status":"publish","type":"product","link":"https:\/\/bigbuy.tupique.com\/pt\/produto\/video-conferencing-system-owl-labs-mtw300-2000\/","title":{"rendered":"Syst\u00e8me de Vid\u00e9oconf\u00e9rence Owl Labs MTW300-2000"},"content":{"rendered":"<p>Si vous \u00eates passionn\u00e9 d&#8217;<b>informatique et d&#8217;\u00e9lectronique<\/b>, si vous \u00eates \u00e0 la pointe de la technologie et qu&#8217;aucun d\u00e9tail ne vous \u00e9chappe, achetez <b>Syst\u00e8me de Vid\u00e9oconf\u00e9rence Owl Labs MTW300-2000<\/b> au meilleur prix.<\/p>\n<ul>\n<li>R\u00e9solution: Full HD<\/li>\n<li>Type: Syst\u00e8me de Vid\u00e9oconf\u00e9rence<\/li>\n<li>Couleur: Gris<\/li>\n<li>Caract\u00e9ristiques:\n<ul>\n<li>Autofocus<\/li>\n<li>Haut-parleurs int\u00e9gr\u00e9s<\/li>\n<li>Microphone omnidirectionnel<\/li>\n<li>3 Haut-parleurs<\/li>\n<\/ul>\n<\/li>\n<li>Connexions:\n<ul>\n<li>USB-C<\/li>\n<li>USB<\/li>\n<\/ul>\n<\/li>\n<li>Connectivit\u00e9:\n<ul>\n<li>Bluetooth<\/li>\n<li>Wi-Fi<\/li>\n<li>Bluetooth 5.0<\/li>\n<\/ul>\n<\/li>\n<li>Bloc d\u2019Alimentation:\n<ul>\n<li>CC<\/li>\n<li>DC<\/li>\n<\/ul>\n<\/li>\n<li>R\u00e9solution (px):\n<ul>\n<li>1920 x 1080 px<\/li>\n<li>720 px<\/li>\n<\/ul>\n<\/li>\n<li>Ecran: 2&#8243;<\/li>\n<li>Tension: 100 &#8211; 240 V<\/li>\n<li>Capteur: CMOS<\/li>\n<li>Ethernet: Non<\/li>\n<li>Poids: 1,18 kg<\/li>\n<li>\u00c9cran integr\u00e9: Non<\/li>\n<\/ul>","protected":false},"excerpt":{"rendered":"<p>Si vous \u00eates passionn\u00e9 d&#8217;informatique et d&#8217;\u00e9lectronique, si vous \u00eates \u00e0 la pointe de la technologie et qu&#8217;aucun d\u00e9tail ne vous \u00e9chappe, achetez Syst\u00e8me de Vid\u00e9oconf\u00e9rence Owl Labs MTW300-2000 au meilleur prix. R\u00e9solution: Full HD Type: Syst\u00e8me de Vid\u00e9oconf\u00e9rence Couleur: Gris Caract\u00e9ristiques: Autofocus Haut-parleurs int\u00e9gr\u00e9s Microphone omnidirectionnel 3 Haut-parleurs Connexions: USB-C USB Connectivit\u00e9: Bluetooth Wi-Fi [&hellip;]<\/p>\n","protected":false},"featured_media":18381,"comment_status":"open","ping_status":"closed","template":"","meta":[],"product_brand":[976],"product_cat":[65,581,607],"product_tag":[213,106],"class_list":{"0":"post-18382","1":"product","2":"type-product","3":"status-publish","4":"has-post-thumbnail","6":"product_brand-brandp_8715","7":"product_cat-informatique-electronique","8":"product_cat-informatique-peripheriques-et-consommables","9":"product_cat-webcam","10":"product_tag-tag_933","11":"product_tag-tag_1295","13":"first","14":"instock","15":"taxable","16":"shipping-taxable","17":"purchasable","18":"product-type-simple"},"_links":{"self":[{"href":"https:\/\/bigbuy.tupique.com\/pt\/wp-json\/wp\/v2\/product\/18382","targetHints":{"allow":["GET"]}}],"collection":[{"href":"https:\/\/bigbuy.tupique.com\/pt\/wp-json\/wp\/v2\/product"}],"about":[{"href":"https:\/\/bigbuy.tupique.com\/pt\/wp-json\/wp\/v2\/types\/product"}],"replies":[{"embeddable":true,"href":"https:\/\/bigbuy.tupique.com\/pt\/wp-json\/wp\/v2\/comments?post=18382"}],"wp:featuredmedia":[{"embeddable":true,"href":"https:\/\/bigbuy.tupique.com\/pt\/wp-json\/wp\/v2\/media\/18381"}],"wp:attachment":[{"href":"https:\/\/bigbuy.tupique.com\/pt\/wp-json\/wp\/v2\/media?parent=18382"}],"wp:term":[{"taxonomy":"product_brand","embeddable":true,"href":"https:\/\/bigbuy.tupique.com\/pt\/wp-json\/wp\/v2\/product_brand?post=18382"},{"taxonomy":"product_cat","embeddable":true,"href":"https:\/\/bigbuy.tupique.com\/pt\/wp-json\/wp\/v2\/product_cat?post=18382"},{"taxonomy":"product_tag","embeddable":true,"href":"https:\/\/bigbuy.tupique.com\/pt\/wp-json\/wp\/v2\/product_tag?post=18382"}],"curies":[{"name":"wp","href":"https:\/\/api.w.org\/{rel}","templated":true}]}}