{"id":183346,"date":"2026-04-14T14:21:46","date_gmt":"2026-04-14T13:21:46","guid":{"rendered":"https:\/\/bigbuy.tupique.com\/produto\/smartwatch-apple-watch-ultra-2-black-192-49-mm-titanium\/"},"modified":"2026-05-11T19:55:41","modified_gmt":"2026-05-11T17:55:41","slug":"smartwatch-apple-watch-ultra-2-black-192-49-mm-titanium","status":"publish","type":"product","link":"https:\/\/bigbuy.tupique.com\/pt\/produto\/smartwatch-apple-watch-ultra-2-black-192-49-mm-titanium\/","title":{"rendered":"Montre intelligente Apple Watch Ultra 2 Noir 1,92&#8243; 49 mm Titane"},"content":{"rendered":"<p>Si vous \u00eates passionn\u00e9 d&#8217;<b>informatique et d&#8217;\u00e9lectronique<\/b>, si vous \u00eates \u00e0 la pointe de la technologie et qu&#8217;aucun d\u00e9tail ne vous \u00e9chappe, achetez <b>Montre intelligente Apple Watch Ultra 2 Noir 1,92&#8243; 49 mm Titane<\/b> au meilleur prix.<\/p>\n<p>L\u2019<b>Apple Watch Ultra 2<\/b> est une <b>montre connect\u00e9e<\/b> haut de gamme con\u00e7ue pour offrir une exp\u00e9rience avanc\u00e9e et robuste en tous environnements, fabriqu\u00e9e avec un <b>bo\u00eetier en titane noir de 49 mm<\/b> qui allie l\u00e9g\u00e8ret\u00e9 et r\u00e9sistance. Ce mod\u00e8le int\u00e8gre la connectivit\u00e9 <b>Bluetooth<\/b>, <b>Wi-Fi<\/b> et <b>GPS<\/b>, permettant une synchronisation fluide avec les appareils compatibles et une navigation pr\u00e9cise sans d\u00e9pendre du smartphone. Son <b>\u00e9cran tactile<\/b> offre une manipulation intuitive, compl\u00e9t\u00e9e par des capteurs am\u00e9liorant l\u2019interaction, dont un <b>acc\u00e9l\u00e9rom\u00e8tre<\/b> et un <b>capteur de lumi\u00e8re ambiante<\/b> qui ajuste automatiquement la luminosit\u00e9 pour une visibilit\u00e9 optimale selon les conditions d\u2019\u00e9clairage. Les <b>haut-parleurs int\u00e9gr\u00e9s<\/b> apportent des fonctions suppl\u00e9mentaires pour alertes et communications directes depuis la montre. Cet Apple Watch est livr\u00e9 avec un <b>bracelet Trail Loop noir<\/b> con\u00e7u pour assurer confort et durabilit\u00e9 lors d\u2019activit\u00e9s sportives ou d\u2019aventure. Gr\u00e2ce \u00e0 sa robustesse et sa technologie, il est id\u00e9al pour les utilisateurs recherchant un appareil intelligent capable de supporter un usage intensif et vari\u00e9, du suivi sant\u00e9 et activit\u00e9 physique \u00e0 la gestion des communications mobiles. En somme, l\u2019Apple Watch Ultra 2 repr\u00e9sente une solution avanc\u00e9e et \u00e9quilibr\u00e9e pour ceux qui exigent pr\u00e9cision, r\u00e9sistance et fonctionnalit\u00e9s int\u00e9gr\u00e9es dans un design contemporain et \u00e9l\u00e9gant.<\/p>\n<ul>\n<li>Mati\u00e8re: Titane<\/li>\n<li>Type de prise: Prise EU<\/li>\n<li>Type de montre: Montre intelligente<\/li>\n<li>Produit \u00e0 brancher: Oui<\/li>\n<li>Taille: S\/M<\/li>\n<li>Largeur: 44 mm<\/li>\n<li>Bloc d\u2019Alimentation: r\u00e9seau \u00e9lectrique<\/li>\n<li>Couleur: Noir<\/li>\n<li>M\u00e9moire interne: 64 GB<\/li>\n<li>Processeur: Dual Core<\/li>\n<li>Ecran: 1,92&#8243;<\/li>\n<li>Caract\u00e9ristiques:\n<ul>\n<li>Acc\u00e9l\u00e9rom\u00e8tre<\/li>\n<li>Haut-parleurs int\u00e9gr\u00e9s<\/li>\n<li>Ecran tactile<\/li>\n<li>Capteur de lumi\u00e8re ambiante<\/li>\n<li>Gyroscope<\/li>\n<li>Altim\u00e8tre<\/li>\n<li>Alarme<\/li>\n<li>Microphone int\u00e9gr\u00e9<\/li>\n<li>Moniteur de Sommeil<\/li>\n<li>Connexion au r\u00e9seau mobile<\/li>\n<li>Charge magn\u00e9tique<\/li>\n<li>Multisport<\/li>\n<li>Capteur de niveau d&#8217;oxyg\u00e8ne dans le sang<\/li>\n<li>\u00c9cran avec coins arrondis<\/li>\n<\/ul>\n<\/li>\n<li>Connexions: 4G<\/li>\n<li>Fonctions:\n<ul>\n<li>\u00c9cran couleur<\/li>\n<li>Moniteur de Sommeil<\/li>\n<li>Moniteur de fr\u00e9quence cardiaque<\/li>\n<\/ul>\n<\/li>\n<li>Type de batterie:\n<ul>\n<li>Int\u00e9gr\u00e9e<\/li>\n<li>Litio Ion<\/li>\n<\/ul>\n<\/li>\n<li>Connectivit\u00e9:\n<ul>\n<li>Bluetooth<\/li>\n<li>Wi-Fi<\/li>\n<li>GPS<\/li>\n<li>NFC<\/li>\n<li>Glonass<\/li>\n<li>BeiDou<\/li>\n<li>Galileo<\/li>\n<li>LTE<\/li>\n<li>Bluetooth 5.3<\/li>\n<\/ul>\n<\/li>\n<li>Compatible: Siri<\/li>\n<li>Caisse: 49 mm<\/li>\n<li>Forme: Rectangulaire<\/li>\n<li>Cam\u00e9ra\/Appareil Photo: Non<\/li>\n<li>Chargeur sans fil: Oui<\/li>\n<li>Radio FM: Non<\/li>\n<li>Technologie: OLED<\/li>\n<li>Connexion USB: Non<\/li>\n<li>Sangle: Amovible<\/li>\n<li>R\u00e9sistant \u00e0 l&#8217;eau: 10 atm<\/li>\n<li>M\u00e9moire Flash: 64 MB<\/li>\n<\/ul>","protected":false},"excerpt":{"rendered":"<p>Si vous \u00eates passionn\u00e9 d&#8217;informatique et d&#8217;\u00e9lectronique, si vous \u00eates \u00e0 la pointe de la technologie et qu&#8217;aucun d\u00e9tail ne vous \u00e9chappe, achetez Montre intelligente Apple Watch Ultra 2 Noir 1,92&#8243; 49 mm Titane au meilleur prix. L\u2019Apple Watch Ultra 2 est une montre connect\u00e9e haut de gamme con\u00e7ue pour offrir une exp\u00e9rience avanc\u00e9e et [&hellip;]<\/p>\n","protected":false},"featured_media":183326,"comment_status":"open","ping_status":"closed","template":"","meta":[],"product_brand":[979],"product_cat":[575,65,748],"product_tag":[103,566,106],"class_list":{"0":"post-183346","1":"product","2":"type-product","3":"status-publish","4":"has-post-thumbnail","6":"product_brand-brandp_533","7":"product_cat-electronique-telephonie-et-tablettes","8":"product_cat-informatique-electronique","9":"product_cat-smartwatches","10":"product_tag-tag_1261","11":"product_tag-tag_547","12":"product_tag-tag_1295","14":"first","15":"instock","16":"taxable","17":"shipping-taxable","18":"purchasable","19":"product-type-simple"},"_links":{"self":[{"href":"https:\/\/bigbuy.tupique.com\/pt\/wp-json\/wp\/v2\/product\/183346","targetHints":{"allow":["GET"]}}],"collection":[{"href":"https:\/\/bigbuy.tupique.com\/pt\/wp-json\/wp\/v2\/product"}],"about":[{"href":"https:\/\/bigbuy.tupique.com\/pt\/wp-json\/wp\/v2\/types\/product"}],"replies":[{"embeddable":true,"href":"https:\/\/bigbuy.tupique.com\/pt\/wp-json\/wp\/v2\/comments?post=183346"}],"wp:featuredmedia":[{"embeddable":true,"href":"https:\/\/bigbuy.tupique.com\/pt\/wp-json\/wp\/v2\/media\/183326"}],"wp:attachment":[{"href":"https:\/\/bigbuy.tupique.com\/pt\/wp-json\/wp\/v2\/media?parent=183346"}],"wp:term":[{"taxonomy":"product_brand","embeddable":true,"href":"https:\/\/bigbuy.tupique.com\/pt\/wp-json\/wp\/v2\/product_brand?post=183346"},{"taxonomy":"product_cat","embeddable":true,"href":"https:\/\/bigbuy.tupique.com\/pt\/wp-json\/wp\/v2\/product_cat?post=183346"},{"taxonomy":"product_tag","embeddable":true,"href":"https:\/\/bigbuy.tupique.com\/pt\/wp-json\/wp\/v2\/product_tag?post=183346"}],"curies":[{"name":"wp","href":"https:\/\/api.w.org\/{rel}","templated":true}]}}