{"id":183242,"date":"2026-04-14T14:10:52","date_gmt":"2026-04-14T13:10:52","guid":{"rendered":"https:\/\/bigbuy.tupique.com\/produto\/multimode-sfp-fibre-module-synology-e10g30-f2\/"},"modified":"2026-05-11T19:59:55","modified_gmt":"2026-05-11T17:59:55","slug":"multimode-sfp-fibre-module-synology-e10g30-f2","status":"publish","type":"product","link":"https:\/\/bigbuy.tupique.com\/pt\/produto\/multimode-sfp-fibre-module-synology-e10g30-f2\/","title":{"rendered":"Module SFP+ \u00e0 fibre optique multimode Synology E10G30-F2"},"content":{"rendered":"<p>Si vous \u00eates passionn\u00e9 d&#8217;<b>informatique et d&#8217;\u00e9lectronique<\/b>, si vous \u00eates \u00e0 la pointe de la technologie et qu&#8217;aucun d\u00e9tail ne vous \u00e9chappe, achetez <b>Module SFP+ \u00e0 fibre optique multimode Synology E10G30-F2<\/b> au meilleur prix.<\/p>\n<p>Le <b>Synology E10G30-F2<\/b> est une <b>carte r\u00e9seau<\/b> con\u00e7ue pour offrir des connexions \u00e0 haute vitesse dans des environnements professionnels n\u00e9cessitant de hautes performances en transfert de donn\u00e9es. Elle se connecte via une interface <b>PCIe<\/b>, garantissant une int\u00e9gration efficace et \u00e0 faible latence sur des serveurs ou stations de travail compatibles. Cette carte dispose d\u2019un module de sortie <b>SFP+<\/b> supportant la fibre optique multimode, permettant de transmettre des donn\u00e9es \u00e0 une vitesse maximale de <b>10 Gbit\/s<\/b>, adapt\u00e9e aux r\u00e9seaux exigeant une large bande passante et une transmission s\u00e9curis\u00e9e sur des distances moyennes. Son facteur de forme \u00e0 profil bas avec des dimensions de <b>69 mm de hauteur, 168 mm de largeur et 17,3 mm de profondeur<\/b> facilite son installation dans des \u00e9quipements \u00e0 espace limit\u00e9, tout en restant compatible avec la plupart des bo\u00eetiers standards. La technologie SFP+ multimode apporte flexibilit\u00e9 pour des connexions r\u00e9seau n\u00e9cessitant haute efficacit\u00e9 et fiabilit\u00e9 sans compromettre les performances. Ce mod\u00e8le Synology s\u2019adresse aux utilisateurs souhaitant \u00e9tendre ou am\u00e9liorer les capacit\u00e9s r\u00e9seau dans des environnements d\u2019entreprise, centres de donn\u00e9es ou syst\u00e8mes NAS n\u00e9cessitant des liens 10 Gigabit Ethernet en fibre optique, combinant un design compact avec des technologies avanc\u00e9es pour garantir vitesse et stabilit\u00e9. Dans l\u2019ensemble, le E10G30-F2 offre une solution technique robuste pour renforcer l\u2019infrastructure r\u00e9seau avec un \u00e9quilibre pr\u00e9cis entre taille, vitesse et facilit\u00e9 d\u2019int\u00e9gration.<\/p>\n<ul>\n<li>Connexions: PCIe<\/li>\n<li>Type:\n<ul>\n<li>Carte R\u00e9seau<\/li>\n<li>Module SFP+ \u00e0 fibre optique multimode<\/li>\n<\/ul>\n<\/li>\n<\/ul>","protected":false},"excerpt":{"rendered":"<p>Si vous \u00eates passionn\u00e9 d&#8217;informatique et d&#8217;\u00e9lectronique, si vous \u00eates \u00e0 la pointe de la technologie et qu&#8217;aucun d\u00e9tail ne vous \u00e9chappe, achetez Module SFP+ \u00e0 fibre optique multimode Synology E10G30-F2 au meilleur prix. Le Synology E10G30-F2 est une carte r\u00e9seau con\u00e7ue pour offrir des connexions \u00e0 haute vitesse dans des environnements professionnels n\u00e9cessitant de [&hellip;]<\/p>\n","protected":false},"featured_media":183241,"comment_status":"open","ping_status":"closed","template":"","meta":[],"product_brand":[990],"product_cat":[65,584,597],"product_tag":[106],"class_list":{"0":"post-183242","1":"product","2":"type-product","3":"status-publish","4":"has-post-thumbnail","6":"product_brand-brandp_653","7":"product_cat-informatique-electronique","8":"product_cat-informatique-reseaux-et-composants","9":"product_cat-reseaux-cables","10":"product_tag-tag_1295","12":"first","13":"instock","14":"taxable","15":"shipping-taxable","16":"purchasable","17":"product-type-simple"},"_links":{"self":[{"href":"https:\/\/bigbuy.tupique.com\/pt\/wp-json\/wp\/v2\/product\/183242","targetHints":{"allow":["GET"]}}],"collection":[{"href":"https:\/\/bigbuy.tupique.com\/pt\/wp-json\/wp\/v2\/product"}],"about":[{"href":"https:\/\/bigbuy.tupique.com\/pt\/wp-json\/wp\/v2\/types\/product"}],"replies":[{"embeddable":true,"href":"https:\/\/bigbuy.tupique.com\/pt\/wp-json\/wp\/v2\/comments?post=183242"}],"wp:featuredmedia":[{"embeddable":true,"href":"https:\/\/bigbuy.tupique.com\/pt\/wp-json\/wp\/v2\/media\/183241"}],"wp:attachment":[{"href":"https:\/\/bigbuy.tupique.com\/pt\/wp-json\/wp\/v2\/media?parent=183242"}],"wp:term":[{"taxonomy":"product_brand","embeddable":true,"href":"https:\/\/bigbuy.tupique.com\/pt\/wp-json\/wp\/v2\/product_brand?post=183242"},{"taxonomy":"product_cat","embeddable":true,"href":"https:\/\/bigbuy.tupique.com\/pt\/wp-json\/wp\/v2\/product_cat?post=183242"},{"taxonomy":"product_tag","embeddable":true,"href":"https:\/\/bigbuy.tupique.com\/pt\/wp-json\/wp\/v2\/product_tag?post=183242"}],"curies":[{"name":"wp","href":"https:\/\/api.w.org\/{rel}","templated":true}]}}