{"id":18313,"date":"2026-03-29T15:19:51","date_gmt":"2026-03-29T14:19:51","guid":{"rendered":"https:\/\/bigbuy.tupique.com\/produto\/ticket-printer-zebra-zd621r\/"},"modified":"2026-05-11T19:58:36","modified_gmt":"2026-05-11T17:58:36","slug":"ticket-printer-zebra-zd621r","status":"publish","type":"product","link":"https:\/\/bigbuy.tupique.com\/pt\/produto\/ticket-printer-zebra-zd621r\/","title":{"rendered":"Imprimante \u00e0 Billets Zebra ZD621R"},"content":{"rendered":"<p>Si vous \u00eates passionn\u00e9 d&#8217;<b>informatique et d&#8217;\u00e9lectronique<\/b>, si vous \u00eates \u00e0 la pointe de la technologie et qu&#8217;aucun d\u00e9tail ne vous \u00e9chappe, achetez <b>Imprimante \u00e0 Billets Zebra ZD621R<\/b> au meilleur prix.<\/p>\n<p>La <b>Zebra ZD621R<\/b> est une <b>imprimante de tickets<\/b> sp\u00e9cialis\u00e9e dans les solutions d\u2019\u00e9tiquetage professionnel, id\u00e9ale pour les environnements commerciaux et logistiques exigeant une fiabilit\u00e9 maximale et une grande simplicit\u00e9 d\u2019utilisation. Ce mod\u00e8le utilise la <b>technologie d\u2019impression thermique<\/b>, garantissant une production d\u2019\u00e9tiquettes nette et durable sans consommables suppl\u00e9mentaires comme l\u2019encre, ce qui r\u00e9duit les co\u00fbts de maintenance et les temps d\u2019arr\u00eat. Gr\u00e2ce \u00e0 sa <b>connectivit\u00e9 sans fil<\/b> et ses options filaires (Ethernet, USB et <b>Bluetooth 4.1<\/b>), l\u2019int\u00e9gration dans diff\u00e9rents syst\u00e8mes est facile, permettant la gestion et l\u2019envoi de t\u00e2ches depuis plusieurs appareils et plateformes. Elle dispose d\u2019un <b>\u00e9cran LCD couleur de 4,3&#8243;<\/b> qui facilite la configuration, le contr\u00f4le direct et le suivi en temps r\u00e9el de l\u2019\u00e9tat de l\u2019imprimante, optimisant les flux de travail m\u00eame pour les utilisateurs sans expertise technique avanc\u00e9e. La ZD621R offre une <b>r\u00e9solution de 203 x 203 dpi<\/b> et une <b>vitesse d\u2019impression jusqu\u2019\u00e0 203 mm\/s<\/b>, assurant des r\u00e9sultats pr\u00e9cis et de haute qualit\u00e9, adapt\u00e9s aux codes-barres, informations logistiques ou \u00e9tiquettes personnalis\u00e9es. Elle prend en charge une largeur de papier de 15 \u00e0 118 mm, offrant ainsi une grande polyvalence, des petits tickets aux grandes \u00e9tiquettes. Son design robuste en <b>gris<\/b> la rend r\u00e9sistante \u00e0 un usage quotidien et en fait une imprimante de bureau discr\u00e8te et \u00e9l\u00e9gante. De plus, la compatibilit\u00e9 avec les solutions <b>Print DNA et PrintSecure<\/b> de Zebra renforce la s\u00e9curit\u00e9 et la facilit\u00e9 de gestion, prot\u00e9geant contre les cyberattaques et simplifiant l\u2019administration locale ou \u00e0 distance. En r\u00e9sum\u00e9, la Zebra ZD621R est un choix avanc\u00e9 et fiable pour l\u2019impression thermique de tickets et d\u2019\u00e9tiquettes dans les environnements professionnels exigeant performance, flexibilit\u00e9 et haut niveau de s\u00e9curit\u00e9.<\/p>\n<ul>\n<li>Technologie:\n<ul>\n<li>LCD<\/li>\n<li>Thermique<\/li>\n<\/ul>\n<\/li>\n<li>Produit \u00e0 brancher: Oui<\/li>\n<li>Type de prise: Prise EU<\/li>\n<li>Connexions: Ethernet LAN<\/li>\n<li>Type:\n<ul>\n<li>Imprimante pour Etiquettes<\/li>\n<li>Sans fil<\/li>\n<\/ul>\n<\/li>\n<li>Bloc d\u2019Alimentation: r\u00e9seau \u00e9lectrique<\/li>\n<li>Couleur: Gris<\/li>\n<li>Caract\u00e9ristiques: \u00c9cran integr\u00e9<\/li>\n<li>R\u00e9solution d&#8217;image maximale: 203 x 203 dpi<\/li>\n<li>Ecran: 4,3&#8243;<\/li>\n<\/ul>","protected":false},"excerpt":{"rendered":"<p>Si vous \u00eates passionn\u00e9 d&#8217;informatique et d&#8217;\u00e9lectronique, si vous \u00eates \u00e0 la pointe de la technologie et qu&#8217;aucun d\u00e9tail ne vous \u00e9chappe, achetez Imprimante \u00e0 Billets Zebra ZD621R au meilleur prix. La Zebra ZD621R est une imprimante de tickets sp\u00e9cialis\u00e9e dans les solutions d\u2019\u00e9tiquetage professionnel, id\u00e9ale pour les environnements commerciaux et logistiques exigeant une fiabilit\u00e9 [&hellip;]<\/p>\n","protected":false},"featured_media":18312,"comment_status":"open","ping_status":"closed","template":"","meta":[],"product_brand":[812],"product_cat":[592,65,581],"product_tag":[210],"class_list":{"0":"post-18313","1":"product","2":"type-product","3":"status-publish","4":"has-post-thumbnail","6":"product_brand-brandp_590","7":"product_cat-imprimantes","8":"product_cat-informatique-electronique","9":"product_cat-informatique-peripheriques-et-consommables","10":"product_tag-tag_25","12":"first","13":"instock","14":"taxable","15":"shipping-taxable","16":"purchasable","17":"product-type-simple"},"_links":{"self":[{"href":"https:\/\/bigbuy.tupique.com\/pt\/wp-json\/wp\/v2\/product\/18313","targetHints":{"allow":["GET"]}}],"collection":[{"href":"https:\/\/bigbuy.tupique.com\/pt\/wp-json\/wp\/v2\/product"}],"about":[{"href":"https:\/\/bigbuy.tupique.com\/pt\/wp-json\/wp\/v2\/types\/product"}],"replies":[{"embeddable":true,"href":"https:\/\/bigbuy.tupique.com\/pt\/wp-json\/wp\/v2\/comments?post=18313"}],"wp:featuredmedia":[{"embeddable":true,"href":"https:\/\/bigbuy.tupique.com\/pt\/wp-json\/wp\/v2\/media\/18312"}],"wp:attachment":[{"href":"https:\/\/bigbuy.tupique.com\/pt\/wp-json\/wp\/v2\/media?parent=18313"}],"wp:term":[{"taxonomy":"product_brand","embeddable":true,"href":"https:\/\/bigbuy.tupique.com\/pt\/wp-json\/wp\/v2\/product_brand?post=18313"},{"taxonomy":"product_cat","embeddable":true,"href":"https:\/\/bigbuy.tupique.com\/pt\/wp-json\/wp\/v2\/product_cat?post=18313"},{"taxonomy":"product_tag","embeddable":true,"href":"https:\/\/bigbuy.tupique.com\/pt\/wp-json\/wp\/v2\/product_tag?post=18313"}],"curies":[{"name":"wp","href":"https:\/\/api.w.org\/{rel}","templated":true}]}}