{"id":183041,"date":"2026-04-14T13:48:14","date_gmt":"2026-04-14T12:48:14","guid":{"rendered":"https:\/\/bigbuy.tupique.com\/produto\/smartphone-samsung-sm-a576bzabeeb-67-8-gb-ram-128-gb-grey\/"},"modified":"2026-04-16T14:26:17","modified_gmt":"2026-04-16T13:26:17","slug":"smartphone-samsung-sm-a576bzabeeb-67-8-gb-ram-128-gb-grey","status":"publish","type":"product","link":"https:\/\/bigbuy.tupique.com\/pt\/produto\/smartphone-samsung-sm-a576bzabeeb-67-8-gb-ram-128-gb-grey\/","title":{"rendered":"Smartphone Samsung SM-A576BZABEEB 6,7&#8243; 8 GB RAM 128 GB Gris"},"content":{"rendered":"<p>Si vous \u00eates \u00e0 la recherche de nouvelles tendances sur le march\u00e9, nous vous pr\u00e9sentons <b>Smartphone Samsung SM-A576BZABEEB 6,7&#8243; 8 GB RAM 128 GB Gris<\/b> !<\/p>\n<ul>\n<li>Type: Smartphone<\/li>\n<li>Produit \u00e0 brancher: Oui<\/li>\n<li>Bloc d\u2019Alimentation:\n<ul>\n<li>Batterie<\/li>\n<li>r\u00e9seau \u00e9lectrique<\/li>\n<\/ul>\n<\/li>\n<li>Type de prise: Prise EU<\/li>\n<li>Diagonale de l&#8217;\u00e9cran (cm): 17 cm<\/li>\n<li>Classification IP: IP68<\/li>\n<li>Fr\u00e9quence: 120 Hz<\/li>\n<li>M\u00e9moire RAM:\n<ul>\n<li>8 GB<\/li>\n<li>8 GB RAM<\/li>\n<\/ul>\n<\/li>\n<li>Connectivit\u00e9:\n<ul>\n<li>5G<\/li>\n<li>Bluetooth<\/li>\n<\/ul>\n<\/li>\n<li>Caract\u00e9ristiques:\n<ul>\n<li>Dual SIM<\/li>\n<li>Lecteur d&#8217;empreintes<\/li>\n<\/ul>\n<\/li>\n<li>Zoom Num\u00e9rique: 10x<\/li>\n<li>Stabilisateur d&#8217;image: Oui<\/li>\n<li>Ecran: 6,7&#8243;<\/li>\n<li>Facteur de forme: Bar<\/li>\n<li>Gyroscope: Oui<\/li>\n<li>Glonass: Oui<\/li>\n<li>Classification \u00e9nerg\u00e9tique: A<\/li>\n<li>Cam\u00e9ra\/Appareil Photo: 50 Mp<\/li>\n<li>Connexions:\n<ul>\n<li>USB-C<\/li>\n<li>USB 2.0<\/li>\n<\/ul>\n<\/li>\n<li>Capacit\u00e9 de la batterie: 5000 mAh<\/li>\n<li>M\u00e9moire interne: 128 GB<\/li>\n<li>Couleur: Gris<\/li>\n<\/ul>","protected":false},"excerpt":{"rendered":"<p>Si vous \u00eates \u00e0 la recherche de nouvelles tendances sur le march\u00e9, nous vous pr\u00e9sentons Smartphone Samsung SM-A576BZABEEB 6,7&#8243; 8 GB RAM 128 GB Gris ! Type: Smartphone Produit \u00e0 brancher: Oui Bloc d\u2019Alimentation: Batterie r\u00e9seau \u00e9lectrique Type de prise: Prise EU Diagonale de l&#8217;\u00e9cran (cm): 17 cm Classification IP: IP68 Fr\u00e9quence: 120 Hz M\u00e9moire [&hellip;]<\/p>\n","protected":false},"featured_media":185103,"comment_status":"open","ping_status":"closed","template":"","meta":[],"product_brand":[183],"product_cat":[575,65,960],"product_tag":[213,566,106],"class_list":{"0":"post-183041","1":"product","2":"type-product","3":"status-publish","4":"has-post-thumbnail","6":"product_brand-brandp_576","7":"product_cat-electronique-telephonie-et-tablettes","8":"product_cat-informatique-electronique","9":"product_cat-telephones-portables","10":"product_tag-tag_933","11":"product_tag-tag_547","12":"product_tag-tag_1295","14":"first","15":"instock","16":"taxable","17":"shipping-taxable","18":"purchasable","19":"product-type-simple"},"_links":{"self":[{"href":"https:\/\/bigbuy.tupique.com\/pt\/wp-json\/wp\/v2\/product\/183041","targetHints":{"allow":["GET"]}}],"collection":[{"href":"https:\/\/bigbuy.tupique.com\/pt\/wp-json\/wp\/v2\/product"}],"about":[{"href":"https:\/\/bigbuy.tupique.com\/pt\/wp-json\/wp\/v2\/types\/product"}],"replies":[{"embeddable":true,"href":"https:\/\/bigbuy.tupique.com\/pt\/wp-json\/wp\/v2\/comments?post=183041"}],"wp:featuredmedia":[{"embeddable":true,"href":"https:\/\/bigbuy.tupique.com\/pt\/wp-json\/wp\/v2\/media\/185103"}],"wp:attachment":[{"href":"https:\/\/bigbuy.tupique.com\/pt\/wp-json\/wp\/v2\/media?parent=183041"}],"wp:term":[{"taxonomy":"product_brand","embeddable":true,"href":"https:\/\/bigbuy.tupique.com\/pt\/wp-json\/wp\/v2\/product_brand?post=183041"},{"taxonomy":"product_cat","embeddable":true,"href":"https:\/\/bigbuy.tupique.com\/pt\/wp-json\/wp\/v2\/product_cat?post=183041"},{"taxonomy":"product_tag","embeddable":true,"href":"https:\/\/bigbuy.tupique.com\/pt\/wp-json\/wp\/v2\/product_tag?post=183041"}],"curies":[{"name":"wp","href":"https:\/\/api.w.org\/{rel}","templated":true}]}}