{"id":183017,"date":"2026-04-14T13:40:24","date_gmt":"2026-04-14T12:40:24","guid":{"rendered":"https:\/\/bigbuy.tupique.com\/produto\/server-fsas-vfyt1336sa269in-intel-xeon-e-2414-32-gb-ram-not-included\/"},"modified":"2026-04-16T14:42:57","modified_gmt":"2026-04-16T13:42:57","slug":"server-fsas-vfyt1336sa269in-intel-xeon-e-2414-32-gb-ram-not-included","status":"publish","type":"product","link":"https:\/\/bigbuy.tupique.com\/pt\/produto\/server-fsas-vfyt1336sa269in-intel-xeon-e-2414-32-gb-ram-not-included\/","title":{"rendered":"Serveur FSAS VFY:T1336SA269IN Intel Xeon E-2414 32 GB RAM Non Inclus"},"content":{"rendered":"<p>Si vous \u00eates \u00e0 la recherche de nouvelles tendances sur le march\u00e9, nous vous pr\u00e9sentons <b>Serveur FSAS VFY:T1336SA269IN Intel Xeon E-2414 32 GB RAM Non Inclus<\/b> !<\/p>\n<ul>\n<li>Type: Serveur<\/li>\n<li>Produit \u00e0 brancher: Oui<\/li>\n<li>Type de prise: Prise EU<\/li>\n<li>Bloc d\u2019Alimentation: r\u00e9seau \u00e9lectrique<\/li>\n<li>Disque dur: Non Inclus<\/li>\n<li>Facteur de forme: Caisse<\/li>\n<li>M\u00e9moire RAM: 32 GB RAM<\/li>\n<li>Famille de processeurs: Intel Xeon<\/li>\n<li>Processeur: Intel Xeon E-2414<\/li>\n<\/ul>","protected":false},"excerpt":{"rendered":"<p>Si vous \u00eates \u00e0 la recherche de nouvelles tendances sur le march\u00e9, nous vous pr\u00e9sentons Serveur FSAS VFY:T1336SA269IN Intel Xeon E-2414 32 GB RAM Non Inclus ! Type: Serveur Produit \u00e0 brancher: Oui Type de prise: Prise EU Bloc d\u2019Alimentation: r\u00e9seau \u00e9lectrique Disque dur: Non Inclus Facteur de forme: Caisse M\u00e9moire RAM: 32 GB RAM [&hellip;]<\/p>\n","protected":false},"featured_media":185087,"comment_status":"open","ping_status":"closed","template":"","meta":[],"product_brand":[1406],"product_cat":[65,958,959],"product_tag":[106],"class_list":{"0":"post-183017","1":"product","2":"type-product","3":"status-publish","4":"has-post-thumbnail","6":"product_brand-brandp_10937","7":"product_cat-informatique-electronique","8":"product_cat-informatique-ordinateurs","9":"product_cat-serveurs","10":"product_tag-tag_1295","12":"first","13":"instock","14":"taxable","15":"shipping-taxable","16":"purchasable","17":"product-type-simple"},"_links":{"self":[{"href":"https:\/\/bigbuy.tupique.com\/pt\/wp-json\/wp\/v2\/product\/183017","targetHints":{"allow":["GET"]}}],"collection":[{"href":"https:\/\/bigbuy.tupique.com\/pt\/wp-json\/wp\/v2\/product"}],"about":[{"href":"https:\/\/bigbuy.tupique.com\/pt\/wp-json\/wp\/v2\/types\/product"}],"replies":[{"embeddable":true,"href":"https:\/\/bigbuy.tupique.com\/pt\/wp-json\/wp\/v2\/comments?post=183017"}],"wp:featuredmedia":[{"embeddable":true,"href":"https:\/\/bigbuy.tupique.com\/pt\/wp-json\/wp\/v2\/media\/185087"}],"wp:attachment":[{"href":"https:\/\/bigbuy.tupique.com\/pt\/wp-json\/wp\/v2\/media?parent=183017"}],"wp:term":[{"taxonomy":"product_brand","embeddable":true,"href":"https:\/\/bigbuy.tupique.com\/pt\/wp-json\/wp\/v2\/product_brand?post=183017"},{"taxonomy":"product_cat","embeddable":true,"href":"https:\/\/bigbuy.tupique.com\/pt\/wp-json\/wp\/v2\/product_cat?post=183017"},{"taxonomy":"product_tag","embeddable":true,"href":"https:\/\/bigbuy.tupique.com\/pt\/wp-json\/wp\/v2\/product_tag?post=183017"}],"curies":[{"name":"wp","href":"https:\/\/api.w.org\/{rel}","templated":true}]}}