{"id":183013,"date":"2026-04-14T13:40:13","date_gmt":"2026-04-14T12:40:13","guid":{"rendered":"https:\/\/bigbuy.tupique.com\/produto\/switch-zyxel-xmg2230-28hp-zz0101f\/"},"modified":"2026-04-16T05:15:54","modified_gmt":"2026-04-16T04:15:54","slug":"switch-zyxel-xmg2230-28hp-zz0101f","status":"publish","type":"product","link":"https:\/\/bigbuy.tupique.com\/pt\/produto\/switch-zyxel-xmg2230-28hp-zz0101f\/","title":{"rendered":"Switch ZyXEL XMG2230-28HP-ZZ0101F"},"content":{"rendered":"<p>Si vous \u00eates \u00e0 la recherche de nouvelles tendances sur le march\u00e9, nous vous pr\u00e9sentons <b>Switch ZyXEL XMG2230-28HP-ZZ0101F<\/b> !<\/p>\n<ul>\n<li>Produit \u00e0 brancher: Oui<\/li>\n<li>Type: Switch<\/li>\n<li>Type de prise: Prise EU<\/li>\n<li>Bloc d\u2019Alimentation: r\u00e9seau \u00e9lectrique<\/li>\n<li>Couleur: Noir<\/li>\n<li>Connexions: RJ45<\/li>\n<li>Tension: 100-240 V<\/li>\n<li>Fr\u00e9quence: 50-60 Hz<\/li>\n<li>M\u00e9moire Flash: 64 MB<\/li>\n<\/ul>","protected":false},"excerpt":{"rendered":"<p>Si vous \u00eates \u00e0 la recherche de nouvelles tendances sur le march\u00e9, nous vous pr\u00e9sentons Switch ZyXEL XMG2230-28HP-ZZ0101F ! Produit \u00e0 brancher: Oui Type: Switch Type de prise: Prise EU Bloc d\u2019Alimentation: r\u00e9seau \u00e9lectrique Couleur: Noir Connexions: RJ45 Tension: 100-240 V Fr\u00e9quence: 50-60 Hz M\u00e9moire Flash: 64 MB<\/p>","protected":false},"featured_media":185079,"comment_status":"open","ping_status":"closed","template":"","meta":[],"product_brand":[648],"product_cat":[65,584,585],"product_tag":[106],"class_list":{"0":"post-183013","1":"product","2":"type-product","3":"status-publish","4":"has-post-thumbnail","6":"product_brand-brandp_669","7":"product_cat-informatique-electronique","8":"product_cat-informatique-reseaux-et-composants","9":"product_cat-switch","10":"product_tag-tag_1295","12":"first","13":"instock","14":"taxable","15":"shipping-taxable","16":"purchasable","17":"product-type-simple"},"_links":{"self":[{"href":"https:\/\/bigbuy.tupique.com\/pt\/wp-json\/wp\/v2\/product\/183013","targetHints":{"allow":["GET"]}}],"collection":[{"href":"https:\/\/bigbuy.tupique.com\/pt\/wp-json\/wp\/v2\/product"}],"about":[{"href":"https:\/\/bigbuy.tupique.com\/pt\/wp-json\/wp\/v2\/types\/product"}],"replies":[{"embeddable":true,"href":"https:\/\/bigbuy.tupique.com\/pt\/wp-json\/wp\/v2\/comments?post=183013"}],"wp:featuredmedia":[{"embeddable":true,"href":"https:\/\/bigbuy.tupique.com\/pt\/wp-json\/wp\/v2\/media\/185079"}],"wp:attachment":[{"href":"https:\/\/bigbuy.tupique.com\/pt\/wp-json\/wp\/v2\/media?parent=183013"}],"wp:term":[{"taxonomy":"product_brand","embeddable":true,"href":"https:\/\/bigbuy.tupique.com\/pt\/wp-json\/wp\/v2\/product_brand?post=183013"},{"taxonomy":"product_cat","embeddable":true,"href":"https:\/\/bigbuy.tupique.com\/pt\/wp-json\/wp\/v2\/product_cat?post=183013"},{"taxonomy":"product_tag","embeddable":true,"href":"https:\/\/bigbuy.tupique.com\/pt\/wp-json\/wp\/v2\/product_tag?post=183013"}],"curies":[{"name":"wp","href":"https:\/\/api.w.org\/{rel}","templated":true}]}}