{"id":18273,"date":"2026-03-29T15:10:17","date_gmt":"2026-03-29T14:10:17","guid":{"rendered":"https:\/\/bigbuy.tupique.com\/produto\/dockstation-axis-w701-black\/"},"modified":"2026-05-11T19:58:32","modified_gmt":"2026-05-11T17:58:32","slug":"dockstation-axis-w701-black","status":"publish","type":"product","link":"https:\/\/bigbuy.tupique.com\/pt\/produto\/dockstation-axis-w701-black\/","title":{"rendered":"Station d&#8217;acceuil Axis W701 Noir"},"content":{"rendered":"<p>Si vous \u00eates passionn\u00e9 d&#8217;<b>informatique et d&#8217;\u00e9lectronique<\/b>, si vous \u00eates \u00e0 la pointe de la technologie et qu&#8217;aucun d\u00e9tail ne vous \u00e9chappe, achetez <b>Station d&#8217;acceuil Axis W701 Noir<\/b> au meilleur prix.<\/p>\n<p>La <b>Dockstation W701<\/b> de <b>Axis<\/b> est une solution avanc\u00e9e pour la gestion efficace des cam\u00e9ras corporelles professionnelles, con\u00e7ue pour les environnements o\u00f9 la charge rapide et le transfert s\u00e9curis\u00e9 des donn\u00e9es sont essentiels. Cette <b>dockstation<\/b> peut accueillir jusqu\u2019\u00e0 huit appareils simultan\u00e9ment, facilitant la charge rapide et le transfert simple des donn\u00e9es via des connexions compatibles avec des prises de type EU et une alimentation en courant continu (CC). Fabriqu\u00e9e en un sobre <b>coloris noir<\/b>, elle se distingue par des dimensions compactes adapt\u00e9es aux espaces professionnels, avec <b>128 mm de largeur, 425 mm de profondeur et 52 mm de hauteur<\/b>, et un poids contenu de <b>840 grammes<\/b>, permettant une int\u00e9gration ais\u00e9e sur postes de travail ou points fixes de contr\u00f4le. Sa construction robuste et sa compatibilit\u00e9 sp\u00e9cifique avec les cam\u00e9ras corporelles Axis garantissent une gestion fiable et s\u00e9curis\u00e9e, optimisant \u00e0 la fois le temps de charge et le transfert des donn\u00e9es, ce qui r\u00e9duit les attentes et am\u00e9liore l\u2019efficacit\u00e9 quotidienne dans les secteurs de la s\u00e9curit\u00e9 et de la surveillance. De plus, la station d\u2019accueil int\u00e8gre des m\u00e9canismes de protection assurant l\u2019int\u00e9grit\u00e9 des appareils durant le processus, offrant une solution professionnelle alliant fonctionnalit\u00e9 technique et design pratique et efficace. En r\u00e9sum\u00e9, la <b>AXIS W701<\/b> est un outil essentiel pour les professionnels n\u00e9cessitant une gestion rapide et s\u00e9curis\u00e9e de plusieurs cam\u00e9ras corporelles simultan\u00e9ment, optimisant la logistique de charge et d\u00e9charge sans sacrifier l\u2019espace ni la fonctionnalit\u00e9.<\/p>\n<ul>\n<li>Produit \u00e0 brancher: Oui<\/li>\n<li>Type de prise: Prise EU<\/li>\n<li>Bloc d\u2019Alimentation:\n<ul>\n<li>r\u00e9seau \u00e9lectrique<\/li>\n<li>CC<\/li>\n<\/ul>\n<\/li>\n<li>Couleur: Noir<\/li>\n<\/ul>","protected":false},"excerpt":{"rendered":"<p>Si vous \u00eates passionn\u00e9 d&#8217;informatique et d&#8217;\u00e9lectronique, si vous \u00eates \u00e0 la pointe de la technologie et qu&#8217;aucun d\u00e9tail ne vous \u00e9chappe, achetez Station d&#8217;acceuil Axis W701 Noir au meilleur prix. La Dockstation W701 de Axis est une solution avanc\u00e9e pour la gestion efficace des cam\u00e9ras corporelles professionnelles, con\u00e7ue pour les environnements o\u00f9 la charge [&hellip;]<\/p>\n","protected":false},"featured_media":18272,"comment_status":"open","ping_status":"closed","template":"","meta":[],"product_brand":[645],"product_cat":[961,575,65],"product_tag":[566],"class_list":{"0":"post-18273","1":"product","2":"type-product","3":"status-publish","4":"has-post-thumbnail","6":"product_brand-brandp_4776","7":"product_cat-chargeurs-et-cables-usb","8":"product_cat-electronique-telephonie-et-tablettes","9":"product_cat-informatique-electronique","10":"product_tag-tag_547","12":"first","13":"instock","14":"taxable","15":"shipping-taxable","16":"purchasable","17":"product-type-simple"},"_links":{"self":[{"href":"https:\/\/bigbuy.tupique.com\/pt\/wp-json\/wp\/v2\/product\/18273","targetHints":{"allow":["GET"]}}],"collection":[{"href":"https:\/\/bigbuy.tupique.com\/pt\/wp-json\/wp\/v2\/product"}],"about":[{"href":"https:\/\/bigbuy.tupique.com\/pt\/wp-json\/wp\/v2\/types\/product"}],"replies":[{"embeddable":true,"href":"https:\/\/bigbuy.tupique.com\/pt\/wp-json\/wp\/v2\/comments?post=18273"}],"wp:featuredmedia":[{"embeddable":true,"href":"https:\/\/bigbuy.tupique.com\/pt\/wp-json\/wp\/v2\/media\/18272"}],"wp:attachment":[{"href":"https:\/\/bigbuy.tupique.com\/pt\/wp-json\/wp\/v2\/media?parent=18273"}],"wp:term":[{"taxonomy":"product_brand","embeddable":true,"href":"https:\/\/bigbuy.tupique.com\/pt\/wp-json\/wp\/v2\/product_brand?post=18273"},{"taxonomy":"product_cat","embeddable":true,"href":"https:\/\/bigbuy.tupique.com\/pt\/wp-json\/wp\/v2\/product_cat?post=18273"},{"taxonomy":"product_tag","embeddable":true,"href":"https:\/\/bigbuy.tupique.com\/pt\/wp-json\/wp\/v2\/product_tag?post=18273"}],"curies":[{"name":"wp","href":"https:\/\/api.w.org\/{rel}","templated":true}]}}