{"id":182282,"date":"2026-04-14T11:18:27","date_gmt":"2026-04-14T10:18:27","guid":{"rendered":"https:\/\/bigbuy.tupique.com\/produto\/smart-tv-hisense-55s7nq-4k-ultra-hd-55-qled\/"},"modified":"2026-04-15T04:08:10","modified_gmt":"2026-04-15T03:08:10","slug":"smart-tv-hisense-55s7nq-4k-ultra-hd-55-qled","status":"publish","type":"product","link":"https:\/\/bigbuy.tupique.com\/pt\/produto\/smart-tv-hisense-55s7nq-4k-ultra-hd-55-qled\/","title":{"rendered":"TV intelligente Hisense 55S7NQ 4K Ultra HD 55&#8243; QLED"},"content":{"rendered":"<p>Si vous \u00eates \u00e0 la recherche de nouvelles tendances sur le march\u00e9, nous vous pr\u00e9sentons <b>TV intelligente Hisense 55S7NQ 4K Ultra HD 55&#8243; QLED<\/b> !<\/p>\n<ul>\n<li>Diagonale de l&#8217;\u00e9cran (cm): 139,7 cm<\/li>\n<li>Fr\u00e9quence: 144 Hz<\/li>\n<li>R\u00e9solution: 4K Ultra HD<\/li>\n<li>Technologie: QLED<\/li>\n<li>Classification \u00e9nerg\u00e9tique: F<\/li>\n<li>Connexions:\n<ul>\n<li>USB x 2<\/li>\n<li>HDMI x 2<\/li>\n<\/ul>\n<\/li>\n<li>Ecran: 55&#8243;<\/li>\n<li>R\u00e9solution (px): 3840 x 2160 px<\/li>\n<\/ul>","protected":false},"excerpt":{"rendered":"<p>Si vous \u00eates \u00e0 la recherche de nouvelles tendances sur le march\u00e9, nous vous pr\u00e9sentons TV intelligente Hisense 55S7NQ 4K Ultra HD 55&#8243; QLED ! Diagonale de l&#8217;\u00e9cran (cm): 139,7 cm Fr\u00e9quence: 144 Hz R\u00e9solution: 4K Ultra HD Technologie: QLED Classification \u00e9nerg\u00e9tique: F Connexions: USB x 2 HDMI x 2 Ecran: 55&#8243; R\u00e9solution (px): 3840 [&hellip;]<\/p>\n","protected":false},"featured_media":182280,"comment_status":"open","ping_status":"closed","template":"","meta":[],"product_brand":[1341],"product_cat":[589,65,957],"product_tag":[104],"class_list":{"0":"post-182282","1":"product","2":"type-product","3":"status-publish","4":"has-post-thumbnail","6":"product_brand-brandp_612","7":"product_cat-electronique-television","8":"product_cat-informatique-electronique","9":"product_cat-televisions-et-smart-tv","10":"product_tag-tag_1279","12":"first","13":"instock","14":"taxable","15":"shipping-taxable","16":"purchasable","17":"product-type-simple"},"_links":{"self":[{"href":"https:\/\/bigbuy.tupique.com\/pt\/wp-json\/wp\/v2\/product\/182282","targetHints":{"allow":["GET"]}}],"collection":[{"href":"https:\/\/bigbuy.tupique.com\/pt\/wp-json\/wp\/v2\/product"}],"about":[{"href":"https:\/\/bigbuy.tupique.com\/pt\/wp-json\/wp\/v2\/types\/product"}],"replies":[{"embeddable":true,"href":"https:\/\/bigbuy.tupique.com\/pt\/wp-json\/wp\/v2\/comments?post=182282"}],"wp:featuredmedia":[{"embeddable":true,"href":"https:\/\/bigbuy.tupique.com\/pt\/wp-json\/wp\/v2\/media\/182280"}],"wp:attachment":[{"href":"https:\/\/bigbuy.tupique.com\/pt\/wp-json\/wp\/v2\/media?parent=182282"}],"wp:term":[{"taxonomy":"product_brand","embeddable":true,"href":"https:\/\/bigbuy.tupique.com\/pt\/wp-json\/wp\/v2\/product_brand?post=182282"},{"taxonomy":"product_cat","embeddable":true,"href":"https:\/\/bigbuy.tupique.com\/pt\/wp-json\/wp\/v2\/product_cat?post=182282"},{"taxonomy":"product_tag","embeddable":true,"href":"https:\/\/bigbuy.tupique.com\/pt\/wp-json\/wp\/v2\/product_tag?post=182282"}],"curies":[{"name":"wp","href":"https:\/\/api.w.org\/{rel}","templated":true}]}}