{"id":182154,"date":"2026-04-14T10:58:44","date_gmt":"2026-04-14T09:58:44","guid":{"rendered":"https:\/\/bigbuy.tupique.com\/produto\/monitor-lg-39gx90sa-w-39\/"},"modified":"2026-04-15T06:26:45","modified_gmt":"2026-04-15T05:26:45","slug":"monitor-lg-39gx90sa-w-39","status":"publish","type":"product","link":"https:\/\/bigbuy.tupique.com\/pt\/produto\/monitor-lg-39gx90sa-w-39\/","title":{"rendered":"\u00c9cran LG 39GX90SA-W 39&#8243;"},"content":{"rendered":"<p>Si vous \u00eates passionn\u00e9 d&#8217;<b>informatique et d&#8217;\u00e9lectronique<\/b>, si vous \u00eates \u00e0 la pointe de la technologie et qu&#8217;aucun d\u00e9tail ne vous \u00e9chappe, achetez <b>\u00c9cran LG 39GX90SA-W 39&#8243;<\/b> au meilleur prix.<\/p>\n<ul>\n<li>Diagonale de l&#8217;\u00e9cran (cm): 99,1 cm<\/li>\n<li>Type: \u00c9cran<\/li>\n<li>Produit \u00e0 brancher: Oui<\/li>\n<li>Bloc d\u2019Alimentation: r\u00e9seau \u00e9lectrique<\/li>\n<li>Couleur: Blanc<\/li>\n<li>Temps de r\u00e9ponse: 0,03 ms<\/li>\n<li>VESA: 10 x 10 cm<\/li>\n<li>Ecran: 39&#8243;<\/li>\n<li>Classification \u00e9nerg\u00e9tique: G<\/li>\n<li>Connectivit\u00e9:\n<ul>\n<li>Bluetooth<\/li>\n<li>Ethernet LAN<\/li>\n<\/ul>\n<\/li>\n<li>Connexions:\n<ul>\n<li>HDMI<\/li>\n<li>DisplayPort<\/li>\n<li>Ethernet LAN<\/li>\n<li>2<\/li>\n<li>USB<\/li>\n<li>USB-C<\/li>\n<li>HDMI 2.1 x 1<\/li>\n<li>USB A x 2<\/li>\n<li>DisplayPort x 1<\/li>\n<li>HDMI x 2<\/li>\n<\/ul>\n<\/li>\n<li>Caract\u00e9ristiques:\n<ul>\n<li>Plaque Tournante<\/li>\n<li>Mat<\/li>\n<li>R\u00e9glable<\/li>\n<li>HDR<\/li>\n<li>Inclinaison r\u00e9glable<\/li>\n<li>Haut-parleurs int\u00e9gr\u00e9s<\/li>\n<\/ul>\n<\/li>\n<li>R\u00e9solution (px): 3440 x 1440 px<\/li>\n<li>Technologie:\n<ul>\n<li>OLED<\/li>\n<li>Flicker free<\/li>\n<li>NVIDIA G-SYNC<\/li>\n<\/ul>\n<\/li>\n<li>Fr\u00e9quence: 240 Hz<\/li>\n<li>Tension:\n<ul>\n<li>36 V<\/li>\n<li>220-240 V<\/li>\n<\/ul>\n<\/li>\n<li>Compatible: VESA<\/li>\n<li>Design: Courbe<\/li>\n<li>Utilisation recommand\u00e9e: Jeux<\/li>\n<li>consommation d&#8217;\u00e9nergie: 46 kWh<\/li>\n<li>Ecran tactile: Non<\/li>\n<li>Inclut: Sortie d&#8217;\u00e9couteurs<\/li>\n<li>R\u00e9solution: Wide Quad HD<\/li>\n<li>Angle: 178\u00ba<\/li>\n<li>Rapport d&#8217;aspect: 21:9<\/li>\n<li>Montage: VESA<\/li>\n<\/ul>","protected":false},"excerpt":{"rendered":"<p>Si vous \u00eates passionn\u00e9 d&#8217;informatique et d&#8217;\u00e9lectronique, si vous \u00eates \u00e0 la pointe de la technologie et qu&#8217;aucun d\u00e9tail ne vous \u00e9chappe, achetez \u00c9cran LG 39GX90SA-W 39&#8243; au meilleur prix. Diagonale de l&#8217;\u00e9cran (cm): 99,1 cm Type: \u00c9cran Produit \u00e0 brancher: Oui Bloc d\u2019Alimentation: r\u00e9seau \u00e9lectrique Couleur: Blanc Temps de r\u00e9ponse: 0,03 ms VESA: 10 [&hellip;]<\/p>\n","protected":false},"featured_media":182140,"comment_status":"open","ping_status":"closed","template":"","meta":[],"product_brand":[662],"product_cat":[65,581,616],"product_tag":[213,106],"class_list":{"0":"post-182154","1":"product","2":"type-product","3":"status-publish","4":"has-post-thumbnail","6":"product_brand-brandp_559","7":"product_cat-informatique-electronique","8":"product_cat-informatique-peripheriques-et-consommables","9":"product_cat-moniteurs","10":"product_tag-tag_933","11":"product_tag-tag_1295","13":"first","14":"instock","15":"taxable","16":"shipping-taxable","17":"purchasable","18":"product-type-simple"},"_links":{"self":[{"href":"https:\/\/bigbuy.tupique.com\/pt\/wp-json\/wp\/v2\/product\/182154","targetHints":{"allow":["GET"]}}],"collection":[{"href":"https:\/\/bigbuy.tupique.com\/pt\/wp-json\/wp\/v2\/product"}],"about":[{"href":"https:\/\/bigbuy.tupique.com\/pt\/wp-json\/wp\/v2\/types\/product"}],"replies":[{"embeddable":true,"href":"https:\/\/bigbuy.tupique.com\/pt\/wp-json\/wp\/v2\/comments?post=182154"}],"wp:featuredmedia":[{"embeddable":true,"href":"https:\/\/bigbuy.tupique.com\/pt\/wp-json\/wp\/v2\/media\/182140"}],"wp:attachment":[{"href":"https:\/\/bigbuy.tupique.com\/pt\/wp-json\/wp\/v2\/media?parent=182154"}],"wp:term":[{"taxonomy":"product_brand","embeddable":true,"href":"https:\/\/bigbuy.tupique.com\/pt\/wp-json\/wp\/v2\/product_brand?post=182154"},{"taxonomy":"product_cat","embeddable":true,"href":"https:\/\/bigbuy.tupique.com\/pt\/wp-json\/wp\/v2\/product_cat?post=182154"},{"taxonomy":"product_tag","embeddable":true,"href":"https:\/\/bigbuy.tupique.com\/pt\/wp-json\/wp\/v2\/product_tag?post=182154"}],"curies":[{"name":"wp","href":"https:\/\/api.w.org\/{rel}","templated":true}]}}