{"id":18214,"date":"2026-03-29T15:08:48","date_gmt":"2026-03-29T14:08:48","guid":{"rendered":"https:\/\/bigbuy.tupique.com\/produto\/nas-network-storage-qnap-ts-364-white-intel-celeron-intel-celeron-n5095\/"},"modified":"2026-04-15T00:50:18","modified_gmt":"2026-04-14T23:50:18","slug":"nas-network-storage-qnap-ts-364-white-intel-celeron-intel-celeron-n5095","status":"publish","type":"product","link":"https:\/\/bigbuy.tupique.com\/pt\/produto\/nas-network-storage-qnap-ts-364-white-intel-celeron-intel-celeron-n5095\/","title":{"rendered":"Stockage en R\u00e9seau NAS Qnap TS-364 Blanc Intel Celeron Intel Celeron N5095"},"content":{"rendered":"<p>Si vous \u00eates passionn\u00e9 d&#8217;<b>informatique et d&#8217;\u00e9lectronique<\/b>, si vous \u00eates \u00e0 la pointe de la technologie et qu&#8217;aucun d\u00e9tail ne vous \u00e9chappe, achetez <b>Stockage en R\u00e9seau NAS Qnap TS-364 Blanc Intel Celeron Intel Celeron N5095<\/b> au meilleur prix.<\/p>\n<p>Le <b>Qnap TS-364<\/b> est un <b>stockage r\u00e9seau NAS<\/b> avanc\u00e9 con\u00e7u pour les environnements domestiques et professionnels n\u00e9cessitant un syst\u00e8me flexible, performant et s\u00e9curis\u00e9 pour la gestion des donn\u00e9es. Dot\u00e9 d\u2019un puissant <b>processeur Intel Celeron N5095<\/b> et de <b>8 Go de RAM<\/b>, ce NAS permet d\u2019ex\u00e9cuter plusieurs applications et t\u00e2ches simultan\u00e9ment avec une grande stabilit\u00e9, id\u00e9al pour les utilisateurs recherchant une solution polyvalente pour la sauvegarde, la collaboration en r\u00e9seau et l\u2019h\u00e9bergement de contenus multim\u00e9dias. Son architecture hybride prend en charge les disques <b>HDD et SSD<\/b>, permettant de configurer des solutions de stockage personnalis\u00e9es qui \u00e9quilibrent vitesse et capacit\u00e9 selon les besoins. Il offre une connectivit\u00e9 compl\u00e8te avec <b>ports HDMI et USB<\/b> pour faciliter la diffusion de contenu, la copie directe de fichiers et la connexion \u00e0 des p\u00e9riph\u00e9riques ou \u00e9crans externes, augmentant ainsi sa polyvalence pour les usages multim\u00e9dias ou la vid\u00e9osurveillance. Arborant une finition \u00e9l\u00e9gante en <b>blanc<\/b> \u2014avec des variantes en noir selon la gamme\u2014, il dispose d\u2019un <b>interrupteur marche\/arr\u00eat<\/b> accessible, assurant une gestion ais\u00e9e et une adaptation \u00e0 diff\u00e9rents environnements de bureau ou domestiques. Sa compatibilit\u00e9 avec les principaux standards NAS garantit un acc\u00e8s \u00e0 distance efficace, une administration centralis\u00e9e et une protection des donn\u00e9es gr\u00e2ce \u00e0 des syst\u00e8mes de sauvegarde et de r\u00e9cup\u00e9ration intuitifs. Ce mod\u00e8le se distingue en offrant une solution de stockage robuste et \u00e9volutive pour les utilisateurs exigeant fiabilit\u00e9, performance et int\u00e9gration facile dans les r\u00e9seaux modernes.<\/p>\n<ul>\n<li>Produit \u00e0 brancher: Oui<\/li>\n<li>Type de prise: Prise EU<\/li>\n<li>Bloc d\u2019Alimentation: r\u00e9seau \u00e9lectrique<\/li>\n<li>Type:\n<ul>\n<li>DDR4<\/li>\n<li>NAS<\/li>\n<li>HDD\/SSD<\/li>\n<\/ul>\n<\/li>\n<li>Couleur:\n<ul>\n<li>Blanc<\/li>\n<li>Noir<\/li>\n<\/ul>\n<\/li>\n<li>Taille:\n<ul>\n<li>3,5&#8243;<\/li>\n<li>2,5&#8243;<\/li>\n<\/ul>\n<\/li>\n<li>Connexions:\n<ul>\n<li>HDMI<\/li>\n<li>Ethernet LAN<\/li>\n<li>2<\/li>\n<li>SO-DIMM<\/li>\n<li>USB<\/li>\n<li>RJ45<\/li>\n<li>USB 3.2<\/li>\n<li>HDMI 1.4<\/li>\n<li>USB A 3.2 Gen 2 (3.1 Gen 2) x 2<\/li>\n<\/ul>\n<\/li>\n<li>Processeur:\n<ul>\n<li>Intel Celeron<\/li>\n<li>Intel Celeron N5095<\/li>\n<\/ul>\n<\/li>\n<li>M\u00e9moire RAM: 8 GB RAM<\/li>\n<li>Tension:\n<ul>\n<li>100-240 V<\/li>\n<li>12 V<\/li>\n<li>100 &#8211; 240 V<\/li>\n<\/ul>\n<\/li>\n<li>Compatible:\n<ul>\n<li>HDD\/SSD<\/li>\n<li>PC<\/li>\n<\/ul>\n<\/li>\n<li>Caract\u00e9ristiques:\n<ul>\n<li>Interrupteur marche\/arr\u00eat<\/li>\n<li>Vibromasseur<\/li>\n<li>Etats de veille<\/li>\n<\/ul>\n<\/li>\n<li>vitesse: 2 GHz<\/li>\n<li>Ventillateur: 1<\/li>\n<li>Inclut: Adaptateur<\/li>\n<li>Connectivit\u00e9: Ethernet LAN<\/li>\n<li>Batterie au lithium rechargeable: 65 mAh<\/li>\n<li>Largeur: 15 cm<\/li>\n<li>Connecteurs: Kensington<\/li>\n<li>Temp\u00e9rature approximative: &#8211; 20\u00baC \/ 70\u00b0C<\/li>\n<li>Technologie:\n<ul>\n<li>VT-d<\/li>\n<li>VT-x<\/li>\n<\/ul>\n<\/li>\n<li>Noyaux: 4 Noyaux<\/li>\n<li>Famille de processeurs:\n<ul>\n<li>Intel Celeron<\/li>\n<li>Intel<\/li>\n<\/ul>\n<\/li>\n<\/ul>","protected":false},"excerpt":{"rendered":"<p>Si vous \u00eates passionn\u00e9 d&#8217;informatique et d&#8217;\u00e9lectronique, si vous \u00eates \u00e0 la pointe de la technologie et qu&#8217;aucun d\u00e9tail ne vous \u00e9chappe, achetez Stockage en R\u00e9seau NAS Qnap TS-364 Blanc Intel Celeron Intel Celeron N5095 au meilleur prix. Le Qnap TS-364 est un stockage r\u00e9seau NAS avanc\u00e9 con\u00e7u pour les environnements domestiques et professionnels n\u00e9cessitant [&hellip;]<\/p>\n","protected":false},"featured_media":18208,"comment_status":"open","ping_status":"closed","template":"","meta":[],"product_brand":[646],"product_cat":[588,65,584],"product_tag":[106],"class_list":{"0":"post-18214","1":"product","2":"type-product","3":"status-publish","4":"has-post-thumbnail","6":"product_brand-brandp_4747","7":"product_cat-disques-durs","8":"product_cat-informatique-electronique","9":"product_cat-informatique-reseaux-et-composants","10":"product_tag-tag_1295","12":"first","13":"instock","14":"taxable","15":"shipping-taxable","16":"purchasable","17":"product-type-simple"},"_links":{"self":[{"href":"https:\/\/bigbuy.tupique.com\/pt\/wp-json\/wp\/v2\/product\/18214","targetHints":{"allow":["GET"]}}],"collection":[{"href":"https:\/\/bigbuy.tupique.com\/pt\/wp-json\/wp\/v2\/product"}],"about":[{"href":"https:\/\/bigbuy.tupique.com\/pt\/wp-json\/wp\/v2\/types\/product"}],"replies":[{"embeddable":true,"href":"https:\/\/bigbuy.tupique.com\/pt\/wp-json\/wp\/v2\/comments?post=18214"}],"wp:featuredmedia":[{"embeddable":true,"href":"https:\/\/bigbuy.tupique.com\/pt\/wp-json\/wp\/v2\/media\/18208"}],"wp:attachment":[{"href":"https:\/\/bigbuy.tupique.com\/pt\/wp-json\/wp\/v2\/media?parent=18214"}],"wp:term":[{"taxonomy":"product_brand","embeddable":true,"href":"https:\/\/bigbuy.tupique.com\/pt\/wp-json\/wp\/v2\/product_brand?post=18214"},{"taxonomy":"product_cat","embeddable":true,"href":"https:\/\/bigbuy.tupique.com\/pt\/wp-json\/wp\/v2\/product_cat?post=18214"},{"taxonomy":"product_tag","embeddable":true,"href":"https:\/\/bigbuy.tupique.com\/pt\/wp-json\/wp\/v2\/product_tag?post=18214"}],"curies":[{"name":"wp","href":"https:\/\/api.w.org\/{rel}","templated":true}]}}