{"id":18191,"date":"2026-03-29T15:08:17","date_gmt":"2026-03-29T14:08:17","guid":{"rendered":"https:\/\/bigbuy.tupique.com\/produto\/surveillance-camcorder-axis-p3727-ple\/"},"modified":"2026-04-15T12:42:00","modified_gmt":"2026-04-15T11:42:00","slug":"surveillance-camcorder-axis-p3727-ple","status":"publish","type":"product","link":"https:\/\/bigbuy.tupique.com\/pt\/produto\/surveillance-camcorder-axis-p3727-ple\/","title":{"rendered":"Camescope de surveillance Axis P3727-PLE"},"content":{"rendered":"<p>Si vous \u00eates passionn\u00e9 d&#8217;<b>informatique et d&#8217;\u00e9lectronique<\/b>, si vous \u00eates \u00e0 la pointe de la technologie et qu&#8217;aucun d\u00e9tail ne vous \u00e9chappe, achetez <b>Camescope de surveillance Axis P3727-PLE<\/b> au meilleur prix.<\/p>\n<ul>\n<li>Type:\n<ul>\n<li>Avec fil<\/li>\n<li>Cam\u00e9scope<\/li>\n<li>Cam\u00e9ra de s\u00e9curit\u00e9 IP<\/li>\n<\/ul>\n<\/li>\n<li>Connexions:\n<ul>\n<li>Ethernet LAN<\/li>\n<li>PoE x 1<\/li>\n<\/ul>\n<\/li>\n<li>Fonctions: Vision nocturne<\/li>\n<li>Couleur:\n<ul>\n<li>Blanc<\/li>\n<li>Noir<\/li>\n<li>Noir\/Blanc<\/li>\n<\/ul>\n<\/li>\n<li>Cam\u00e9ra\/Appareil Photo: 2 Mp<\/li>\n<li>Facteur de forme: Caisse<\/li>\n<li>Capteur: CMOS<\/li>\n<li>Nombre de cam\u00e9ras: 1<\/li>\n<li>R\u00e9solution (px):\n<ul>\n<li>1920 x 1080 px<\/li>\n<li>1080 px<\/li>\n<\/ul>\n<\/li>\n<li>Caract\u00e9ristiques:\n<ul>\n<li>Firmware \u00e9volutif<\/li>\n<li>Lecteur de Cartes<\/li>\n<\/ul>\n<\/li>\n<li>Connectivit\u00e9: Wi-Fi<\/li>\n<li>Montage: Montage mural<\/li>\n<li>Cha\u00eenes: 4<\/li>\n<li>Connexion: PoE<\/li>\n<li>Type d&#8217;installation: Montage mural<\/li>\n<li>Utilisation recommand\u00e9e: Int\u00e9rieur<\/li>\n<\/ul>","protected":false},"excerpt":{"rendered":"<p>Si vous \u00eates passionn\u00e9 d&#8217;informatique et d&#8217;\u00e9lectronique, si vous \u00eates \u00e0 la pointe de la technologie et qu&#8217;aucun d\u00e9tail ne vous \u00e9chappe, achetez Camescope de surveillance Axis P3727-PLE au meilleur prix. Type: Avec fil Cam\u00e9scope Cam\u00e9ra de s\u00e9curit\u00e9 IP Connexions: Ethernet LAN PoE x 1 Fonctions: Vision nocturne Couleur: Blanc Noir Noir\/Blanc Cam\u00e9ra\/Appareil Photo: 2 [&hellip;]<\/p>\n","protected":false},"featured_media":18189,"comment_status":"open","ping_status":"closed","template":"","meta":[],"product_brand":[645],"product_cat":[580,239,579],"product_tag":[567,210],"class_list":{"0":"post-18191","1":"product","2":"type-product","3":"status-publish","4":"has-post-thumbnail","6":"product_brand-brandp_4776","7":"product_cat-cameras-de-surveillance-video","8":"product_cat-maison-jardin","9":"product_cat-securite-a-la-maison","10":"product_tag-tag_556","11":"product_tag-tag_25","13":"first","14":"instock","15":"taxable","16":"shipping-taxable","17":"purchasable","18":"product-type-simple"},"_links":{"self":[{"href":"https:\/\/bigbuy.tupique.com\/pt\/wp-json\/wp\/v2\/product\/18191","targetHints":{"allow":["GET"]}}],"collection":[{"href":"https:\/\/bigbuy.tupique.com\/pt\/wp-json\/wp\/v2\/product"}],"about":[{"href":"https:\/\/bigbuy.tupique.com\/pt\/wp-json\/wp\/v2\/types\/product"}],"replies":[{"embeddable":true,"href":"https:\/\/bigbuy.tupique.com\/pt\/wp-json\/wp\/v2\/comments?post=18191"}],"wp:featuredmedia":[{"embeddable":true,"href":"https:\/\/bigbuy.tupique.com\/pt\/wp-json\/wp\/v2\/media\/18189"}],"wp:attachment":[{"href":"https:\/\/bigbuy.tupique.com\/pt\/wp-json\/wp\/v2\/media?parent=18191"}],"wp:term":[{"taxonomy":"product_brand","embeddable":true,"href":"https:\/\/bigbuy.tupique.com\/pt\/wp-json\/wp\/v2\/product_brand?post=18191"},{"taxonomy":"product_cat","embeddable":true,"href":"https:\/\/bigbuy.tupique.com\/pt\/wp-json\/wp\/v2\/product_cat?post=18191"},{"taxonomy":"product_tag","embeddable":true,"href":"https:\/\/bigbuy.tupique.com\/pt\/wp-json\/wp\/v2\/product_tag?post=18191"}],"curies":[{"name":"wp","href":"https:\/\/api.w.org\/{rel}","templated":true}]}}