{"id":18182,"date":"2026-03-29T15:08:04","date_gmt":"2026-03-29T14:08:04","guid":{"rendered":"https:\/\/bigbuy.tupique.com\/produto\/tv-mount-neomounts-fl50-525bl1-55-86-76-kg\/"},"modified":"2026-04-15T00:50:14","modified_gmt":"2026-04-14T23:50:14","slug":"tv-mount-neomounts-fl50-525bl1-55-86-76-kg","status":"publish","type":"product","link":"https:\/\/bigbuy.tupique.com\/pt\/produto\/tv-mount-neomounts-fl50-525bl1-55-86-76-kg\/","title":{"rendered":"Support de TV Neomounts FL50-525BL1 55&#8243; 86&#8243; 76 Kg"},"content":{"rendered":"<p>Si vous \u00eates passionn\u00e9 d&#8217;<b>informatique et d&#8217;\u00e9lectronique<\/b>, si vous \u00eates \u00e0 la pointe de la technologie et qu&#8217;aucun d\u00e9tail ne vous \u00e9chappe, achetez <b>Support de TV Neomounts FL50-525BL1 55&#8243; 86&#8243; 76 Kg<\/b> au meilleur prix.<\/p>\n<p>Le <b>Neomounts FL50-525BL1<\/b> est un <b>support TV<\/b> mobile con\u00e7u pour offrir polyvalence et stabilit\u00e9 dans l\u2019installation d\u2019\u00e9crans plats grand format, supportant des tailles de 55 \u00e0 86 pouces avec une capacit\u00e9 maximale de <b>76 kg<\/b>. Fabriqu\u00e9 en <b>acier<\/b> avec une finition <b>noire<\/b>, ce support se distingue par sa structure robuste et durable, id\u00e9ale pour des environnements professionnels ou domestiques n\u00e9cessitant mobilit\u00e9 et r\u00e9glage facile. Son design int\u00e8gre un syst\u00e8me de r\u00e9glage manuel avec <b>4 positions de hauteur pr\u00e9\u00e9tablies<\/b> allant de <b>106 \u00e0 136 cm<\/b>, facilitant l\u2019adaptation de l\u2019\u00e9cran \u00e0 la hauteur optimale de visionnage ou d\u2019interaction. Il est \u00e9galement \u00e9quip\u00e9 de quatre roulettes pivotantes de 7,5 cm avec double frein, permettant un d\u00e9placement simple et s\u00e9curis\u00e9 sur diverses surfaces, franchissant ais\u00e9ment tapis et seuils. Pour am\u00e9liorer la fonctionnalit\u00e9 multim\u00e9dia, il comprend une \u00e9tag\u00e8re amovible d\u2019une capacit\u00e9 de 10 kg, installable \u00e0 l\u2019avant ou \u00e0 l\u2019arri\u00e8re, ainsi que la possibilit\u00e9 d\u2019ajouter une \u00e9tag\u00e8re suppl\u00e9mentaire pour mat\u00e9riel AV, facilitant l\u2019organisation des appareils compl\u00e9mentaires. Ce support mobile int\u00e8gre aussi des stabilisateurs pour \u00e9cran tactile assurant une utilisation optimale des \u00e9crans tactiles, et offre la possibilit\u00e9 de s\u00e9curiser l\u2019\u00e9cran par cadenas (non inclus) pour plus de s\u00e9curit\u00e9. Avec des dimensions de <b>1500 mm de hauteur<\/b> et une largeur totale de <b>1100 mm<\/b>, le FL50-525BL1 est pr\u00eat \u00e0 l\u2019emploi apr\u00e8s un montage partiel qui r\u00e9duit significativement le temps d\u2019installation. Sa certification <b>T\u00dcV<\/b> garantit la qualit\u00e9 et la s\u00e9curit\u00e9 du produit. Ce support TV mobile allie mobilit\u00e9, robustesse et adaptabilit\u00e9 pour faciliter l\u2019installation et l\u2019usage d\u2019\u00e9crans grand format dans divers environnements, constituant une solution pratique pour la pr\u00e9sentation audiovisuelle, les salles de classe, bureaux ou espaces commerciaux.<\/p>\n<ul>\n<li>Type:\n<ul>\n<li>\u00c9cran<\/li>\n<li>Support de TV<\/li>\n<\/ul>\n<\/li>\n<li>Produit \u00e0 brancher: Oui<\/li>\n<li>Type de prise: Prise EU<\/li>\n<li>Diagonale de l&#8217;\u00e9cran (cm):\n<ul>\n<li>139,7 cm<\/li>\n<li>218,4 cm<\/li>\n<\/ul>\n<\/li>\n<li>Inclut: Vis<\/li>\n<li>Bloc d\u2019Alimentation: r\u00e9seau \u00e9lectrique<\/li>\n<li>Couleur: Noir<\/li>\n<li>Mati\u00e8re: Acier<\/li>\n<li>Caract\u00e9ristiques:\n<ul>\n<li>Hauteur r\u00e9glable<\/li>\n<li>4 roues pour facilit\u00e9 son d\u00e9placement<\/li>\n<li>R\u00e9glable<\/li>\n<\/ul>\n<\/li>\n<li>Ecran:\n<ul>\n<li>55&#8243;<\/li>\n<li>86&#8243;<\/li>\n<\/ul>\n<\/li>\n<li>Profondeur: 660 mm<\/li>\n<li>Poids Max. support\u00e9: 76 Kg<\/li>\n<li>roues: 4<\/li>\n<\/ul>","protected":false},"excerpt":{"rendered":"<p>Si vous \u00eates passionn\u00e9 d&#8217;informatique et d&#8217;\u00e9lectronique, si vous \u00eates \u00e0 la pointe de la technologie et qu&#8217;aucun d\u00e9tail ne vous \u00e9chappe, achetez Support de TV Neomounts FL50-525BL1 55&#8243; 86&#8243; 76 Kg au meilleur prix. Le Neomounts FL50-525BL1 est un support TV mobile con\u00e7u pour offrir polyvalence et stabilit\u00e9 dans l\u2019installation d\u2019\u00e9crans plats grand format, [&hellip;]<\/p>\n","protected":false},"featured_media":18166,"comment_status":"open","ping_status":"closed","template":"","meta":[],"product_brand":[639],"product_cat":[589,65,590],"product_tag":[210],"class_list":{"0":"post-18182","1":"product","2":"type-product","3":"status-publish","4":"has-post-thumbnail","6":"product_brand-brandp_4772","7":"product_cat-electronique-television","8":"product_cat-informatique-electronique","9":"product_cat-supports-de-television","10":"product_tag-tag_25","12":"first","13":"instock","14":"taxable","15":"shipping-taxable","16":"purchasable","17":"product-type-simple"},"_links":{"self":[{"href":"https:\/\/bigbuy.tupique.com\/pt\/wp-json\/wp\/v2\/product\/18182","targetHints":{"allow":["GET"]}}],"collection":[{"href":"https:\/\/bigbuy.tupique.com\/pt\/wp-json\/wp\/v2\/product"}],"about":[{"href":"https:\/\/bigbuy.tupique.com\/pt\/wp-json\/wp\/v2\/types\/product"}],"replies":[{"embeddable":true,"href":"https:\/\/bigbuy.tupique.com\/pt\/wp-json\/wp\/v2\/comments?post=18182"}],"wp:featuredmedia":[{"embeddable":true,"href":"https:\/\/bigbuy.tupique.com\/pt\/wp-json\/wp\/v2\/media\/18166"}],"wp:attachment":[{"href":"https:\/\/bigbuy.tupique.com\/pt\/wp-json\/wp\/v2\/media?parent=18182"}],"wp:term":[{"taxonomy":"product_brand","embeddable":true,"href":"https:\/\/bigbuy.tupique.com\/pt\/wp-json\/wp\/v2\/product_brand?post=18182"},{"taxonomy":"product_cat","embeddable":true,"href":"https:\/\/bigbuy.tupique.com\/pt\/wp-json\/wp\/v2\/product_cat?post=18182"},{"taxonomy":"product_tag","embeddable":true,"href":"https:\/\/bigbuy.tupique.com\/pt\/wp-json\/wp\/v2\/product_tag?post=18182"}],"curies":[{"name":"wp","href":"https:\/\/api.w.org\/{rel}","templated":true}]}}