{"id":18158,"date":"2026-03-29T15:07:28","date_gmt":"2026-03-29T14:07:28","guid":{"rendered":"https:\/\/bigbuy.tupique.com\/produto\/oil-filled-radiator-qlima-grey\/"},"modified":"2026-04-16T20:12:21","modified_gmt":"2026-04-16T19:12:21","slug":"oil-filled-radiator-qlima-grey","status":"publish","type":"product","link":"https:\/\/bigbuy.tupique.com\/pt\/produto\/oil-filled-radiator-qlima-grey\/","title":{"rendered":"Radiateur \u00e0 Huile QLima Gris"},"content":{"rendered":"<p>Si vous recherchez des \u00e9lectrom\u00e9nagers pour votre maison aux meilleurs prix, ne manquez pas <b>Radiateur \u00e0 Huile QLima Gris<\/b> et une large s\u00e9lection de petits \u00e9lectrom\u00e9nagers de qualit\u00e9 !<\/p>\n<p>Le <b>Radiateur \u00e0 Huile QLima<\/b> est un chauffage con\u00e7u pour offrir une chaleur efficace et silencieuse dans les espaces int\u00e9rieurs, particuli\u00e8rement adapt\u00e9 aux pi\u00e8ces jusqu\u2019\u00e0 48m\u00b2 ou un volume d\u2019environ 120m\u00b3. Fabriqu\u00e9 en <b>acier<\/b> avec une finition <b>gris argent<\/b>, ce mod\u00e8le allie durabilit\u00e9 et design sobre qui s\u2019int\u00e8gre facilement \u00e0 tout environnement. Il dispose d\u2019une puissance maximale de <b>3,1 kW (3100 W)<\/b>, permettant de chauffer rapidement les pi\u00e8ces tout en optimisant la consommation d\u2019\u00e9nergie. \u00c9quip\u00e9 d\u2019un syst\u00e8me \u00e9lectronique avanc\u00e9, il int\u00e8gre des fonctions telles que la <b>r\u00e9gulation de temp\u00e9rature<\/b> via le mode SAVE pour un contr\u00f4le pr\u00e9cis de la chaleur et des \u00e9conomies d\u2019\u00e9nergie, ainsi qu\u2019une programmation horaire facilitant l\u2019adaptation \u00e0 l\u2019usage quotidien. De plus, il poss\u00e8de un <b>syst\u00e8me anti-odeur<\/b> qui \u00e9vite les d\u00e9sagr\u00e9ments li\u00e9s au chauffage de l\u2019huile, am\u00e9liorant le confort ambiant, ainsi qu\u2019une <b>fonction antigel<\/b> con\u00e7ue pour prot\u00e9ger la pi\u00e8ce et le radiateur lors de basses temp\u00e9ratures. Avec des dimensions compactes d\u2019environ <b>43 cm de haut et 37 cm de large<\/b> et une prise de type EU, ce radiateur est facile \u00e0 installer et \u00e0 transporter. La garantie de <b>4 ans<\/b> offerte par QLima t\u00e9moigne de la confiance dans la qualit\u00e9 et la robustesse du produit. Ce radiateur \u00e0 huile repr\u00e9sente une solution pratique et s\u00fbre pour maintenir une chaleur homog\u00e8ne en saison froide, combinant technologie \u00e9lectronique et fiabilit\u00e9 traditionnelle du chauffage \u00e0 l\u2019huile.<\/p>\n<ul>\n<li>Produit \u00e0 brancher: Oui<\/li>\n<li>Type: Chauffage<\/li>\n<li>Design: Maison<\/li>\n<li>Type de prise: Prise EU<\/li>\n<li>Bloc d\u2019Alimentation: r\u00e9seau \u00e9lectrique<\/li>\n<li>Couleur: Gris<\/li>\n<li>Mati\u00e8re: Acier<\/li>\n<li>Caract\u00e9ristiques: \u00c9lectrique<\/li>\n<li>puissance: 3100 W<\/li>\n<li>Port\u00e9e: 48 m\u00b2<\/li>\n<li>Dimensions approx.: 30 cm<\/li>\n<\/ul>","protected":false},"excerpt":{"rendered":"<p><span class=\"unit-info\">772.9459 &euro; \/ 1 m<\/span><\/p>","protected":false},"featured_media":18157,"comment_status":"open","ping_status":"closed","template":"","meta":[],"product_brand":[977],"product_cat":[732,239,788],"product_tag":[59,208,210],"class_list":{"0":"post-18158","1":"product","2":"type-product","3":"status-publish","4":"has-post-thumbnail","6":"product_brand-brandp_8516","7":"product_cat-climatisation-et-chauffage","8":"product_cat-maison-jardin","9":"product_cat-radiateurs-et-poeles","10":"product_tag-tag_1304","11":"product_tag-tag_587","12":"product_tag-tag_25","14":"first","15":"instock","16":"taxable","17":"shipping-taxable","18":"purchasable","19":"product-type-simple"},"_links":{"self":[{"href":"https:\/\/bigbuy.tupique.com\/pt\/wp-json\/wp\/v2\/product\/18158","targetHints":{"allow":["GET"]}}],"collection":[{"href":"https:\/\/bigbuy.tupique.com\/pt\/wp-json\/wp\/v2\/product"}],"about":[{"href":"https:\/\/bigbuy.tupique.com\/pt\/wp-json\/wp\/v2\/types\/product"}],"replies":[{"embeddable":true,"href":"https:\/\/bigbuy.tupique.com\/pt\/wp-json\/wp\/v2\/comments?post=18158"}],"wp:featuredmedia":[{"embeddable":true,"href":"https:\/\/bigbuy.tupique.com\/pt\/wp-json\/wp\/v2\/media\/18157"}],"wp:attachment":[{"href":"https:\/\/bigbuy.tupique.com\/pt\/wp-json\/wp\/v2\/media?parent=18158"}],"wp:term":[{"taxonomy":"product_brand","embeddable":true,"href":"https:\/\/bigbuy.tupique.com\/pt\/wp-json\/wp\/v2\/product_brand?post=18158"},{"taxonomy":"product_cat","embeddable":true,"href":"https:\/\/bigbuy.tupique.com\/pt\/wp-json\/wp\/v2\/product_cat?post=18158"},{"taxonomy":"product_tag","embeddable":true,"href":"https:\/\/bigbuy.tupique.com\/pt\/wp-json\/wp\/v2\/product_tag?post=18158"}],"curies":[{"name":"wp","href":"https:\/\/api.w.org\/{rel}","templated":true}]}}