{"id":18102,"date":"2026-03-29T15:06:06","date_gmt":"2026-03-29T14:06:06","guid":{"rendered":"https:\/\/bigbuy.tupique.com\/produto\/switch-d-link-dgs-3130-30s-e\/"},"modified":"2026-04-15T00:50:07","modified_gmt":"2026-04-14T23:50:07","slug":"switch-d-link-dgs-3130-30s-e","status":"publish","type":"product","link":"https:\/\/bigbuy.tupique.com\/pt\/produto\/switch-d-link-dgs-3130-30s-e\/","title":{"rendered":"Switch D-Link DGS-3130-30S\/E"},"content":{"rendered":"<p>Si vous \u00eates passionn\u00e9 d&#8217;<b>informatique et d&#8217;\u00e9lectronique<\/b>, si vous \u00eates \u00e0 la pointe de la technologie et qu&#8217;aucun d\u00e9tail ne vous \u00e9chappe, achetez <b>Switch D-Link DGS-3130-30S\/E<\/b> au meilleur prix.<\/p>\n<p>Le <b>DGS-3130-30S\/E<\/b> de <b>D-Link<\/b> est un <b>switch manageable<\/b> de niveau 3 con\u00e7u pour les environnements professionnels et r\u00e9seaux exigeants, offrant des performances avanc\u00e9es et une grande capacit\u00e9 de commutation. Il dispose de <b>ports RJ-45 Ethernet 10G<\/b> compatibles avec des vitesses de <b>100\/1000\/10000 Mbps<\/b>, comprenant <b>2 ports de commutation de base<\/b> et un <b>port USB 2.0<\/b> facilitant la configuration et les mises \u00e0 jour. Sa structure robuste en <b>plastique gris<\/b> garantit durabilit\u00e9 et finition professionnelle, tandis que son alimentation en <b>100-240 V AC<\/b> le rend adaptable \u00e0 diverses infrastructures \u00e9lectriques. Ce mod\u00e8le supporte de nombreux standards r\u00e9seau IEEE, dont <b>802.1D, 802.1Q, 802.1p, 802.1s, 802.1v, 802.1w<\/b> et <b>802.1x<\/b>, assurant des capacit\u00e9s avanc\u00e9es de gestion du trafic, s\u00e9curit\u00e9 et qualit\u00e9 de service. Il dispose d\u2019une table d\u2019adresses MAC pouvant contenir <b>16 384 entr\u00e9es<\/b> et d\u2019une capacit\u00e9 de commutation de <b>168 Gbit\/s<\/b>, garantissant un flux de donn\u00e9es efficace et stable, essentiel pour les r\u00e9seaux d\u2019entreprise exigeant haute disponibilit\u00e9 et performance. Son design multi-supports et sa longueur d\u2019environ <b>25 cm<\/b> permettent une int\u00e9gration facile en rack ou sur bureau, s\u2019adaptant \u00e0 diff\u00e9rentes configurations physiques. En r\u00e9sum\u00e9, le DGS-3130-30S\/E est une solution polyvalente et fiable pour un contr\u00f4le complet du trafic r\u00e9seau avec des fonctionnalit\u00e9s avanc\u00e9es de couche 3, garantissant efficacit\u00e9, s\u00e9curit\u00e9 et adaptabilit\u00e9 dans les infrastructures r\u00e9seau modernes.<\/p>\n<ul>\n<li>Produit \u00e0 brancher: Oui<\/li>\n<li>Type:\n<ul>\n<li>Switch<\/li>\n<li>Empilable<\/li>\n<\/ul>\n<\/li>\n<li>Type de prise: Prise EU<\/li>\n<li>Bloc d\u2019Alimentation:\n<ul>\n<li>r\u00e9seau \u00e9lectrique<\/li>\n<li>DC<\/li>\n<\/ul>\n<\/li>\n<li>Couleur: Gris<\/li>\n<li>Connexions:\n<ul>\n<li>USB 2.0<\/li>\n<li>RJ45<\/li>\n<\/ul>\n<\/li>\n<li>Tension:\n<ul>\n<li>100-240 V<\/li>\n<li>100 &#8211; 240 V<\/li>\n<\/ul>\n<\/li>\n<li>Ventillateur: 3<\/li>\n<li>Fr\u00e9quence:\n<ul>\n<li>50-60 Hz<\/li>\n<li>50 &#8211; 60 Hz<\/li>\n<\/ul>\n<\/li>\n<li>Mati\u00e8re: Plastique<\/li>\n<li>Support: Multisupport<\/li>\n<li>Profondeur: 25 cm<\/li>\n<li>N\u00b0 de rainures: 4<\/li>\n<li>Caract\u00e9ristiques: T\u00e9moin de fonctionnement LED<\/li>\n<li>Largeur: 44 cm<\/li>\n<li>Plage d&#8217;humidit\u00e9 de travail: 10 % &#8211; 90 %<\/li>\n<li>Temp\u00e9rature approximative: -40\u00ba \/ 70\u00ba<\/li>\n<li>S\u00e9curit\u00e9: IGMP<\/li>\n<\/ul>","protected":false},"excerpt":{"rendered":"<p>Si vous \u00eates passionn\u00e9 d&#8217;informatique et d&#8217;\u00e9lectronique, si vous \u00eates \u00e0 la pointe de la technologie et qu&#8217;aucun d\u00e9tail ne vous \u00e9chappe, achetez Switch D-Link DGS-3130-30S\/E au meilleur prix. Le DGS-3130-30S\/E de D-Link est un switch manageable de niveau 3 con\u00e7u pour les environnements professionnels et r\u00e9seaux exigeants, offrant des performances avanc\u00e9es et une grande [&hellip;]<\/p>\n","protected":false},"featured_media":18100,"comment_status":"open","ping_status":"closed","template":"","meta":[],"product_brand":[640],"product_cat":[65,584,585],"product_tag":[106],"class_list":{"0":"post-18102","1":"product","2":"type-product","3":"status-publish","4":"has-post-thumbnail","6":"product_brand-brandp_543","7":"product_cat-informatique-electronique","8":"product_cat-informatique-reseaux-et-composants","9":"product_cat-switch","10":"product_tag-tag_1295","12":"first","13":"instock","14":"taxable","15":"shipping-taxable","16":"purchasable","17":"product-type-simple"},"_links":{"self":[{"href":"https:\/\/bigbuy.tupique.com\/pt\/wp-json\/wp\/v2\/product\/18102","targetHints":{"allow":["GET"]}}],"collection":[{"href":"https:\/\/bigbuy.tupique.com\/pt\/wp-json\/wp\/v2\/product"}],"about":[{"href":"https:\/\/bigbuy.tupique.com\/pt\/wp-json\/wp\/v2\/types\/product"}],"replies":[{"embeddable":true,"href":"https:\/\/bigbuy.tupique.com\/pt\/wp-json\/wp\/v2\/comments?post=18102"}],"wp:featuredmedia":[{"embeddable":true,"href":"https:\/\/bigbuy.tupique.com\/pt\/wp-json\/wp\/v2\/media\/18100"}],"wp:attachment":[{"href":"https:\/\/bigbuy.tupique.com\/pt\/wp-json\/wp\/v2\/media?parent=18102"}],"wp:term":[{"taxonomy":"product_brand","embeddable":true,"href":"https:\/\/bigbuy.tupique.com\/pt\/wp-json\/wp\/v2\/product_brand?post=18102"},{"taxonomy":"product_cat","embeddable":true,"href":"https:\/\/bigbuy.tupique.com\/pt\/wp-json\/wp\/v2\/product_cat?post=18102"},{"taxonomy":"product_tag","embeddable":true,"href":"https:\/\/bigbuy.tupique.com\/pt\/wp-json\/wp\/v2\/product_tag?post=18102"}],"curies":[{"name":"wp","href":"https:\/\/api.w.org\/{rel}","templated":true}]}}