{"id":18084,"date":"2026-03-29T15:05:46","date_gmt":"2026-03-29T14:05:46","guid":{"rendered":"https:\/\/bigbuy.tupique.com\/produto\/webcam-owl-labs-whiteboard\/"},"modified":"2026-04-15T00:50:03","modified_gmt":"2026-04-14T23:50:03","slug":"webcam-owl-labs-whiteboard","status":"publish","type":"product","link":"https:\/\/bigbuy.tupique.com\/pt\/produto\/webcam-owl-labs-whiteboard\/","title":{"rendered":"Webcam Owl Labs Whiteboard"},"content":{"rendered":"<p>Si vous \u00eates passionn\u00e9 d&#8217;<b>informatique et d&#8217;\u00e9lectronique<\/b>, si vous \u00eates \u00e0 la pointe de la technologie et qu&#8217;aucun d\u00e9tail ne vous \u00e9chappe, achetez <b>Webcam Owl Labs Whiteboard<\/b> au meilleur prix.<\/p>\n<ul>\n<li>R\u00e9solution: Full HD<\/li>\n<li>Type: Webcam<\/li>\n<li>Couleur: Blanc<\/li>\n<li>Connexions:\n<ul>\n<li>USB-C<\/li>\n<li>USB<\/li>\n<li>USB-C 3.2 Gen 1 (3.1 Gen 1)<\/li>\n<\/ul>\n<\/li>\n<li>Connectivit\u00e9:\n<ul>\n<li>Bluetooth<\/li>\n<li>Wi-Fi<\/li>\n<li>Bluetooth 5.0<\/li>\n<\/ul>\n<\/li>\n<li>Bloc d\u2019Alimentation:\n<ul>\n<li>C\u00e2ble<\/li>\n<li>CC<\/li>\n<li>DC<\/li>\n<li>Cordon d&#8217;alimentation CA<\/li>\n<\/ul>\n<\/li>\n<li>Pays \/ r\u00e9gion de fabrication: Chine<\/li>\n<li>Caract\u00e9ristiques: Guide d&#8217;installation inclus<\/li>\n<li>Tension:\n<ul>\n<li>12 V<\/li>\n<li>100 &#8211; 240 V<\/li>\n<\/ul>\n<\/li>\n<li>Compatible:\n<ul>\n<li>Windows<\/li>\n<li>Linux<\/li>\n<li>Mac OS<\/li>\n<\/ul>\n<\/li>\n<li>Fr\u00e9quence: 50 &#8211; 60 Hz<\/li>\n<li>Inclut: Bloc d\u2019Alimentation<\/li>\n<li>Cam\u00e9ra\/Appareil Photo: 13 MP<\/li>\n<li>Capteur: CMOS<\/li>\n<li>Amp\u00e9rage: 0,5 A<\/li>\n<\/ul>","protected":false},"excerpt":{"rendered":"<p>Si vous \u00eates passionn\u00e9 d&#8217;informatique et d&#8217;\u00e9lectronique, si vous \u00eates \u00e0 la pointe de la technologie et qu&#8217;aucun d\u00e9tail ne vous \u00e9chappe, achetez Webcam Owl Labs Whiteboard au meilleur prix. R\u00e9solution: Full HD Type: Webcam Couleur: Blanc Connexions: USB-C USB USB-C 3.2 Gen 1 (3.1 Gen 1) Connectivit\u00e9: Bluetooth Wi-Fi Bluetooth 5.0 Bloc d\u2019Alimentation: C\u00e2ble [&hellip;]<\/p>\n","protected":false},"featured_media":18083,"comment_status":"open","ping_status":"closed","template":"","meta":[],"product_brand":[976],"product_cat":[65,581,607],"product_tag":[213,106],"class_list":{"0":"post-18084","1":"product","2":"type-product","3":"status-publish","4":"has-post-thumbnail","6":"product_brand-brandp_8715","7":"product_cat-informatique-electronique","8":"product_cat-informatique-peripheriques-et-consommables","9":"product_cat-webcam","10":"product_tag-tag_933","11":"product_tag-tag_1295","13":"first","14":"instock","15":"taxable","16":"shipping-taxable","17":"purchasable","18":"product-type-simple"},"_links":{"self":[{"href":"https:\/\/bigbuy.tupique.com\/pt\/wp-json\/wp\/v2\/product\/18084","targetHints":{"allow":["GET"]}}],"collection":[{"href":"https:\/\/bigbuy.tupique.com\/pt\/wp-json\/wp\/v2\/product"}],"about":[{"href":"https:\/\/bigbuy.tupique.com\/pt\/wp-json\/wp\/v2\/types\/product"}],"replies":[{"embeddable":true,"href":"https:\/\/bigbuy.tupique.com\/pt\/wp-json\/wp\/v2\/comments?post=18084"}],"wp:featuredmedia":[{"embeddable":true,"href":"https:\/\/bigbuy.tupique.com\/pt\/wp-json\/wp\/v2\/media\/18083"}],"wp:attachment":[{"href":"https:\/\/bigbuy.tupique.com\/pt\/wp-json\/wp\/v2\/media?parent=18084"}],"wp:term":[{"taxonomy":"product_brand","embeddable":true,"href":"https:\/\/bigbuy.tupique.com\/pt\/wp-json\/wp\/v2\/product_brand?post=18084"},{"taxonomy":"product_cat","embeddable":true,"href":"https:\/\/bigbuy.tupique.com\/pt\/wp-json\/wp\/v2\/product_cat?post=18084"},{"taxonomy":"product_tag","embeddable":true,"href":"https:\/\/bigbuy.tupique.com\/pt\/wp-json\/wp\/v2\/product_tag?post=18084"}],"curies":[{"name":"wp","href":"https:\/\/api.w.org\/{rel}","templated":true}]}}