{"id":180750,"date":"2026-04-14T01:33:16","date_gmt":"2026-04-14T00:33:16","guid":{"rendered":"https:\/\/bigbuy.tupique.com\/produto\/smartwatch-apple-mepf4zr-a-white-178-o-44-mm\/"},"modified":"2026-05-11T19:55:49","modified_gmt":"2026-05-11T17:55:49","slug":"smartwatch-apple-mepf4zr-a-white-178-o-44-mm","status":"publish","type":"product","link":"https:\/\/bigbuy.tupique.com\/pt\/produto\/smartwatch-apple-mepf4zr-a-white-178-o-44-mm\/","title":{"rendered":"Montre intelligente Apple MEPF4ZR\/A Blanc 1,78&#8243; \u00d8 44 mm"},"content":{"rendered":"<p>Si vous \u00eates \u00e0 la recherche de nouvelles tendances sur le march\u00e9, nous vous pr\u00e9sentons <b>Montre intelligente Apple MEPF4ZR\/A Blanc 1,78&#8243; \u00d8 44 mm<\/b> !<\/p>\n<p>La <b>Apple Watch<\/b> est une <b>smartwatch<\/b> de haute pr\u00e9cision con\u00e7ue par Apple, qui se distingue par sa <b>fabrication en aluminium<\/b>, un mat\u00e9riau robuste et l\u00e9ger offrant confort et r\u00e9sistance pour un usage quotidien. Elle pr\u00e9sente une <b>finition \u00e9l\u00e9gante couleur beige<\/b>, facilement adaptable \u00e0 tous les styles et polyvalente aussi bien pour le sport que pour un usage quotidien. Son design int\u00e8gre diff\u00e9rentes dimensions, notamment <b>30 mm<\/b>, <b>38 mm<\/b> et <b>240 mm<\/b>, assurant une excellente ergonomie adapt\u00e9e \u00e0 divers poignets et un ajustement optimal gr\u00e2ce \u00e0 son bracelet, alliant fonctionnalit\u00e9 et esth\u00e9tique. La pr\u00e9sence d\u2019un <b>acc\u00e9l\u00e9rom\u00e8tre avanc\u00e9<\/b> permet un suivi pr\u00e9cis des mouvements, id\u00e9al pour le contr\u00f4le de l\u2019activit\u00e9 physique, le suivi des entra\u00eenements et la d\u00e9tection automatique des exercices, r\u00e9pondant aux attentes les plus \u00e9lev\u00e9es dans la cat\u00e9gorie des montres connect\u00e9es. Ce mod\u00e8le combine l\u2019expertise technologique d\u2019Apple en mati\u00e8re de connectivit\u00e9 et de bien-\u00eatre, s\u2019adressant aux utilisateurs qui privil\u00e9gient le design, des mat\u00e9riaux de qualit\u00e9 et des fonctionnalit\u00e9s li\u00e9es au suivi de la sant\u00e9 et de l\u2019activit\u00e9 physique. En r\u00e9sum\u00e9, il s\u2019agit d\u2019une option sophistiqu\u00e9e et fonctionnelle qui r\u00e9pond efficacement aux besoins actuels des utilisateurs de technologies portables.<\/p>\n<ul>\n<li>Type de montre: Montre intelligente<\/li>\n<li>Produit \u00e0 brancher: Oui<\/li>\n<li>Taille:\n<ul>\n<li>M<\/li>\n<li>M\/L<\/li>\n<li>38 mm<\/li>\n<\/ul>\n<\/li>\n<li>Largeur: 38 mm<\/li>\n<li>Compatible:\n<ul>\n<li>iOS<\/li>\n<li>Siri<\/li>\n<\/ul>\n<\/li>\n<li>Caisse: 44 mm<\/li>\n<li>Poids approx.: 33 g<\/li>\n<li>Type de prise: Prise EU<\/li>\n<li>Bloc d\u2019Alimentation: r\u00e9seau \u00e9lectrique<\/li>\n<li>Couleur:\n<ul>\n<li>Blanc<\/li>\n<li>Beige<\/li>\n<\/ul>\n<\/li>\n<li>M\u00e9moire interne: 64 GB<\/li>\n<li>Processeur: Dual Core<\/li>\n<li>Ecran: 1,78&#8243;<\/li>\n<li>Mati\u00e8re: Aluminium<\/li>\n<li>Caract\u00e9ristiques:\n<ul>\n<li>Acc\u00e9l\u00e9rom\u00e8tre<\/li>\n<li>Haut-parleurs int\u00e9gr\u00e9s<\/li>\n<li>Ecran tactile<\/li>\n<li>Capteur de lumi\u00e8re ambiante<\/li>\n<li>Gyroscope<\/li>\n<li>Altim\u00e8tre<\/li>\n<li>Microphone int\u00e9gr\u00e9<\/li>\n<li>Capteur optique<\/li>\n<li>Distance parcourue<\/li>\n<li>Moniteur de Sommeil<\/li>\n<li>Connexion au r\u00e9seau mobile<\/li>\n<li>Charge magn\u00e9tique<\/li>\n<li>Multisport<\/li>\n<li>\u00c9cran avec coins arrondis<\/li>\n<\/ul>\n<\/li>\n<li>Fonctions:\n<ul>\n<li>\u00c9cran couleur<\/li>\n<li>Moniteur de Sommeil<\/li>\n<li>Moniteur de fr\u00e9quence cardiaque<\/li>\n<\/ul>\n<\/li>\n<li>Type de batterie:\n<ul>\n<li>Int\u00e9gr\u00e9e<\/li>\n<li>Litio Ion<\/li>\n<\/ul>\n<\/li>\n<li>Connectivit\u00e9:\n<ul>\n<li>Bluetooth<\/li>\n<li>Wi-Fi<\/li>\n<li>GPS<\/li>\n<li>NFC<\/li>\n<li>Galileo<\/li>\n<li>5G<\/li>\n<li>Bluetooth Low Energy<\/li>\n<li>Bluetooth 5.3<\/li>\n<\/ul>\n<\/li>\n<li>Forme: Rectangulaire<\/li>\n<li>Cam\u00e9ra\/Appareil Photo: Non<\/li>\n<li>Chargeur sans fil: Oui<\/li>\n<li>Brille: 1000 cd\/m\u00b2<\/li>\n<li>Radio FM: Non<\/li>\n<li>R\u00e9sistant \u00e0 l&#8217;eau: 50 m<\/li>\n<li>Technologie: OLED<\/li>\n<li>Connexion USB: Non<\/li>\n<li>Sangle: Amovible<\/li>\n<li>R\u00e9solution: 368 x 448 px<\/li>\n<li>M\u00e9moire Flash: 64 MB<\/li>\n<li>Noyaux: 4 Noyaux<\/li>\n<li>Diam\u00e8tre du bo\u00eetier de la montre: \u00d8 44 mm<\/li>\n<\/ul>","protected":false},"excerpt":{"rendered":"<p><span class=\"unit-info\">11710.2632 &euro; \/ 1 m<\/span><\/p>","protected":false},"featured_media":180733,"comment_status":"open","ping_status":"closed","template":"","meta":[],"product_brand":[979],"product_cat":[575,65,748],"product_tag":[103,566,106],"class_list":{"0":"post-180750","1":"product","2":"type-product","3":"status-publish","4":"has-post-thumbnail","6":"product_brand-brandp_533","7":"product_cat-electronique-telephonie-et-tablettes","8":"product_cat-informatique-electronique","9":"product_cat-smartwatches","10":"product_tag-tag_1261","11":"product_tag-tag_547","12":"product_tag-tag_1295","14":"first","15":"instock","16":"taxable","17":"shipping-taxable","18":"purchasable","19":"product-type-simple"},"_links":{"self":[{"href":"https:\/\/bigbuy.tupique.com\/pt\/wp-json\/wp\/v2\/product\/180750","targetHints":{"allow":["GET"]}}],"collection":[{"href":"https:\/\/bigbuy.tupique.com\/pt\/wp-json\/wp\/v2\/product"}],"about":[{"href":"https:\/\/bigbuy.tupique.com\/pt\/wp-json\/wp\/v2\/types\/product"}],"replies":[{"embeddable":true,"href":"https:\/\/bigbuy.tupique.com\/pt\/wp-json\/wp\/v2\/comments?post=180750"}],"wp:featuredmedia":[{"embeddable":true,"href":"https:\/\/bigbuy.tupique.com\/pt\/wp-json\/wp\/v2\/media\/180733"}],"wp:attachment":[{"href":"https:\/\/bigbuy.tupique.com\/pt\/wp-json\/wp\/v2\/media?parent=180750"}],"wp:term":[{"taxonomy":"product_brand","embeddable":true,"href":"https:\/\/bigbuy.tupique.com\/pt\/wp-json\/wp\/v2\/product_brand?post=180750"},{"taxonomy":"product_cat","embeddable":true,"href":"https:\/\/bigbuy.tupique.com\/pt\/wp-json\/wp\/v2\/product_cat?post=180750"},{"taxonomy":"product_tag","embeddable":true,"href":"https:\/\/bigbuy.tupique.com\/pt\/wp-json\/wp\/v2\/product_tag?post=180750"}],"curies":[{"name":"wp","href":"https:\/\/api.w.org\/{rel}","templated":true}]}}