{"id":18068,"date":"2026-03-29T15:05:28","date_gmt":"2026-03-29T14:05:28","guid":{"rendered":"https:\/\/bigbuy.tupique.com\/produto\/uninterruptible-power-supply-system-interactive-ups-salicru-slc-1500-1500-w\/"},"modified":"2026-04-15T00:50:00","modified_gmt":"2026-04-14T23:50:00","slug":"uninterruptible-power-supply-system-interactive-ups-salicru-slc-1500-1500-w","status":"publish","type":"product","link":"https:\/\/bigbuy.tupique.com\/pt\/produto\/uninterruptible-power-supply-system-interactive-ups-salicru-slc-1500-1500-w\/","title":{"rendered":"Syst\u00e8me d&#8217;Alimentation Sans Interruption Interactif Salicru SLC-1500 1500 W"},"content":{"rendered":"<p>Si vous \u00eates passionn\u00e9 d&#8217;<b>informatique et d&#8217;\u00e9lectronique<\/b>, si vous \u00eates \u00e0 la pointe de la technologie et qu&#8217;aucun d\u00e9tail ne vous \u00e9chappe, achetez <b>Syst\u00e8me d&#8217;Alimentation Sans Interruption Interactif Salicru SLC-1500 1500 W<\/b> au meilleur prix.<\/p>\n<p>Le <b>SAI interactif 6B4AA000002<\/b> de la marque <b>Salicru<\/b> est un onduleur con\u00e7u pour offrir une protection fiable contre les coupures et variations de courant. Il utilise une configuration de <b>double conversion (topologie UPS en ligne)<\/b> garantissant une sortie stable, avec une <b>puissance de sortie de 1500 W<\/b> et une capacit\u00e9 de <b>3 kVA<\/b>, adapt\u00e9e \u00e0 la protection de syst\u00e8mes critiques en environnements professionnels et domestiques. Sa tension d\u2019entr\u00e9e et de sortie varie entre <b>200 et 240 V<\/b> avec une fr\u00e9quence compatible de <b>50\/60 Hz<\/b>, assurant une r\u00e9gulation pr\u00e9cise de la tension de sortie avec une marge minimale de <b>1%<\/b>. Ce mod\u00e8le se distingue par sa <b>haute efficacit\u00e9 \u00e9nerg\u00e9tique<\/b>, atteignant <b>93% en mode en ligne<\/b> et <b>97% en mode ECO<\/b>, optimisant la consommation \u00e9lectrique et r\u00e9duisant la chaleur \u00e9mise. Il dispose d\u2019un <b>facteur de puissance 1<\/b>, exploitant pleinement la capacit\u00e9 \u00e9lectrique sans pertes inutiles.<\/p>\n<p>Le Salicru 6B4AA000002 est de format tour, convertible facilement en montage rack <b>2U<\/b> pour s\u2019adapter \u00e0 divers espaces et installations. Il est de couleur <b>noir<\/b> et pr\u00e9sente des dimensions compactes de <b>438 mm de large, 445 mm de profondeur et 86 mm de haut<\/b>, pour un poids de <b>15,6 kg<\/b>. Son fonctionnement est silencieux, avec un niveau sonore maximal de <b>46 dB<\/b>, id\u00e9al pour les environnements professionnels o\u00f9 le confort acoustique est important. Parmi ses connexions figurent un port <b>USB 2.0<\/b> pour la surveillance, un port <b>RS-232<\/b> et un connecteur <b>Ethernet LAN (RJ-45)<\/b> permettant une int\u00e9gration avanc\u00e9e et une supervision \u00e0 distance. La sortie AC est assur\u00e9e par un <b>connecteur C19<\/b>, couramment utilis\u00e9 pour les \u00e9quipements informatiques et \u00e9lectroniques \u00e0 forte consommation. La batterie utilise une technologie <b>plomb-calcium (Pb-Ca)<\/b> garantissant une longue dur\u00e9e de vie et un temps de recharge rapide de seulement <b>3 heures<\/b> avec un chargeur d\u00e9livrant <b>1,5 A<\/b> et un mode repos pour minimiser le stress de la batterie. Il int\u00e8gre \u00e9galement une fonction de <b>d\u00e9marrage \u00e0 froid<\/b>, permettant de mettre en marche l\u2019appareil sans alimentation \u00e9lectrique, utile en cas d\u2019urgence.<\/p>\n<p>Ce <b>SAI interactif<\/b> r\u00e9pond aux normes strictes de s\u00e9curit\u00e9 et qualit\u00e9, certifi\u00e9 selon <b>IEC 62040-1, IEC 62040-2 (C2) et VFI-SS-31<\/b>, et dispose de certifications ISO 9001, ISO 14001 et ISO 45001, garantissant un produit fiable conforme aux standards internationaux. Son logiciel de supervision est compatible avec <b>Windows, Linux et Mac<\/b> et propose des applications mobiles pour iOS et Android, ainsi qu\u2019un portail web, facilitant la gestion et le contr\u00f4le en temps r\u00e9el. Sa plage de fonctionnement est comprise entre <b>0 et 50 \u00b0C<\/b> avec une humidit\u00e9 relative maximale de <b>95%<\/b>.<\/p>\n<p>En r\u00e9sum\u00e9, le Salicru mod\u00e8le 6B4AA000002 est un <b>SAI interactif<\/b> robuste et performant, combinant puissance, efficacit\u00e9 et flexibilit\u00e9 d\u2019installation, con\u00e7u pour prot\u00e9ger les \u00e9quipements sensibles contre les incidents \u00e9lectriques, garantissant une alimentation stable et ininterrompue adapt\u00e9e aux infrastructures critiques et environnements professionnels.<\/p>\n<ul>\n<li>puissance:\n<ul>\n<li>1500 W<\/li>\n<li>1500 VA<\/li>\n<\/ul>\n<\/li>\n<li>Produit \u00e0 brancher: Oui<\/li>\n<li>Type de prise: Prise EU<\/li>\n<li>Type:\n<ul>\n<li>Syst\u00e8me d&#8217;Alimentation Sans Interruption Interactif<\/li>\n<li>Tour<\/li>\n<\/ul>\n<\/li>\n<li>Temps de charge approx.: 3 heures<\/li>\n<li>Bloc d\u2019Alimentation: r\u00e9seau \u00e9lectrique<\/li>\n<li>Couleur: Noir<\/li>\n<li>Largeur: 438 mm<\/li>\n<li>Connexions:\n<ul>\n<li>USB 2.0<\/li>\n<li>USB<\/li>\n<li>RJ45<\/li>\n<\/ul>\n<\/li>\n<li>Puissance nominale: 3 kVA<\/li>\n<li>Fr\u00e9quence: 50\/60 Hz<\/li>\n<li>Niveau sonore: 46 dB<\/li>\n<li>Caract\u00e9ristiques: D\u00e9marrage \u00e0 froid<\/li>\n<li>Tension de sortie: 240 V<\/li>\n<li>Tension d&#8217;entr\u00e9e AC: 240 V<\/li>\n<\/ul>","protected":false},"excerpt":{"rendered":"<p><span class=\"unit-info\">494.4950 &euro; \/ 1 unit<\/span><\/p>","protected":false},"featured_media":18067,"comment_status":"open","ping_status":"closed","template":"","meta":[],"product_brand":[650],"product_cat":[65,581,603],"product_tag":[106],"class_list":{"0":"post-18068","1":"product","2":"type-product","3":"status-publish","4":"has-post-thumbnail","6":"product_brand-brandp_575","7":"product_cat-informatique-electronique","8":"product_cat-informatique-peripheriques-et-consommables","9":"product_cat-ups","10":"product_tag-tag_1295","12":"first","13":"instock","14":"taxable","15":"shipping-taxable","16":"purchasable","17":"product-type-simple"},"_links":{"self":[{"href":"https:\/\/bigbuy.tupique.com\/pt\/wp-json\/wp\/v2\/product\/18068","targetHints":{"allow":["GET"]}}],"collection":[{"href":"https:\/\/bigbuy.tupique.com\/pt\/wp-json\/wp\/v2\/product"}],"about":[{"href":"https:\/\/bigbuy.tupique.com\/pt\/wp-json\/wp\/v2\/types\/product"}],"replies":[{"embeddable":true,"href":"https:\/\/bigbuy.tupique.com\/pt\/wp-json\/wp\/v2\/comments?post=18068"}],"wp:featuredmedia":[{"embeddable":true,"href":"https:\/\/bigbuy.tupique.com\/pt\/wp-json\/wp\/v2\/media\/18067"}],"wp:attachment":[{"href":"https:\/\/bigbuy.tupique.com\/pt\/wp-json\/wp\/v2\/media?parent=18068"}],"wp:term":[{"taxonomy":"product_brand","embeddable":true,"href":"https:\/\/bigbuy.tupique.com\/pt\/wp-json\/wp\/v2\/product_brand?post=18068"},{"taxonomy":"product_cat","embeddable":true,"href":"https:\/\/bigbuy.tupique.com\/pt\/wp-json\/wp\/v2\/product_cat?post=18068"},{"taxonomy":"product_tag","embeddable":true,"href":"https:\/\/bigbuy.tupique.com\/pt\/wp-json\/wp\/v2\/product_tag?post=18068"}],"curies":[{"name":"wp","href":"https:\/\/api.w.org\/{rel}","templated":true}]}}