{"id":18066,"date":"2026-03-29T15:05:26","date_gmt":"2026-03-29T14:05:26","guid":{"rendered":"https:\/\/bigbuy.tupique.com\/produto\/gaming-chair-playseat-trophy-140-x-58-x-100-cm-black\/"},"modified":"2026-04-16T15:55:35","modified_gmt":"2026-04-16T14:55:35","slug":"gaming-chair-playseat-trophy-140-x-58-x-100-cm-black","status":"publish","type":"product","link":"https:\/\/bigbuy.tupique.com\/pt\/produto\/gaming-chair-playseat-trophy-140-x-58-x-100-cm-black\/","title":{"rendered":"Chaise de jeu Playseat Trophy 140 x 58 x 100 cm Noir"},"content":{"rendered":"<p>Si vous \u00eates passionn\u00e9 d&#8217;<b>informatique et d&#8217;\u00e9lectronique<\/b>, si vous \u00eates \u00e0 la pointe de la technologie et qu&#8217;aucun d\u00e9tail ne vous \u00e9chappe, achetez <b>Chaise de jeu Playseat Trophy 140 x 58 x 100 cm Noir<\/b> au meilleur prix.<\/p>\n<p>Le <b>fauteuil gaming Playseat Trophy<\/b> est un si\u00e8ge sp\u00e9cialement con\u00e7u pour les simulateurs, alliant fonctionnalit\u00e9 et confort avec un design robuste et moderne en <b>noir<\/b>. Ce mod\u00e8le se distingue par son caract\u00e8re <b>r\u00e9glable<\/b>, permettant \u00e0 l\u2019utilisateur d\u2019adapter la position pour optimiser l\u2019ergonomie lors de longues sessions de jeu ou de simulation de conduite, favorisant une posture correcte et r\u00e9duisant la fatigue musculaire. Construit avec des <b>mat\u00e9riaux de haute qualit\u00e9 tels que l\u2019aluminium et le polycarbonate<\/b>, il offre une structure solide et l\u00e9g\u00e8re garantissant durabilit\u00e9 et stabilit\u00e9 pour diff\u00e9rents usages. Son design universel facilite la compatibilit\u00e9 avec de nombreux volants et p\u00e9dales du march\u00e9, en faisant une option polyvalente pour les gamers recherchant un si\u00e8ge fiable pour simulateurs de course. De plus, le mod\u00e8le Trophy int\u00e8gre des finitions en <b>anglais<\/b>, visant une exp\u00e9rience internationale standardis\u00e9e en configuration et utilisation. En r\u00e9sum\u00e9, ce <b>fauteuil gaming Playseat Trophy<\/b> constitue une solution pratique et ergonomique destin\u00e9e aux utilisateurs exigeant un si\u00e8ge de qualit\u00e9 r\u00e9glable pour simulateurs de conduite, combinant robustesse, confort et adaptabilit\u00e9 dans un design fonctionnel et professionnel.<\/p>\n<ul>\n<li>Couleur: Noir<\/li>\n<li>Caract\u00e9ristiques:\n<ul>\n<li>R\u00e9glable<\/li>\n<li>Universel<\/li>\n<\/ul>\n<\/li>\n<li>Mati\u00e8re: Aluminium\/Polycarbonate<\/li>\n<li>Dimensions approx.: 140 x 58 x 100 cm<\/li>\n<li>Type: Chaise de jeu<\/li>\n<li>Langue: Anglais<\/li>\n<\/ul>","protected":false},"excerpt":{"rendered":"<p>Si vous \u00eates passionn\u00e9 d&#8217;informatique et d&#8217;\u00e9lectronique, si vous \u00eates \u00e0 la pointe de la technologie et qu&#8217;aucun d\u00e9tail ne vous \u00e9chappe, achetez Chaise de jeu Playseat Trophy 140 x 58 x 100 cm Noir au meilleur prix. Le fauteuil gaming Playseat Trophy est un si\u00e8ge sp\u00e9cialement con\u00e7u pour les simulateurs, alliant fonctionnalit\u00e9 et confort [&hellip;]<\/p>\n","protected":false},"featured_media":18060,"comment_status":"open","ping_status":"closed","template":"","meta":[],"product_brand":[867],"product_cat":[739,65,737],"product_tag":[59,572],"class_list":{"0":"post-18066","1":"product","2":"type-product","3":"status-publish","4":"has-post-thumbnail","6":"product_brand-brandp_7085","7":"product_cat-accessoires-gaming","8":"product_cat-informatique-electronique","9":"product_cat-informatique-gaming","10":"product_tag-tag_1304","11":"product_tag-tag_29","13":"first","14":"instock","15":"taxable","16":"shipping-taxable","17":"purchasable","18":"product-type-simple"},"_links":{"self":[{"href":"https:\/\/bigbuy.tupique.com\/pt\/wp-json\/wp\/v2\/product\/18066","targetHints":{"allow":["GET"]}}],"collection":[{"href":"https:\/\/bigbuy.tupique.com\/pt\/wp-json\/wp\/v2\/product"}],"about":[{"href":"https:\/\/bigbuy.tupique.com\/pt\/wp-json\/wp\/v2\/types\/product"}],"replies":[{"embeddable":true,"href":"https:\/\/bigbuy.tupique.com\/pt\/wp-json\/wp\/v2\/comments?post=18066"}],"wp:featuredmedia":[{"embeddable":true,"href":"https:\/\/bigbuy.tupique.com\/pt\/wp-json\/wp\/v2\/media\/18060"}],"wp:attachment":[{"href":"https:\/\/bigbuy.tupique.com\/pt\/wp-json\/wp\/v2\/media?parent=18066"}],"wp:term":[{"taxonomy":"product_brand","embeddable":true,"href":"https:\/\/bigbuy.tupique.com\/pt\/wp-json\/wp\/v2\/product_brand?post=18066"},{"taxonomy":"product_cat","embeddable":true,"href":"https:\/\/bigbuy.tupique.com\/pt\/wp-json\/wp\/v2\/product_cat?post=18066"},{"taxonomy":"product_tag","embeddable":true,"href":"https:\/\/bigbuy.tupique.com\/pt\/wp-json\/wp\/v2\/product_tag?post=18066"}],"curies":[{"name":"wp","href":"https:\/\/api.w.org\/{rel}","templated":true}]}}