{"id":18059,"date":"2026-03-29T15:05:15","date_gmt":"2026-03-29T14:05:15","guid":{"rendered":"https:\/\/bigbuy.tupique.com\/produto\/network-video-recorder-axis-01618-001-8-tb-ssd\/"},"modified":"2026-04-15T12:20:42","modified_gmt":"2026-04-15T11:20:42","slug":"network-video-recorder-axis-01618-001-8-tb-ssd","status":"publish","type":"product","link":"https:\/\/bigbuy.tupique.com\/pt\/produto\/network-video-recorder-axis-01618-001-8-tb-ssd\/","title":{"rendered":"Enregistreur Vid\u00e9o de R\u00e9seau Axis 01618-001 8 TB SSD"},"content":{"rendered":"<p>Si vous \u00eates passionn\u00e9 d&#8217;<b>informatique et d&#8217;\u00e9lectronique<\/b>, si vous \u00eates \u00e0 la pointe de la technologie et qu&#8217;aucun d\u00e9tail ne vous \u00e9chappe, achetez <b>Enregistreur Vid\u00e9o de R\u00e9seau Axis 01618-001 8 TB SSD<\/b> au meilleur prix.<\/p>\n<p>Le <b>Axis 01618-001<\/b> est un <b>enregistreur vid\u00e9o en r\u00e9seau<\/b> con\u00e7u pour r\u00e9pondre aux exigences des environnements professionnels de vid\u00e9osurveillance n\u00e9cessitant haute performance, fiabilit\u00e9 et \u00e9volutivit\u00e9. Ce mod\u00e8le externe, adapt\u00e9 au montage en rack 1U, int\u00e8gre une <b>m\u00e9moire interne de 8 Go<\/b> et un stockage robuste gr\u00e2ce \u00e0 son <b>HDD de 8 To<\/b> avec prise en charge des niveaux RAID 0 et 1, garantissant la protection et la disponibilit\u00e9 des donn\u00e9es critiques. Pour une int\u00e9gration efficace dans les syst\u00e8mes d\u2019entreprise, il offre une <b>connectivit\u00e9 Ethernet LAN<\/b> jusqu\u2019\u00e0 10 Gbit\/s via ports RJ45, permettant la transmission fluide de vid\u00e9os haute d\u00e9finition, y compris jusqu\u2019\u00e0 la r\u00e9solution 4K. Il dispose d\u2019un <b>lecteur de cartes compatible SD<\/b>, offrant des options suppl\u00e9mentaires pour le stockage ou la sauvegarde rapide des donn\u00e9es. Le syst\u00e8me d\u2019exploitation <b>Windows 10 IoT Enterprise<\/b> pr\u00e9install\u00e9 assure une gestion polyvalente et efficace, et le logiciel Axis Camera Station pr\u00e9configur\u00e9 simplifie la mise en service et l\u2019exploitation quotidienne, facilitant le contr\u00f4le de jusqu\u2019\u00e0 16 canaux et l\u2019int\u00e9gration compl\u00e8te \u00e0 l\u2019\u00e9cosyst\u00e8me Axis. Ses certifications CEM et de s\u00e9curit\u00e9 attestent de la conformit\u00e9 aux normes techniques strictes, tandis que la plage de <b>tension d\u2019entr\u00e9e AC de 100 \u00e0 240 V<\/b> et la consommation maximale de 500 W permettent l\u2019installation sur diverses infrastructures \u00e9lectriques. Avec une capacit\u00e9 extensible et un stockage SSD pour le syst\u00e8me d\u2019exploitation, cet enregistreur Axis constitue une solution fiable et \u00e9volutive pour les syst\u00e8mes de vid\u00e9osurveillance exigeant s\u00e9curit\u00e9 et stabilit\u00e9. En somme, l\u2019Axis 01618-001 est le choix id\u00e9al pour les projets recherchant fiabilit\u00e9 professionnelle et gestion avanc\u00e9e dans des sc\u00e9narios complexes de surveillance IP.<\/p>\n<ul>\n<li>Produit \u00e0 brancher: Oui<\/li>\n<li>Type de prise: Prise EU<\/li>\n<li>Type: Graveur externe<\/li>\n<li>Bloc d\u2019Alimentation: r\u00e9seau \u00e9lectrique<\/li>\n<li>Connexions:\n<ul>\n<li>2<\/li>\n<li>3<\/li>\n<li>RJ45<\/li>\n<li>USB-A 3.2<\/li>\n<\/ul>\n<\/li>\n<li>Tension:\n<ul>\n<li>100-240 V<\/li>\n<li>100 &#8211; 240 V<\/li>\n<\/ul>\n<\/li>\n<li>Disque dur: 8 TB SSD<\/li>\n<li>Caract\u00e9ristiques: Lecteur de Cartes<\/li>\n<li>Cartes M\u00e9moire Compatibles: SD<\/li>\n<li>Fr\u00e9quence d&#8217;entr\u00e9e AC: 50-60 Hz<\/li>\n<li>Montage en rack: 1U<\/li>\n<\/ul>","protected":false},"excerpt":{"rendered":"<p>Si vous \u00eates passionn\u00e9 d&#8217;informatique et d&#8217;\u00e9lectronique, si vous \u00eates \u00e0 la pointe de la technologie et qu&#8217;aucun d\u00e9tail ne vous \u00e9chappe, achetez Enregistreur Vid\u00e9o de R\u00e9seau Axis 01618-001 8 TB SSD au meilleur prix. Le Axis 01618-001 est un enregistreur vid\u00e9o en r\u00e9seau con\u00e7u pour r\u00e9pondre aux exigences des environnements professionnels de vid\u00e9osurveillance n\u00e9cessitant [&hellip;]<\/p>\n","protected":false},"featured_media":18058,"comment_status":"open","ping_status":"closed","template":"","meta":[],"product_brand":[645],"product_cat":[580,239,579],"product_tag":[567,210],"class_list":{"0":"post-18059","1":"product","2":"type-product","3":"status-publish","4":"has-post-thumbnail","6":"product_brand-brandp_4776","7":"product_cat-cameras-de-surveillance-video","8":"product_cat-maison-jardin","9":"product_cat-securite-a-la-maison","10":"product_tag-tag_556","11":"product_tag-tag_25","13":"first","14":"instock","15":"taxable","16":"shipping-taxable","17":"purchasable","18":"product-type-simple"},"_links":{"self":[{"href":"https:\/\/bigbuy.tupique.com\/pt\/wp-json\/wp\/v2\/product\/18059","targetHints":{"allow":["GET"]}}],"collection":[{"href":"https:\/\/bigbuy.tupique.com\/pt\/wp-json\/wp\/v2\/product"}],"about":[{"href":"https:\/\/bigbuy.tupique.com\/pt\/wp-json\/wp\/v2\/types\/product"}],"replies":[{"embeddable":true,"href":"https:\/\/bigbuy.tupique.com\/pt\/wp-json\/wp\/v2\/comments?post=18059"}],"wp:featuredmedia":[{"embeddable":true,"href":"https:\/\/bigbuy.tupique.com\/pt\/wp-json\/wp\/v2\/media\/18058"}],"wp:attachment":[{"href":"https:\/\/bigbuy.tupique.com\/pt\/wp-json\/wp\/v2\/media?parent=18059"}],"wp:term":[{"taxonomy":"product_brand","embeddable":true,"href":"https:\/\/bigbuy.tupique.com\/pt\/wp-json\/wp\/v2\/product_brand?post=18059"},{"taxonomy":"product_cat","embeddable":true,"href":"https:\/\/bigbuy.tupique.com\/pt\/wp-json\/wp\/v2\/product_cat?post=18059"},{"taxonomy":"product_tag","embeddable":true,"href":"https:\/\/bigbuy.tupique.com\/pt\/wp-json\/wp\/v2\/product_tag?post=18059"}],"curies":[{"name":"wp","href":"https:\/\/api.w.org\/{rel}","templated":true}]}}