{"id":18052,"date":"2026-03-29T15:05:05","date_gmt":"2026-03-29T14:05:05","guid":{"rendered":"https:\/\/bigbuy.tupique.com\/produto\/surveillance-camcorder-axis-m4216-v\/"},"modified":"2026-04-16T12:00:45","modified_gmt":"2026-04-16T11:00:45","slug":"surveillance-camcorder-axis-m4216-v","status":"publish","type":"product","link":"https:\/\/bigbuy.tupique.com\/pt\/produto\/surveillance-camcorder-axis-m4216-v\/","title":{"rendered":"Camescope de surveillance Axis M4216-V"},"content":{"rendered":"<p>Si vous \u00eates passionn\u00e9 d&#8217;<b>informatique et d&#8217;\u00e9lectronique<\/b>, si vous \u00eates \u00e0 la pointe de la technologie et qu&#8217;aucun d\u00e9tail ne vous \u00e9chappe, achetez <b>Camescope de surveillance Axis M4216-V<\/b> au meilleur prix.<\/p>\n<ul>\n<li>Type:\n<ul>\n<li>Avec fil<\/li>\n<li>Cam\u00e9scope<\/li>\n<li>Seau<\/li>\n<li>Cam\u00e9ra de s\u00e9curit\u00e9 IP<\/li>\n<\/ul>\n<\/li>\n<li>Couleur: Blanc<\/li>\n<li>Capteur: CMOS<\/li>\n<li>Nombre de cam\u00e9ras: 1<\/li>\n<li>Mati\u00e8re: M\u00e9tal<\/li>\n<li>Caract\u00e9ristiques: R\u00e9sistant \u00e0 l&#8217;eau<\/li>\n<li>Montage: Plafond<\/li>\n<li>Bloc d\u2019Alimentation: C\u00e2ble \u00e9lectrique<\/li>\n<li>Cha\u00eenes: 4<\/li>\n<li>Technologie: Infrarouges<\/li>\n<li>Format: H.264<\/li>\n<li>Paire de lunettes: x1<\/li>\n<li>R\u00e9solution (px): 1080 px<\/li>\n<li>Cam\u00e9ra\/Appareil Photo: 4 Mp<\/li>\n<\/ul>","protected":false},"excerpt":{"rendered":"<p>Si vous \u00eates passionn\u00e9 d&#8217;informatique et d&#8217;\u00e9lectronique, si vous \u00eates \u00e0 la pointe de la technologie et qu&#8217;aucun d\u00e9tail ne vous \u00e9chappe, achetez Camescope de surveillance Axis M4216-V au meilleur prix. Type: Avec fil Cam\u00e9scope Seau Cam\u00e9ra de s\u00e9curit\u00e9 IP Couleur: Blanc Capteur: CMOS Nombre de cam\u00e9ras: 1 Mati\u00e8re: M\u00e9tal Caract\u00e9ristiques: R\u00e9sistant \u00e0 l&#8217;eau Montage: [&hellip;]<\/p>\n","protected":false},"featured_media":18050,"comment_status":"open","ping_status":"closed","template":"","meta":[],"product_brand":[645],"product_cat":[580,239,579],"product_tag":[567,210],"class_list":{"0":"post-18052","1":"product","2":"type-product","3":"status-publish","4":"has-post-thumbnail","6":"product_brand-brandp_4776","7":"product_cat-cameras-de-surveillance-video","8":"product_cat-maison-jardin","9":"product_cat-securite-a-la-maison","10":"product_tag-tag_556","11":"product_tag-tag_25","13":"first","14":"instock","15":"taxable","16":"shipping-taxable","17":"purchasable","18":"product-type-simple"},"_links":{"self":[{"href":"https:\/\/bigbuy.tupique.com\/pt\/wp-json\/wp\/v2\/product\/18052","targetHints":{"allow":["GET"]}}],"collection":[{"href":"https:\/\/bigbuy.tupique.com\/pt\/wp-json\/wp\/v2\/product"}],"about":[{"href":"https:\/\/bigbuy.tupique.com\/pt\/wp-json\/wp\/v2\/types\/product"}],"replies":[{"embeddable":true,"href":"https:\/\/bigbuy.tupique.com\/pt\/wp-json\/wp\/v2\/comments?post=18052"}],"wp:featuredmedia":[{"embeddable":true,"href":"https:\/\/bigbuy.tupique.com\/pt\/wp-json\/wp\/v2\/media\/18050"}],"wp:attachment":[{"href":"https:\/\/bigbuy.tupique.com\/pt\/wp-json\/wp\/v2\/media?parent=18052"}],"wp:term":[{"taxonomy":"product_brand","embeddable":true,"href":"https:\/\/bigbuy.tupique.com\/pt\/wp-json\/wp\/v2\/product_brand?post=18052"},{"taxonomy":"product_cat","embeddable":true,"href":"https:\/\/bigbuy.tupique.com\/pt\/wp-json\/wp\/v2\/product_cat?post=18052"},{"taxonomy":"product_tag","embeddable":true,"href":"https:\/\/bigbuy.tupique.com\/pt\/wp-json\/wp\/v2\/product_tag?post=18052"}],"curies":[{"name":"wp","href":"https:\/\/api.w.org\/{rel}","templated":true}]}}