{"id":17938,"date":"2026-03-29T14:53:35","date_gmt":"2026-03-29T13:53:35","guid":{"rendered":"https:\/\/bigbuy.tupique.com\/produto\/label-printer-brother-tj4121tnz1\/"},"modified":"2026-05-11T19:59:05","modified_gmt":"2026-05-11T17:59:05","slug":"label-printer-brother-tj4121tnz1","status":"publish","type":"product","link":"https:\/\/bigbuy.tupique.com\/pt\/produto\/label-printer-brother-tj4121tnz1\/","title":{"rendered":"Imprimante pour Etiquettes Brother TJ4121TNZ1"},"content":{"rendered":"<p>Si vous \u00eates passionn\u00e9 d&#8217;<b>informatique et d&#8217;\u00e9lectronique<\/b>, si vous \u00eates \u00e0 la pointe de la technologie et qu&#8217;aucun d\u00e9tail ne vous \u00e9chappe, achetez <b>Imprimante pour Etiquettes Brother TJ4121TNZ1<\/b> au meilleur prix.<\/p>\n<ul>\n<li>Produit \u00e0 brancher: Oui<\/li>\n<li>Type de prise: Prise EU<\/li>\n<li>Connexions:\n<ul>\n<li>Ethernet LAN<\/li>\n<li>USB 2.0<\/li>\n<li>USB<\/li>\n<li>RJ45<\/li>\n<\/ul>\n<\/li>\n<li>Type:\n<ul>\n<li>Imprimante pour Etiquettes<\/li>\n<li>Avec fil<\/li>\n<\/ul>\n<\/li>\n<li>Bloc d\u2019Alimentation:\n<ul>\n<li>r\u00e9seau \u00e9lectrique<\/li>\n<li>Avec fil<\/li>\n<\/ul>\n<\/li>\n<li>Couleur: Noir<\/li>\n<li>R\u00e9solution d&#8217;image maximale: 300 x 300 dpi<\/li>\n<li>Ecran:\n<ul>\n<li>3,5&#8221;<\/li>\n<li>3,5&#8243;<\/li>\n<\/ul>\n<\/li>\n<li>Caract\u00e9ristiques: \u00c9cran couleur<\/li>\n<li>M\u00e9moire interne: 128 MB<\/li>\n<li>Interface: Ethernet<\/li>\n<li>Impression couleur: Non<\/li>\n<li>Compatible: Mac OS<\/li>\n<li>Tension: 100 &#8211; 240 V<\/li>\n<li>Fr\u00e9quence d&#8217;entr\u00e9e AC: 50-60 Hz<\/li>\n<li>M\u00e9moire Flash: 128 MB<\/li>\n<li>Amp\u00e9rage: 2 A<\/li>\n<li>Certificat: Certification ENERGY STAR<\/li>\n<\/ul>","protected":false},"excerpt":{"rendered":"<p>Si vous \u00eates passionn\u00e9 d&#8217;informatique et d&#8217;\u00e9lectronique, si vous \u00eates \u00e0 la pointe de la technologie et qu&#8217;aucun d\u00e9tail ne vous \u00e9chappe, achetez Imprimante pour Etiquettes Brother TJ4121TNZ1 au meilleur prix. Produit \u00e0 brancher: Oui Type de prise: Prise EU Connexions: Ethernet LAN USB 2.0 USB RJ45 Type: Imprimante pour Etiquettes Avec fil Bloc d\u2019Alimentation: [&hellip;]<\/p>\n","protected":false},"featured_media":178820,"comment_status":"open","ping_status":"closed","template":"","meta":[],"product_brand":[669],"product_cat":[592,65,581],"product_tag":[210],"class_list":{"0":"post-17938","1":"product","2":"type-product","3":"status-publish","4":"has-post-thumbnail","6":"product_brand-brandp_538","7":"product_cat-imprimantes","8":"product_cat-informatique-electronique","9":"product_cat-informatique-peripheriques-et-consommables","10":"product_tag-tag_25","12":"first","13":"instock","14":"taxable","15":"shipping-taxable","16":"purchasable","17":"product-type-simple"},"_links":{"self":[{"href":"https:\/\/bigbuy.tupique.com\/pt\/wp-json\/wp\/v2\/product\/17938","targetHints":{"allow":["GET"]}}],"collection":[{"href":"https:\/\/bigbuy.tupique.com\/pt\/wp-json\/wp\/v2\/product"}],"about":[{"href":"https:\/\/bigbuy.tupique.com\/pt\/wp-json\/wp\/v2\/types\/product"}],"replies":[{"embeddable":true,"href":"https:\/\/bigbuy.tupique.com\/pt\/wp-json\/wp\/v2\/comments?post=17938"}],"wp:featuredmedia":[{"embeddable":true,"href":"https:\/\/bigbuy.tupique.com\/pt\/wp-json\/wp\/v2\/media\/178820"}],"wp:attachment":[{"href":"https:\/\/bigbuy.tupique.com\/pt\/wp-json\/wp\/v2\/media?parent=17938"}],"wp:term":[{"taxonomy":"product_brand","embeddable":true,"href":"https:\/\/bigbuy.tupique.com\/pt\/wp-json\/wp\/v2\/product_brand?post=17938"},{"taxonomy":"product_cat","embeddable":true,"href":"https:\/\/bigbuy.tupique.com\/pt\/wp-json\/wp\/v2\/product_cat?post=17938"},{"taxonomy":"product_tag","embeddable":true,"href":"https:\/\/bigbuy.tupique.com\/pt\/wp-json\/wp\/v2\/product_tag?post=17938"}],"curies":[{"name":"wp","href":"https:\/\/api.w.org\/{rel}","templated":true}]}}