{"id":17913,"date":"2026-03-29T14:53:02","date_gmt":"2026-03-29T13:53:02","guid":{"rendered":"https:\/\/bigbuy.tupique.com\/produto\/label-printer-epson-cw-c6500ae\/"},"modified":"2026-05-11T19:58:56","modified_gmt":"2026-05-11T17:58:56","slug":"label-printer-epson-cw-c6500ae","status":"publish","type":"product","link":"https:\/\/bigbuy.tupique.com\/pt\/produto\/label-printer-epson-cw-c6500ae\/","title":{"rendered":"Imprimante pour Etiquettes Epson CW-C6500Ae"},"content":{"rendered":"<p>Si vous \u00eates passionn\u00e9 d&#8217;<b>informatique et d&#8217;\u00e9lectronique<\/b>, si vous \u00eates \u00e0 la pointe de la technologie et qu&#8217;aucun d\u00e9tail ne vous \u00e9chappe, achetez <b>Imprimante pour Etiquettes Epson CW-C6500Ae<\/b> au meilleur prix.<\/p>\n<p>La <b>imprimante d\u2019\u00e9tiquettes Epson ColorWorks CW-C6500Ae<\/b> est un appareil sp\u00e9cialis\u00e9 dans l\u2019impression d\u2019\u00e9tiquettes qui allie technologie avanc\u00e9e et haute fonctionnalit\u00e9 pour les environnements professionnels. Bas\u00e9e sur la <b>technologie jet d\u2019encre<\/b>, elle offre une qualit\u00e9 d\u2019impression sup\u00e9rieure avec une r\u00e9solution maximale de <b>1200 x 1200 dpi<\/b>, garantissant des \u00e9tiquettes nettes et des couleurs vives, id\u00e9ales pour les applications n\u00e9cessitant une impression couleur pr\u00e9cise. Son design offre une grande flexibilit\u00e9 quant au type et \u00e0 la taille du support, pouvant g\u00e9rer des largeurs de papier de <b>25,4 mm \u00e0 215,9 mm<\/b>, y compris des papiers textur\u00e9s, ce qui la rend polyvalente pour imprimer des petites \u00e9tiquettes pour bouteilles jusqu\u2019\u00e0 de grandes \u00e9tiquettes durables pour bidons chimiques. Cette imprimante se distingue par sa facilit\u00e9 d\u2019utilisation et sa compacit\u00e9, toutes les op\u00e9rations et changements de rouleau s\u2019effectuant ais\u00e9ment par l\u2019avant, \u00e0 droite ou \u00e0 gauche, optimisant l\u2019espace de travail. Sa connectivit\u00e9 est compl\u00e8te et robuste, \u00e9quip\u00e9e de <b>connexions filaires USB 2.0 et Ethernet<\/b>, facilitant son int\u00e9gration dans les r\u00e9seaux d\u2019entreprise et la connexion directe aux ordinateurs ou syst\u00e8mes POS. La CW-C6500Ae comprend des outils avanc\u00e9s de gestion, comme une interface web, configuration \u00e0 distance, supervision et maintenance \u00e0 distance, simplifiant l\u2019administration dans les environnements multi-appareils. Elle est compatible avec divers syst\u00e8mes d\u2019exploitation et plateformes, notamment SAP Direct, pilotes ESC Label, Linux et Mac, renfor\u00e7ant son adaptabilit\u00e9 aux solutions professionnelles. Avec une vitesse d\u2019impression jusqu\u2019\u00e0 <b>85 mm\/s<\/b>, elle r\u00e9pond efficacement aux besoins de production moyenne et \u00e9lev\u00e9e, garantissant une qualit\u00e9 couleur ajust\u00e9e via profils ICC et outils de combinaison directe, pour une reproduction fid\u00e8le et personnalis\u00e9e des couleurs d\u2019entreprise. Sa couleur noire et sa fabrication en Chine refl\u00e8tent un design sobre et professionnel, adapt\u00e9 \u00e0 un usage industriel et commercial. En r\u00e9sum\u00e9, l\u2019Epson ColorWorks CW-C6500Ae est une imprimante d\u2019\u00e9tiquettes filaire alliant haute pr\u00e9cision, flexibilit\u00e9 des supports et facilit\u00e9 d\u2019int\u00e9gration, constituant une solution compl\u00e8te et fiable pour les entreprises exigeant une impression couleur de qualit\u00e9 et un contr\u00f4le optimal.<\/p>\n<ul>\n<li>Type:\n<ul>\n<li>Avec fil<\/li>\n<li>Imprimante pour Etiquettes<\/li>\n<\/ul>\n<\/li>\n<li>Produit \u00e0 brancher: Oui<\/li>\n<li>Type de prise: Prise EU<\/li>\n<li>Connexions:\n<ul>\n<li>Ethernet LAN<\/li>\n<li>USB 2.0<\/li>\n<li>USB<\/li>\n<\/ul>\n<\/li>\n<li>Bloc d\u2019Alimentation:\n<ul>\n<li>r\u00e9seau \u00e9lectrique<\/li>\n<li>Avec fil<\/li>\n<\/ul>\n<\/li>\n<li>Couleur: Noir<\/li>\n<li>R\u00e9solution d&#8217;image maximale: 1200 x 1200 dpi<\/li>\n<li>Technologie: Injection d&#8217;encre<\/li>\n<li>Interface: Ethernet<\/li>\n<li>Impression couleur: Oui<\/li>\n<li>Fr\u00e9quence d&#8217;entr\u00e9e AC: 50-60 Hz<\/li>\n<li>Non Inclus: Adaptateur AC<\/li>\n<li>Tension d&#8217;entr\u00e9e AC: 100 &#8211; 240 V<\/li>\n<li>Inclut:\n<ul>\n<li>Manuel de l&#8217;utilisateur<\/li>\n<li>Cartouche<\/li>\n<\/ul>\n<\/li>\n<\/ul>","protected":false},"excerpt":{"rendered":"<p>Si vous \u00eates passionn\u00e9 d&#8217;informatique et d&#8217;\u00e9lectronique, si vous \u00eates \u00e0 la pointe de la technologie et qu&#8217;aucun d\u00e9tail ne vous \u00e9chappe, achetez Imprimante pour Etiquettes Epson CW-C6500Ae au meilleur prix. La imprimante d\u2019\u00e9tiquettes Epson ColorWorks CW-C6500Ae est un appareil sp\u00e9cialis\u00e9 dans l\u2019impression d\u2019\u00e9tiquettes qui allie technologie avanc\u00e9e et haute fonctionnalit\u00e9 pour les environnements professionnels. [&hellip;]<\/p>\n","protected":false},"featured_media":17912,"comment_status":"open","ping_status":"closed","template":"","meta":[],"product_brand":[632],"product_cat":[592,65,581],"product_tag":[210],"class_list":{"0":"post-17913","1":"product","2":"type-product","3":"status-publish","4":"has-post-thumbnail","6":"product_brand-brandp_547","7":"product_cat-imprimantes","8":"product_cat-informatique-electronique","9":"product_cat-informatique-peripheriques-et-consommables","10":"product_tag-tag_25","12":"first","13":"instock","14":"taxable","15":"shipping-taxable","16":"purchasable","17":"product-type-simple"},"_links":{"self":[{"href":"https:\/\/bigbuy.tupique.com\/pt\/wp-json\/wp\/v2\/product\/17913","targetHints":{"allow":["GET"]}}],"collection":[{"href":"https:\/\/bigbuy.tupique.com\/pt\/wp-json\/wp\/v2\/product"}],"about":[{"href":"https:\/\/bigbuy.tupique.com\/pt\/wp-json\/wp\/v2\/types\/product"}],"replies":[{"embeddable":true,"href":"https:\/\/bigbuy.tupique.com\/pt\/wp-json\/wp\/v2\/comments?post=17913"}],"wp:featuredmedia":[{"embeddable":true,"href":"https:\/\/bigbuy.tupique.com\/pt\/wp-json\/wp\/v2\/media\/17912"}],"wp:attachment":[{"href":"https:\/\/bigbuy.tupique.com\/pt\/wp-json\/wp\/v2\/media?parent=17913"}],"wp:term":[{"taxonomy":"product_brand","embeddable":true,"href":"https:\/\/bigbuy.tupique.com\/pt\/wp-json\/wp\/v2\/product_brand?post=17913"},{"taxonomy":"product_cat","embeddable":true,"href":"https:\/\/bigbuy.tupique.com\/pt\/wp-json\/wp\/v2\/product_cat?post=17913"},{"taxonomy":"product_tag","embeddable":true,"href":"https:\/\/bigbuy.tupique.com\/pt\/wp-json\/wp\/v2\/product_tag?post=17913"}],"curies":[{"name":"wp","href":"https:\/\/api.w.org\/{rel}","templated":true}]}}