{"id":178770,"date":"2026-04-13T13:56:28","date_gmt":"2026-04-13T12:56:28","guid":{"rendered":"https:\/\/bigbuy.tupique.com\/produto\/firewall-sonicwall-03-ssc-6964-rj45-x-4-ethernet-lan-10-100-1000\/"},"modified":"2026-04-15T07:03:13","modified_gmt":"2026-04-15T06:03:13","slug":"firewall-sonicwall-03-ssc-6964-rj45-x-4-ethernet-lan-10-100-1000","status":"publish","type":"product","link":"https:\/\/bigbuy.tupique.com\/pt\/produto\/firewall-sonicwall-03-ssc-6964-rj45-x-4-ethernet-lan-10-100-1000\/","title":{"rendered":"Firewall SonicWall 03-SSC-6964 RJ45 x 4 Ethernet LAN 10\/100\/1000"},"content":{"rendered":"<p>Si vous \u00eates \u00e0 la recherche de nouvelles tendances sur le march\u00e9, nous vous pr\u00e9sentons <b>Firewall SonicWall 03-SSC-6964 RJ45 x 4 Ethernet LAN 10\/100\/1000<\/b> !<\/p>\n<ul>\n<li>Type de prise: Prise EU<\/li>\n<li>Produit \u00e0 brancher: Oui<\/li>\n<li>Type:\n<ul>\n<li>Router<\/li>\n<li>Firewall<\/li>\n<li>Anti-Spyware<\/li>\n<\/ul>\n<\/li>\n<li>Connexions:\n<ul>\n<li>RJ45<\/li>\n<li>RJ45 x 4<\/li>\n<\/ul>\n<\/li>\n<li>Connectivit\u00e9:\n<ul>\n<li>Ethernet LAN<\/li>\n<li>Ethernet LAN 10\/100\/1000<\/li>\n<\/ul>\n<\/li>\n<li>Bloc d\u2019Alimentation: r\u00e9seau \u00e9lectrique<\/li>\n<li>Ports: 6<\/li>\n<li>Inclut:\n<ul>\n<li>C\u00e2ble d\u2019Alimentation<\/li>\n<li>Manuel de l&#8217;utilisateur<\/li>\n<\/ul>\n<\/li>\n<\/ul>","protected":false},"excerpt":{"rendered":"<p>Si vous \u00eates \u00e0 la recherche de nouvelles tendances sur le march\u00e9, nous vous pr\u00e9sentons Firewall SonicWall 03-SSC-6964 RJ45 x 4 Ethernet LAN 10\/100\/1000 ! Type de prise: Prise EU Produit \u00e0 brancher: Oui Type: Router Firewall Anti-Spyware Connexions: RJ45 RJ45 x 4 Connectivit\u00e9: Ethernet LAN Ethernet LAN 10\/100\/1000 Bloc d\u2019Alimentation: r\u00e9seau \u00e9lectrique Ports: 6 [&hellip;]<\/p>\n","protected":false},"featured_media":178769,"comment_status":"open","ping_status":"closed","template":"","meta":[],"product_brand":[658],"product_cat":[65,584,612],"product_tag":[106],"class_list":{"0":"post-178770","1":"product","2":"type-product","3":"status-publish","4":"has-post-thumbnail","6":"product_brand-brandp_4781","7":"product_cat-informatique-electronique","8":"product_cat-informatique-reseaux-et-composants","9":"product_cat-routeurs-et-modems","10":"product_tag-tag_1295","12":"first","13":"instock","14":"taxable","15":"shipping-taxable","16":"purchasable","17":"product-type-simple"},"_links":{"self":[{"href":"https:\/\/bigbuy.tupique.com\/pt\/wp-json\/wp\/v2\/product\/178770","targetHints":{"allow":["GET"]}}],"collection":[{"href":"https:\/\/bigbuy.tupique.com\/pt\/wp-json\/wp\/v2\/product"}],"about":[{"href":"https:\/\/bigbuy.tupique.com\/pt\/wp-json\/wp\/v2\/types\/product"}],"replies":[{"embeddable":true,"href":"https:\/\/bigbuy.tupique.com\/pt\/wp-json\/wp\/v2\/comments?post=178770"}],"wp:featuredmedia":[{"embeddable":true,"href":"https:\/\/bigbuy.tupique.com\/pt\/wp-json\/wp\/v2\/media\/178769"}],"wp:attachment":[{"href":"https:\/\/bigbuy.tupique.com\/pt\/wp-json\/wp\/v2\/media?parent=178770"}],"wp:term":[{"taxonomy":"product_brand","embeddable":true,"href":"https:\/\/bigbuy.tupique.com\/pt\/wp-json\/wp\/v2\/product_brand?post=178770"},{"taxonomy":"product_cat","embeddable":true,"href":"https:\/\/bigbuy.tupique.com\/pt\/wp-json\/wp\/v2\/product_cat?post=178770"},{"taxonomy":"product_tag","embeddable":true,"href":"https:\/\/bigbuy.tupique.com\/pt\/wp-json\/wp\/v2\/product_tag?post=178770"}],"curies":[{"name":"wp","href":"https:\/\/api.w.org\/{rel}","templated":true}]}}